{"id":12,"date":"2019-06-21T09:55:01","date_gmt":"2019-06-21T07:55:01","guid":{"rendered":"http:\/\/localhost\/innova\/?page_id=12"},"modified":"2025-08-15T08:56:21","modified_gmt":"2025-08-15T06:56:21","slug":"schulung","status":"publish","type":"page","link":"https:\/\/innova-swiss.com\/en\/training\/","title":{"rendered":"TRAINING"},"content":{"rendered":"<div data-elementor-type=\"wp-post\" data-elementor-id=\"12\" class=\"elementor elementor-12\" data-elementor-post-type=\"page\">\n\t\t\t\t\t\t<section class=\"elementor-section elementor-top-section elementor-element elementor-element-0ad71a8 elementor-section-boxed elementor-section-height-default elementor-section-height-default\" data-id=\"0ad71a8\" data-element_type=\"section\" data-e-type=\"section\">\n\t\t\t\t\t\t<div class=\"elementor-container elementor-column-gap-wide\">\n\t\t\t\t\t<div class=\"elementor-column elementor-col-33 elementor-top-column elementor-element elementor-element-fcfbf8c\" data-id=\"fcfbf8c\" data-element_type=\"column\" data-e-type=\"column\">\n\t\t\t<div class=\"elementor-widget-wrap elementor-element-populated\">\n\t\t\t\t\t\t<div class=\"elementor-element elementor-element-130a4b1 elementor-widget elementor-widget-image\" data-id=\"130a4b1\" data-element_type=\"widget\" data-e-type=\"widget\" data-widget_type=\"image.default\">\n\t\t\t\t<div class=\"elementor-widget-container\">\n\t\t\t\t\t\t\t\t\t\t\t\t\t\t\t<img fetchpriority=\"high\" decoding=\"async\" width=\"350\" height=\"266\" src=\"https:\/\/innova-swiss.com\/wp-content\/uploads\/team-mem2-2.jpg\" class=\"attachment-full size-full wp-image-8277\" alt=\"Manuela Rohracker\" srcset=\"https:\/\/innova-swiss.com\/wp-content\/uploads\/team-mem2-2.jpg 350w, https:\/\/innova-swiss.com\/wp-content\/uploads\/team-mem2-2-150x114.jpg 150w, https:\/\/innova-swiss.com\/wp-content\/uploads\/team-mem2-2-264x201.jpg 264w, https:\/\/innova-swiss.com\/wp-content\/uploads\/team-mem2-2-300x228.jpg 300w, https:\/\/innova-swiss.com\/wp-content\/uploads\/team-mem2-2-16x12.jpg 16w\" sizes=\"(max-width: 360px) 147px, (max-width: 350px) 100vw, 350px\" \/>\t\t\t\t\t\t\t\t\t\t\t\t\t\t\t<\/div>\n\t\t\t\t<\/div>\n\t\t\t\t\t<\/div>\n\t\t<\/div>\n\t\t\t\t<div class=\"elementor-column elementor-col-66 elementor-top-column elementor-element elementor-element-6271cf2\" data-id=\"6271cf2\" data-element_type=\"column\" data-e-type=\"column\">\n\t\t\t<div class=\"elementor-widget-wrap elementor-element-populated\">\n\t\t\t\t\t\t<div class=\"elementor-element elementor-element-db94c35 elementor-widget elementor-widget-html\" data-id=\"db94c35\" data-element_type=\"widget\" data-e-type=\"widget\" data-widget_type=\"html.default\">\n\t\t\t\t<div class=\"elementor-widget-container\">\n\t\t\t\t\t<div class=\"training-txt\">\n<h1>INNOVA-SWISS Training Management<\/h3>\n<h2>Manuela M\u00fchlberger (formerly Rohracker)<\/h3>\n<p>Nutritionist, Health Counselor, Psychological Counselor\nMassage practitioner, Kinesiology as life advisor,\nBQAS seminar leader, training as a non-medical practitioner (graduated from Impulse e.V.)<\/p>\n<p><b>Address:<\/b> Austria<\/p>\n<p>Manuela M\u00fchlberger<p><\/p>\nDanner 12\u00a0<p><\/p>\nA-4971 Aurolzm\u00fcnster <p><\/p>\n\n<\/p>\n<p><b>Phone:<\/b> <a href=\"tel:004917684119281\">+49 176 84119281<\/a><\/p>\n<p><b>E-mail address:<\/b> <a href=\"mailto:wissen-um-gesundheit@gmx.de\">wissen-um-gesundheit@gmx.de<\/a><\/p>\n<p><b>Email registration for the BQAS &amp; VECTOR online training:<\/b> <a href=\"https:\/\/www.wissen-um-gesundheit.de\/\" target=\"_blank\" rel=\"noopener\">www.wissen-um-gesundheit.de<\/a><\/p>\n<\/div>\t\t\t\t<\/div>\n\t\t\t\t<\/div>\n\t\t\t\t\t<\/div>\n\t\t<\/div>\n\t\t\t\t\t<\/div>\n\t\t<\/section>\n\t\t\t\t<section class=\"elementor-section elementor-top-section elementor-element elementor-element-236b4ff elementor-section-boxed elementor-section-height-default elementor-section-height-default\" data-id=\"236b4ff\" data-element_type=\"section\" data-e-type=\"section\">\n\t\t\t\t\t\t<div class=\"elementor-container elementor-column-gap-default\">\n\t\t\t\t\t<div class=\"elementor-column elementor-col-50 elementor-top-column elementor-element elementor-element-7a71071\" data-id=\"7a71071\" data-element_type=\"column\" data-e-type=\"column\">\n\t\t\t<div class=\"elementor-widget-wrap elementor-element-populated\">\n\t\t\t\t\t\t<div class=\"elementor-element elementor-element-4996679 elementor-widget elementor-widget-html\" data-id=\"4996679\" data-element_type=\"widget\" data-e-type=\"widget\" data-widget_type=\"html.default\">\n\t\t\t\t<div class=\"elementor-widget-container\">\n\t\t\t\t\t<div class=\"training-txt\">\n    <h4>Catchment area for training participants: Germany - Austria and Switzerland<\/h4>\n    <p>I have specialised in online webinars, as I see this as an opportunity for everyone to view the seminars at home within their own walls. The modules (28 of them) are divided into 10 - 15 minutes of videos (including worksheets and mind maps), so you can choose to learn on a daily basis (20 - 30 minutes) or for a complete weekend. They can be called up at any time of day or night and can be watched as often as you like.\n\nTranslated with www.DeepL.com\/Translator (free version)<\/p>\n    <p>On my side <a href=\"https:\/\/www.wissen-um-gesundheit.de\/\" target=\"_blank\" rel=\"noopener\">www.wissen-um-gesundheit.de<\/a> you will find the basic course, which contains the following topics: Heart, brain, gastrointestinal tract, skin, lungs, kidney and bladder, liver, bile, pancreas, bones, general physical condition, toxins, thymus gland, allergies, emotional aspects, Bach flowers, autogenic training and meridians. In addition, basic knowledge about the settings of the BQAS and the correct measurement.<\/p>\n<\/div>\t\t\t\t<\/div>\n\t\t\t\t<\/div>\n\t\t\t\t\t<\/div>\n\t\t<\/div>\n\t\t\t\t<div class=\"elementor-column elementor-col-50 elementor-top-column elementor-element elementor-element-a1f3aaa\" data-id=\"a1f3aaa\" data-element_type=\"column\" data-e-type=\"column\">\n\t\t\t<div class=\"elementor-widget-wrap elementor-element-populated\">\n\t\t\t\t\t\t<div class=\"elementor-element elementor-element-e4825f1 elementor-widget elementor-widget-html\" data-id=\"e4825f1\" data-element_type=\"widget\" data-e-type=\"widget\" data-widget_type=\"html.default\">\n\t\t\t\t<div class=\"elementor-widget-container\">\n\t\t\t\t\t<div class=\"training-txt\">\n    <p>After purchasing the webinar via Paypal, you will receive an e-mail with the access data within a few minutes and can start immediately. The price of 195,- Euro includes all video modules, the worksheets, the mind maps and the certificate by mail. The modules on the organ systems are structured as follows: Anatomy, physiology, pathology, emergencies, values in BQAS and connections with other organ systems.\n<\/p>\n<p>From now on, I will also offer seminars in Munich, Rosenheim and Passau (same content as the webinar, 290,- Euro for 2 days, including lunch and coffee). Please register directly by email - or phone!<\/p>\n    <\/div>\t\t\t\t<\/div>\n\t\t\t\t<\/div>\n\t\t\t\t\t<\/div>\n\t\t<\/div>\n\t\t\t\t\t<\/div>\n\t\t<\/section>\n\t\t\t\t<\/div>","protected":false},"excerpt":{"rendered":"<p>INNOVA-SWISS Schulungsleitung Manuela M\u00fchlberger (vormals Rohracker) Ern\u00e4hrungsberaterin, Gesundheitsberaterin, Psychologische Beraterin Massagepraktikerin, Kinesiologie als Lebensberarater, BQAS Seminarleiterin, Ausbildung zur Heilpraktikerin (Abschluss der Impulse e.V.) Adresse: \u00d6sterreich Manuela M\u00fchlberger Danner 12\u00a0 A-4971 Aurolzm\u00fcnster Telefon: +49 176 84119281 E-Mail-Adresse: wissen-um-gesundheit@gmx.de E-Mail Anmeldung f\u00fcr die BQAS &amp; VECTOR Online-Schulung: www.wissen-um-gesundheit.de Einzugsgebiet f\u00fcr Schulungsteilnehmer: Deutschland &#8211; \u00d6sterreich und die Schweiz [&hellip;]<\/p>\n","protected":false},"author":1,"featured_media":0,"parent":0,"menu_order":0,"comment_status":"closed","ping_status":"closed","template":"elementor_header_footer","meta":{"footnotes":""},"class_list":["post-12","page","type-page","status-publish","hentry"],"_links":{"self":[{"href":"https:\/\/innova-swiss.com\/en\/wp-json\/wp\/v2\/pages\/12","targetHints":{"allow":["GET"]}}],"collection":[{"href":"https:\/\/innova-swiss.com\/en\/wp-json\/wp\/v2\/pages"}],"about":[{"href":"https:\/\/innova-swiss.com\/en\/wp-json\/wp\/v2\/types\/page"}],"author":[{"embeddable":true,"href":"https:\/\/innova-swiss.com\/en\/wp-json\/wp\/v2\/users\/1"}],"replies":[{"embeddable":true,"href":"https:\/\/innova-swiss.com\/en\/wp-json\/wp\/v2\/comments?post=12"}],"version-history":[{"count":6,"href":"https:\/\/innova-swiss.com\/en\/wp-json\/wp\/v2\/pages\/12\/revisions"}],"predecessor-version":[{"id":24497,"href":"https:\/\/innova-swiss.com\/en\/wp-json\/wp\/v2\/pages\/12\/revisions\/24497"}],"wp:attachment":[{"href":"https:\/\/innova-swiss.com\/en\/wp-json\/wp\/v2\/media?parent=12"}],"curies":[{"name":"wp","href":"https:\/\/api.w.org\/{rel}","templated":true}]}}