{"id":23034,"date":"2024-08-05T01:43:42","date_gmt":"2024-08-04T23:43:42","guid":{"rendered":"https:\/\/www.innova-swiss.com\/?page_id=23034"},"modified":"2024-08-07T17:36:48","modified_gmt":"2024-08-07T15:36:48","slug":"empfehlungssystem-nadh-copy-copy","status":"publish","type":"page","link":"https:\/\/innova-swiss.com\/en\/recommendation-system-nadh-copy-copy\/","title":{"rendered":"empfehlungssystem Nadh &#8211; Copy &#8211; Copy"},"content":{"rendered":"\t\t<div data-elementor-type=\"wp-page\" data-elementor-id=\"23034\" class=\"elementor elementor-23034\" data-elementor-post-type=\"page\">\n\t\t\t\t<div class=\"elementor-element elementor-element-275df49e e-flex e-con-boxed e-con e-parent\" data-id=\"275df49e\" data-element_type=\"container\" data-e-type=\"container\">\n\t\t\t\t\t<div class=\"e-con-inner\">\n\t\t\t\t<div class=\"elementor-element elementor-element-a132c0b elementor-widget elementor-widget-html\" data-id=\"a132c0b\" data-element_type=\"widget\" data-e-type=\"widget\" data-widget_type=\"html.default\">\n\t\t\t\t<div class=\"elementor-widget-container\">\n\t\t\t\t\t<!DOCTYPE html>\r\n<html lang=\"de\">\r\n<head>\r\n    <meta charset=\"UTF-8\">\r\n    <meta name=\"viewport\" content=\"width=device-width, initial-scale=1.0\">\r\n    <title>NADH Produktfinder<\/title>\r\n    <style>\r\n        body {\r\n            font-family: Arial, sans-serif;\r\n            background-color: #f0f0f0;\r\n            color: black;\r\n            line-height: 1.6;\r\n            padding: 20px;\r\n        }\r\n        .container {\r\n            max-width: 800px;\r\n            margin: 0 auto;\r\n            background-color: white;\r\n            padding: 30px;\r\n            border-radius: 10px;\r\n            box-shadow: 0 0 10px rgba(0,0,0,0.1);\r\n        }\r\n        h1 {\r\n            color: #003366;\r\n            text-align: center;\r\n            font-size: 28px;\r\n        }\r\n        .instructions {\r\n            background-color: #e6f3ff;\r\n            border: 2px solid #003366;\r\n            padding: 15px;\r\n            margin-bottom: 20px;\r\n            border-radius: 5px;\r\n            font-size: 18px;\r\n        }\r\n        .question {\r\n            font-size: 24px;\r\n            font-weight: bold;\r\n            margin-bottom: 20px;\r\n            color: #003366;\r\n        }\r\n        .button {\r\n            display: block;\r\n            width: 100%;\r\n            padding: 15px;\r\n            margin-bottom: 15px;\r\n            background-color: #003366;\r\n            color: white;\r\n            border: none;\r\n            border-radius: 5px;\r\n            font-size: 20px;\r\n            cursor: pointer;\r\n            text-align: left;\r\n        }\r\n        .button:hover {\r\n            background-color: #004080;\r\n        }\r\n        #result {\r\n            font-size: 20px;\r\n            margin-top: 20px;\r\n        }\r\n        #buy-button {\r\n            display: block;\r\n            width: 100%;\r\n            padding: 20px;\r\n            background-color: #009900;\r\n            color: white;\r\n            border: none;\r\n            border-radius: 5px;\r\n            font-size: 24px;\r\n            cursor: pointer;\r\n            text-align: center;\r\n            text-decoration: none;\r\n            margin-top: 20px;\r\n        }\r\n        #buy-button:hover {\r\n            background-color: #00b300;\r\n        }\r\n        #back-button {\r\n            display: block;\r\n            text-align: center;\r\n            margin-top: 20px;\r\n            color: #666;\r\n            text-decoration: none;\r\n            font-size: 14px;\r\n        }\r\n        #back-button:hover {\r\n            text-decoration: underline;\r\n        }\r\n    <\/style>\r\n<\/head>\r\n<body>\r\n    <div class=\"container\">\r\n        <h1>NADH Produktfinder<\/h1>\r\n        \r\n        <div class=\"instructions\">\r\n            <strong>So funktioniert es:<\/strong>\r\n            <ol>\r\n                <li>Lesen Sie die Frage unten.<\/li>\r\n                <li>Klicken Sie auf den blauen Knopf mit der Antwort, die am besten zu Ihnen passt.<\/li>\r\n                <li>Sie erhalten dann eine Produktempfehlung mit einem gr\u00fcnen Kaufen-Knopf.<\/li>\r\n            <\/ol>\r\n        <\/div>\r\n\r\n        <div id=\"quiz-area\">\r\n            <div class=\"question\" id=\"question\"><\/div>\r\n            <div id=\"options\"><\/div>\r\n        <\/div>\r\n\r\n        <div id=\"result\"><\/div>\r\n        \r\n        <a href=\"#\" id=\"back-button\" style=\"display: none;\">- zur\u00fcck -<\/a>\r\n    <\/div>\r\n\r\n    <script>\r\n        const question = {\r\n            text: \"Wof\u00fcr m\u00f6chten Sie NADH haupts\u00e4chlich verwenden?\",\r\n            options: [\r\n                {text: \"F\u00fcr mehr Energie im Alltag\", product: \"NADH 40plus \u2013 Zellenergie Deluxe\", link: \"https:\/\/innova-swiss.com\/produkt\/nadh-40-plus-zellregeneration\/\"},\r\n                {text: \"F\u00fcr ein gesundes Herz\", product: \"NADH plus Ubichinon CoQ10 \u2013 Herz-Kreislauf Formel\", link: \"https:\/\/innova-swiss.com\/produkt\/nadh-coenzymq10\/\"},\r\n                {text: \"F\u00fcr besseren Schlaf\", product: \"NADH Schlafgut Lutschpastillen\", link: \"https:\/\/innova-swiss.com\/produkt\/nadh-schlafgut-30-lutschpastillen\/\"},\r\n                {text: \"F\u00fcr Entgiftung des K\u00f6rpers\", product: \"NADH plus CHLORELLA \u2013 Zellschutz-Formel\", link: \"https:\/\/innova-swiss.com\/produkt\/nadh-plus-chlorella-blut-naehrstoff\/\"},\r\n                {text: \"F\u00fcr mehr Leistung beim Sport\", product: \"SPORT-NADH plus BCAA \u2013 Leistungs-Optimierungs-Komplex\", link: \"https:\/\/innova-swiss.com\/produkt\/sport-nadh-plus-bcaa\/\"},\r\n                {text: \"F\u00fcr Nervenentspannung\", product: \"NADH plus L-TRYPTOPHAN \u2013 Nerven-Balance Komplex\", link: \"https:\/\/innova-swiss.com\/produkt\/einschlaf-tipps-nadh-l-tryptophan\/\"}\r\n            ]\r\n        };\r\n\r\n        function showQuestion() {\r\n            document.getElementById('question').textContent = question.text;\r\n            const optionsEl = document.getElementById('options');\r\n            optionsEl.innerHTML = '';\r\n            question.options.forEach(option => {\r\n                const button = document.createElement('button');\r\n                button.textContent = option.text;\r\n                button.classList.add('button');\r\n                button.onclick = () => showResult(option);\r\n                optionsEl.appendChild(button);\r\n            });\r\n            document.getElementById('back-button').style.display = 'none';\r\n        }\r\n\r\n        function showResult(option) {\r\n            const resultEl = document.getElementById('result');\r\n            const quizArea = document.getElementById('quiz-area');\r\n\r\n            quizArea.style.display = 'none';\r\n            resultEl.innerHTML = `\r\n                <p>Basierend auf Ihrer Antwort empfehlen wir Ihnen:<\/p>\r\n                <p><strong>${option.product}<\/strong><\/p>\r\n                <p>Dieses Produkt k\u00f6nnte Ihnen helfen, Ihr Wohlbefinden zu verbessern.<\/p>\r\n                <a id=\"buy-button\" href=\"${option.link}\" target=\"_blank\">Jetzt kaufen<\/a>\r\n                <p style=\"margin-top: 20px; font-size: 16px;\">Wichtig: Bitte sprechen Sie mit einem Arzt, bevor Sie neue Nahrungserg\u00e4nzungsmittel einnehmen.<\/p>\r\n            `;\r\n            document.getElementById('back-button').style.display = 'block';\r\n        }\r\n\r\n        document.getElementById('back-button').addEventListener('click', function(e) {\r\n            e.preventDefault();\r\n            document.getElementById('result').innerHTML = '';\r\n            document.getElementById('quiz-area').style.display = 'block';\r\n            showQuestion();\r\n        });\r\n\r\n        showQuestion();\r\n    <\/script>\r\n<\/body>\r\n<\/html>\t\t\t\t<\/div>\n\t\t\t\t<\/div>\n\t\t\t\t\t<\/div>\n\t\t\t\t<\/div>\n\t\t\t\t<\/div>\n\t\t","protected":false},"excerpt":{"rendered":"<p>NADH Produktfinder NADH Produktfinder So funktioniert es: Lesen Sie die Frage unten. Klicken Sie auf den blauen Knopf mit der Antwort, die am besten zu Ihnen passt. Sie erhalten dann eine Produktempfehlung mit einem gr\u00fcnen Kaufen-Knopf. &#8211; zur\u00fcck &#8211;<\/p>","protected":false},"author":2463,"featured_media":0,"parent":0,"menu_order":0,"comment_status":"closed","ping_status":"closed","template":"elementor_canvas","meta":{"footnotes":""},"class_list":["post-23034","page","type-page","status-publish","hentry"],"_links":{"self":[{"href":"https:\/\/innova-swiss.com\/en\/wp-json\/wp\/v2\/pages\/23034","targetHints":{"allow":["GET"]}}],"collection":[{"href":"https:\/\/innova-swiss.com\/en\/wp-json\/wp\/v2\/pages"}],"about":[{"href":"https:\/\/innova-swiss.com\/en\/wp-json\/wp\/v2\/types\/page"}],"author":[{"embeddable":true,"href":"https:\/\/innova-swiss.com\/en\/wp-json\/wp\/v2\/users\/2463"}],"replies":[{"embeddable":true,"href":"https:\/\/innova-swiss.com\/en\/wp-json\/wp\/v2\/comments?post=23034"}],"version-history":[{"count":0,"href":"https:\/\/innova-swiss.com\/en\/wp-json\/wp\/v2\/pages\/23034\/revisions"}],"wp:attachment":[{"href":"https:\/\/innova-swiss.com\/en\/wp-json\/wp\/v2\/media?parent=23034"}],"curies":[{"name":"wp","href":"https:\/\/api.w.org\/{rel}","templated":true}]}}