{"id":623,"date":"2019-07-23T12:32:10","date_gmt":"2019-07-23T10:32:10","guid":{"rendered":"http:\/\/innova-swiss.galagali.info\/?page_id=623"},"modified":"2025-01-08T16:25:17","modified_gmt":"2025-01-08T15:25:17","slug":"impressum","status":"publish","type":"page","link":"https:\/\/innova-swiss.com\/en\/imprint\/","title":{"rendered":"Imprint"},"content":{"rendered":"<h1>INNOVA SWISS - Imprint<\/h1>\n<h4>INNOVA-SWISS AG<\/h4>\n<p><b>Address:<\/b><\/p>\n<p>to the attention of V. Gudelow<\/p>\n<p>Aegeristrasse 5, 6300 Zug, Switzerland<\/p>\n<h4>Commercial register number<\/h4>\n<p>CHE-114.665.689<\/p>\n<h4>Board of Directors<\/h4>\n<p>Wilhelm Gudelow<\/p>\n<h4>Email<\/h4>\n<p>office@innova-swiss.com<\/p>\n<h4>Purpose<\/h4>\n<p>Provision of services in development, design, production and marketing<br \/>\nof high-quality food supplements with the basic active ingredient NADH (coenzyme 1);<br \/>\nMarketing of medical and lifestyle products<\/p>\n<p>&nbsp;<\/p>\n<p style=\"font-weight: 400\">Best regards<\/p>\n<p style=\"font-weight: 400\"><strong>Ernest E. Kraxner<\/strong> | CEO GNP-INTERNATIONAL<\/p>\n<p style=\"font-weight: 400\"><strong><u>Marketing Office\/Marketing Office<\/u><\/strong><\/p>\n<p style=\"font-weight: 400\"><span style=\"color: #ff0000\"><strong style=\"font-weight: 600\">GNP ASSOCIATION INC.<\/strong><\/span><\/p>\n<p style=\"font-weight: 400\">Dr.Tillygasse 2<\/p>\n<p style=\"font-weight: 400\">A-8046 Graz-Austria<\/p>\n<p style=\"font-weight: 400\"><strong>Mobile:<\/strong> +43 664 342 42 99<\/p>\n<p style=\"font-weight: 400\"><strong>Email:<\/strong>\u00a0<a href=\"mailto:marketing@gn-products.com\">marketing@gn-products.com<\/a><\/p>\n<p style=\"font-weight: 400\"><strong><u>Invoice address<\/u><\/strong><\/p>\n<p style=\"font-weight: 400\"><span style=\"color: #ff0000\"><strong style=\"font-weight: 600\">GNP ASSOCIATION INC.<\/strong><\/span><\/p>\n<p style=\"font-weight: 400\">Florianiplatz 12<\/p>\n<p style=\"font-weight: 400\">A-8200 Gleisdorf-Austria<\/p>\n<p style=\"font-weight: 400\"><strong>Email:<\/strong>\u00a0<a href=\"mailto:office@gn-products.com\">office@gn-products.com<\/a><\/p>\n<p style=\"font-weight: 400\"><strong>ATU..:<\/strong> 61903257<\/p>\n<p style=\"font-weight: 400\"><strong>\u00d6st.<\/strong> Company register number: 262669d<\/p>\n<p style=\"font-weight: 400\"><strong>EORI no:<\/strong> ATEOS1000009861<\/p>\n<p style=\"font-weight: 400\"><strong style=\"font-weight: 600\">Websites:<\/strong><\/p>\n<p style=\"font-weight: 400\"><a href=\"http:\/\/www.gesundlebenshop.at\/\" target=\"_blank\" rel=\"noopener\">www.gesundlebenshop.at<\/a><\/p>\n<p style=\"font-weight: 400\"><a href=\"http:\/\/www.gesundlebenshop.de\/\" target=\"_blank\" rel=\"noopener\">www.gesundlebenshop.de<\/a><\/p>\n<p>&nbsp;<\/p>\n<h4>(COO):BQAS-Ursprungsland\/Country of origin (COO):<\/h4>\n<p>Software: USA - Hardware: China<\/p>\n<h4>BQAS software - further development registered under Austrian patent law:<\/h4>\n<p>GNP-Austria<\/p>\n<h4>trademark protection<\/h4>\n<p>BQAS trademark protection for Austria No. 291180 by GNP GLOBAL NADH PRODUCTS. EU application to follow!<\/p>\n<p><a href=\"https:\/\/innova-swiss.com\/wp-content\/uploads\/Datenschutzerkl\u00e4rung-1.pdf\" target=\"_blank\" rel=\"noopener noreferrer\">Privacy policy as PDF-Download<\/a><\/p>","protected":false},"excerpt":{"rendered":"<p>INNOVA SWISS &#8211; Impressum INNOVA-SWISS AG Adresse z.H. W. Gudelow Aegeristrasse 5, 6300 Zug, Switzerland Handelsregister-Nummer CHE-114.665.689 Verwaltungsrat Wilhelm Gudelow Email office@innova-swiss.com Zweck Erbringung von Dienstleistungen in Entwicklung, Design, Produktion und Vermarktung von hochwertigen Nahrungserg\u00e4nzungsmitteln mit dem Basiswirkstoff NADH (Coenzym 1); Vermarktung von Sanit\u00e4ts- und Lifestyle Produkten &nbsp; Beste Gr\u00fc\u00dfe\/best regards Ernest E. Kraxner | [&hellip;]<\/p>\n","protected":false},"author":1,"featured_media":0,"parent":0,"menu_order":0,"comment_status":"closed","ping_status":"closed","template":"elementor_header_footer","meta":{"footnotes":""},"class_list":["post-623","page","type-page","status-publish","hentry"],"_links":{"self":[{"href":"https:\/\/innova-swiss.com\/en\/wp-json\/wp\/v2\/pages\/623","targetHints":{"allow":["GET"]}}],"collection":[{"href":"https:\/\/innova-swiss.com\/en\/wp-json\/wp\/v2\/pages"}],"about":[{"href":"https:\/\/innova-swiss.com\/en\/wp-json\/wp\/v2\/types\/page"}],"author":[{"embeddable":true,"href":"https:\/\/innova-swiss.com\/en\/wp-json\/wp\/v2\/users\/1"}],"replies":[{"embeddable":true,"href":"https:\/\/innova-swiss.com\/en\/wp-json\/wp\/v2\/comments?post=623"}],"version-history":[{"count":0,"href":"https:\/\/innova-swiss.com\/en\/wp-json\/wp\/v2\/pages\/623\/revisions"}],"wp:attachment":[{"href":"https:\/\/innova-swiss.com\/en\/wp-json\/wp\/v2\/media?parent=623"}],"curies":[{"name":"wp","href":"https:\/\/api.w.org\/{rel}","templated":true}]}}