{"id":8,"date":"2019-06-21T09:54:20","date_gmt":"2019-06-21T07:54:20","guid":{"rendered":"http:\/\/localhost\/innova\/?page_id=8"},"modified":"2021-04-21T08:28:42","modified_gmt":"2021-04-21T06:28:42","slug":"ueber-uns","status":"publish","type":"page","link":"https:\/\/innova-swiss.com\/en\/about-us\/","title":{"rendered":"About us"},"content":{"rendered":"<div data-elementor-type=\"wp-post\" data-elementor-id=\"8\" class=\"elementor elementor-8\" data-elementor-post-type=\"page\">\n\t\t\t\t\t\t<section class=\"elementor-section elementor-top-section elementor-element elementor-element-6caebd0 elementor-section-boxed elementor-section-height-default elementor-section-height-default\" data-id=\"6caebd0\" data-element_type=\"section\" data-e-type=\"section\">\n\t\t\t\t\t\t<div class=\"elementor-container elementor-column-gap-default\">\n\t\t\t\t\t<div class=\"elementor-column elementor-col-100 elementor-top-column elementor-element elementor-element-f45f4e1 gap-bottom\" data-id=\"f45f4e1\" data-element_type=\"column\" data-e-type=\"column\" data-settings=\"{&quot;background_background&quot;:&quot;classic&quot;}\">\n\t\t\t<div class=\"elementor-widget-wrap elementor-element-populated\">\n\t\t\t\t\t\t<div class=\"elementor-element elementor-element-45fd0db elementor-widget elementor-widget-html\" data-id=\"45fd0db\" data-element_type=\"widget\" data-e-type=\"widget\" data-widget_type=\"html.default\">\n\t\t\t\t<div class=\"elementor-widget-container\">\n\t\t\t\t\t<fieldset>\r\n\t<legend align=\"left\"><img decoding=\"async\" src=\"https:\/\/innova-swiss.com\/wp-content\/uploads\/board-of-director.jpg\"><\/legend>\r\n<h3 class=\"expert-name\">Wilhelm Gudelow<\/h3>\r\n<h3>Board of Directors of INNOVA SWISS AG<\/h3>\r\n<p>Our company was founded in 2016 with the aim of gaining an exclusive foothold in the European market with world-first medical technology devices. Our products are medical lifestyle devices, which are offered to doctors, therapists, alternative practitioners as well as end users.<\/p>\r\n<p>We have to call them lifestyle devices because they are not recognized by science or conventional medicine. These are, for example, devices that carry out highly professional scalar wave measurements (scalar waves were discovered by Nikola Tesla in 1856 - 1943) on humans and animals (such as our BQAS and ANIMALIUM device). Or the new Laser Watch to promote blood circulation, the effective results of which can then be checked with a capillary microscope - to name just a few devices.<\/p>\r\n<p>Innova Swiss AG has gained a very good international reputation in a very short time thanks to its top price\/performance ratio, perfect service and punctual delivery.<\/p>\r\n<p>The cooperation with the international group of companies GNP GLOBAL NATURE PRODUCTS ASSOCIATION INC. Oregon USA led to our entry into the dietary supplement market. Since 2018, we have also been the exclusive distributor of GNP's complete range of NADH products.<\/p>\r\n<p>Our focus is always on the customer. We endeavor to meet the requirements placed on us or demanded by the market in the best possible way.<\/p>\r\n<p>In this sense, stay and\/or become healthy.<\/p>\r\n<p>Your<\/p>\r\n<p>Wilhelm Gudelow<\/p>\r\n<p>INNOVA SWISS AG<\/p>\r\n<\/fieldset>\t\t\t\t<\/div>\n\t\t\t\t<\/div>\n\t\t\t\t\t<\/div>\n\t\t<\/div>\n\t\t\t\t\t<\/div>\n\t\t<\/section>\n\t\t\t\t<section class=\"elementor-section elementor-top-section elementor-element elementor-element-ae8d359 gap elementor-section-boxed elementor-section-height-default elementor-section-height-default\" data-id=\"ae8d359\" data-element_type=\"section\" data-e-type=\"section\">\n\t\t\t\t\t\t<div class=\"elementor-container elementor-column-gap-default\">\n\t\t\t\t\t<div class=\"elementor-column elementor-col-100 elementor-top-column elementor-element elementor-element-d7a8eac\" data-id=\"d7a8eac\" data-element_type=\"column\" data-e-type=\"column\">\n\t\t\t<div class=\"elementor-widget-wrap elementor-element-populated\">\n\t\t\t\t\t\t<div class=\"elementor-element elementor-element-1bbcfcc elementor-widget elementor-widget-html\" data-id=\"1bbcfcc\" data-element_type=\"widget\" data-e-type=\"widget\" data-widget_type=\"html.default\">\n\t\t\t\t<div class=\"elementor-widget-container\">\n\t\t\t\t\t<fieldset>\r\n\t<legend align=\"left\"><img decoding=\"async\" src=\"https:\/\/innova-swiss.com\/wp-content\/uploads\/ernest-kraxner.jpg\"><\/legend>\r\n<h3 class=\"expert-name\">Ernest E. Kraxner <\/h3>\r\n<h3>CEO GNP INTERNATIONAL &amp; General Licensor for INNOVA SWISS AG - Europe<\/h3>\r\n<h3>The best for your health!<\/h3>\r\n<p><b>INNOVA SWISS AG<\/b> is exclusive distribution partner in Europe, from <b>GNP GLOBAL NATURE PRODUCTS Oregon\/USA<\/b> (General Distributor worldwide) and thus entitled to acquire national distribution partners in European countries.<\/p>\r\n<p><b>GNP GLOBAL NATURE PRODUCTS ASSOCIATION INC.<\/b> was founded by me in 2005 in OREGON\/USA, where I am still CEO. Before that, I was a project partner of Prof. J\u00f6rg Birkmayer from Vienna for several years. We also owned a joint international patent, which is now in my possession (due to the total of 4 insolvencies of Prof. Birkmayer including private bankruptcy).<\/p>\r\n<p> In 2006, the independent branch office <b>GNP\/Gleisdorf\/Austria,<\/b> the new start with <b>NADH sublingual lozenges<\/b> in Europe.<\/p>\r\n<p>Fast-acting, sublingual lozenges were already a big seller in the USA at the time, as the active ingredients are absorbed via the oral mucosa and reach the brain directly, thus ensuring a rapid, unimpaired effect.<\/p>\r\n<p>We at GNP started with the AX|10 NADH plus Spriulina, today <b>called CX|10 - NADH plus Chlorella (clears your head),<\/b> followed in 2007 with the 2nd lozenge <b>SX|10 NADH plus L-Arginine (LIBIDOENERGY for MAN &amp; WOMAN).<\/b> This lozenge has been imitated by many people, but is still not available due to the <b>GNP recipe and special dosage,<\/b> unchallenged the <b>Number 1 on the international market.<\/b><\/p>\r\n<p>The same applies to <b>Price\/performance of GNP NADH PRODUCTS,<\/b> whose product range today <b>13 NADH products<\/b> (i.e. 8 lozenges - 1 microtablet and 4 tablets). GNP-NADH products are also successfully sold in China and Taiwan.<\/p>\r\n<p>\r\n<b>What makes the success? We stand for the guaranteed authenticity of the products!<\/b>\r\nAll NADH products (dietary supplements) for Europe\/USA and Asia are produced by GNP\/USA in a patented formula and private label on a license basis in Austria. GNP offers all of its NADH products for protection against humidity exclusively in Austria. <b>blistered<\/b> (diffusion-tight).\r\n<\/p>\r\n<p>The from <b>GNP\/USA<\/b> NADH products, developed exclusively with doctors and nutritionists, are <b>Austrian Agency for Food Safety \"AGES\" or the Technical University of Graz\/Austria by O. Univ. Prof. Dr. Pfannhauser, tested according to the guidelines of the EROPEAN HEALTH CLAIMS REGULATIONS and certified as marketable.<\/b><\/p>\r\n\r\n<p>We have been supplying our sales partners for over 12 years: <b>Pharmacies, drugstores, wellness and beauty hotels, doctors, therapists, alternative practitioners and nutritionists as well as selected Internet providers and our numerous, loyal end consumers.<\/b><\/p>\r\n\r\n<p>Name and our seriousness stand behind GNP-NADH products. Thank you for your many years of trust.\r\n<\/p>\r\n<p><b>NADH is good for all people!<\/b><\/p>\r\n\r\n<p>Your<\/p>\r\n<p>Ernest E. Kraxner<\/p>\r\n<p>CEO GNP INTERNATIONAL - October 2019<\/p>\r\n<\/fieldset>\t\t\t\t<\/div>\n\t\t\t\t<\/div>\n\t\t\t\t\t<\/div>\n\t\t<\/div>\n\t\t\t\t\t<\/div>\n\t\t<\/section>\n\t\t\t\t<\/div>","protected":false},"excerpt":{"rendered":"<p>Wilhelm Gudelow Board of Directors of INNOVA SWISS AG Unser Unternehmen wurde im Jahr 2016 gegr\u00fcndet mit dem Ziel, mit weltneuen, medizintechnischen Ger\u00e4ten, exklusiv am europ\u00e4ischen Markt Fu\u00df zu fassen. Es handelt sich bei unseren Produkten um medizinische Lifestyleger\u00e4te, die sowohl \u00c4rzten, Therapeuten, Heilpraktikern als auch Endverbrauchern angeboten werden. Lifestyleger\u00e4t m\u00fcssen wir sie deshalb bezeichnen, [&hellip;]<\/p>\n","protected":false},"author":1,"featured_media":0,"parent":0,"menu_order":0,"comment_status":"closed","ping_status":"closed","template":"","meta":{"footnotes":""},"class_list":["post-8","page","type-page","status-publish","hentry"],"_links":{"self":[{"href":"https:\/\/innova-swiss.com\/en\/wp-json\/wp\/v2\/pages\/8","targetHints":{"allow":["GET"]}}],"collection":[{"href":"https:\/\/innova-swiss.com\/en\/wp-json\/wp\/v2\/pages"}],"about":[{"href":"https:\/\/innova-swiss.com\/en\/wp-json\/wp\/v2\/types\/page"}],"author":[{"embeddable":true,"href":"https:\/\/innova-swiss.com\/en\/wp-json\/wp\/v2\/users\/1"}],"replies":[{"embeddable":true,"href":"https:\/\/innova-swiss.com\/en\/wp-json\/wp\/v2\/comments?post=8"}],"version-history":[{"count":0,"href":"https:\/\/innova-swiss.com\/en\/wp-json\/wp\/v2\/pages\/8\/revisions"}],"wp:attachment":[{"href":"https:\/\/innova-swiss.com\/en\/wp-json\/wp\/v2\/media?parent=8"}],"curies":[{"name":"wp","href":"https:\/\/api.w.org\/{rel}","templated":true}]}}