{"id":9209,"date":"2020-11-12T15:22:26","date_gmt":"2020-11-12T14:22:26","guid":{"rendered":"https:\/\/www.innova-swiss.com\/?page_id=9209"},"modified":"2025-10-11T17:49:38","modified_gmt":"2025-10-11T15:49:38","slug":"ueber-uns-12-11-22","status":"publish","type":"page","link":"https:\/\/innova-swiss.com\/en\/about-us-12-11-22\/","title":{"rendered":"About Innova Swiss"},"content":{"rendered":"<div data-elementor-type=\"wp-page\" data-elementor-id=\"9209\" class=\"elementor elementor-9209\" data-elementor-post-type=\"page\">\n\t\t\t\t\t\t<section class=\"elementor-section elementor-top-section elementor-element elementor-element-43cf704 elementor-section-boxed elementor-section-height-default elementor-section-height-default\" data-id=\"43cf704\" data-element_type=\"section\" data-e-type=\"section\">\n\t\t\t\t\t\t<div class=\"elementor-container elementor-column-gap-default\">\n\t\t\t\t\t<div class=\"elementor-column elementor-col-33 elementor-top-column elementor-element elementor-element-027cd23\" data-id=\"027cd23\" data-element_type=\"column\" data-e-type=\"column\">\n\t\t\t<div class=\"elementor-widget-wrap elementor-element-populated\">\n\t\t\t\t\t\t<div class=\"elementor-element elementor-element-0c4430a elementor-widget elementor-widget-html\" data-id=\"0c4430a\" data-element_type=\"widget\" data-e-type=\"widget\" data-widget_type=\"html.default\">\n\t\t\t\t<div class=\"elementor-widget-container\">\n\t\t\t\t\t<fieldset>\r\n\t<legend align=\"left\"><img decoding=\"async\" src=\"https:\/\/innova-swiss.com\/wp-content\/uploads\/board-of-director.jpg\"><\/legend>\t\t\t\t<\/div>\n\t\t\t\t<\/div>\n\t\t\t\t\t<\/div>\n\t\t<\/div>\n\t\t\t\t<div class=\"elementor-column elementor-col-66 elementor-top-column elementor-element elementor-element-58d4e7b\" data-id=\"58d4e7b\" data-element_type=\"column\" data-e-type=\"column\">\n\t\t\t<div class=\"elementor-widget-wrap elementor-element-populated\">\n\t\t\t\t\t\t<div class=\"elementor-element elementor-element-e9e8129 elementor-widget elementor-widget-html\" data-id=\"e9e8129\" data-element_type=\"widget\" data-e-type=\"widget\" data-widget_type=\"html.default\">\n\t\t\t\t<div class=\"elementor-widget-container\">\n\t\t\t\t\t\r\n<h3 class=\"expert-name\">Wilhelm Gudelow<\/h3>\r\n<h3>Board of Directors of INNOVA SWISS AG<\/h3>\r\n<p>Our company was founded in 2016 with the aim of gaining an exclusive foothold in the European market with world-first medical technology devices. Our products are medical lifestyle devices, which are offered to doctors, therapists, alternative practitioners as well as end users.<\/p>\r\n\t\t\t\t<\/div>\n\t\t\t\t<\/div>\n\t\t\t\t\t<\/div>\n\t\t<\/div>\n\t\t\t\t\t<\/div>\n\t\t<\/section>\n\t\t\t\t<section class=\"elementor-section elementor-top-section elementor-element elementor-element-5515411 elementor-section-boxed elementor-section-height-default elementor-section-height-default\" data-id=\"5515411\" data-element_type=\"section\" data-e-type=\"section\">\n\t\t\t\t\t\t<div class=\"elementor-container elementor-column-gap-default\">\n\t\t\t\t\t<div class=\"elementor-column elementor-col-100 elementor-top-column elementor-element elementor-element-2e12525 gap-bottom\" data-id=\"2e12525\" data-element_type=\"column\" data-e-type=\"column\" data-settings=\"{&quot;background_background&quot;:&quot;classic&quot;}\">\n\t\t\t<div class=\"elementor-widget-wrap elementor-element-populated\">\n\t\t\t\t\t\t<div class=\"elementor-element elementor-element-cd72f76 elementor-widget elementor-widget-html\" data-id=\"cd72f76\" data-element_type=\"widget\" data-e-type=\"widget\" data-widget_type=\"html.default\">\n\t\t\t\t<div class=\"elementor-widget-container\">\n\t\t\t\t\t<p>  The LASER WATCH to promote blood circulation, or the new HAND-COLD-LASER (registered with \"SWISSMEDIC\") for\r\nWound and pain therapies, just to name a few. \"LIFESTYLE-PLAYER\" - \"playing device\", however, we have to call the BQAS BIO QUANTUM ANALYSIS device, because it is neither recognized by science, orthodox medicine, let alone by electronics experts - because it is quasi only a \"LIFESTYLE-PLAYER\" playing with body function analyses. Naturally, complementary physicians and alternative thinking, health-conscious people see this differently!<\/p> \r\n<p>INNOVA-SWISS AG has established a very good international reputation in the medical technology sector under the management of Mr. Jens-Peter Graf (procurement and sales of equipment) with perfect service and punctual delivery, even in this short market presence.<\/p>\r\n<p>The cooperation with the international group of companies GNP GLOBAL NATURE PRODUCTS ASSOCIATION INC. Oregon USA (CEO Mr. Ernest E. Kraxner) led to our entry into the dietary supplement market. We distribute since 2018 also in exclusive \"private label presentation\" the complete NADH products assortment of GNP.<\/p>\r\n<p>Our attention is always focused on customers and we strive to meet the requirements placed on us or demanded by the market in the best possible way.<\/p>\r\n<p>In this sense, stay and\/or become healthy.<\/p>\r\n<p>Your<\/p>\r\n<p>Wilhelm Gudelow<\/p>\r\n<p>INNOVA SWISS AG<\/p>\r\n<\/fieldset>\t\t\t\t<\/div>\n\t\t\t\t<\/div>\n\t\t\t\t\t<\/div>\n\t\t<\/div>\n\t\t\t\t\t<\/div>\n\t\t<\/section>\n\t\t\t\t<section class=\"elementor-section elementor-top-section elementor-element elementor-element-69a725e elementor-section-boxed elementor-section-height-default elementor-section-height-default\" data-id=\"69a725e\" data-element_type=\"section\" data-e-type=\"section\">\n\t\t\t\t\t\t<div class=\"elementor-container elementor-column-gap-default\">\n\t\t\t\t\t<div class=\"elementor-column elementor-col-33 elementor-top-column elementor-element elementor-element-306bd6a\" data-id=\"306bd6a\" data-element_type=\"column\" data-e-type=\"column\">\n\t\t\t<div class=\"elementor-widget-wrap elementor-element-populated\">\n\t\t\t\t\t\t<div class=\"elementor-element elementor-element-fbecb65 elementor-widget elementor-widget-image\" data-id=\"fbecb65\" data-element_type=\"widget\" data-e-type=\"widget\" data-widget_type=\"image.default\">\n\t\t\t\t<div class=\"elementor-widget-container\">\n\t\t\t\t\t\t\t\t\t\t\t\t\t\t\t<img decoding=\"async\" width=\"154\" height=\"181\" src=\"https:\/\/innova-swiss.com\/wp-content\/uploads\/ernest-kraxner-ceo.jpg\" class=\"attachment-full size-full wp-image-11855\" alt=\"ernest-kraxner-ceo armani suit\" srcset=\"https:\/\/innova-swiss.com\/wp-content\/uploads\/ernest-kraxner-ceo.jpg 154w, https:\/\/innova-swiss.com\/wp-content\/uploads\/ernest-kraxner-ceo-150x176.jpg 150w, https:\/\/innova-swiss.com\/wp-content\/uploads\/ernest-kraxner-ceo-128x150.jpg 128w\" sizes=\"(max-width: 360px) 147px, (max-width: 154px) 100vw, 154px\" \/>\t\t\t\t\t\t\t\t\t\t\t\t\t\t\t<\/div>\n\t\t\t\t<\/div>\n\t\t\t\t\t<\/div>\n\t\t<\/div>\n\t\t\t\t<div class=\"elementor-column elementor-col-66 elementor-top-column elementor-element elementor-element-6e67b63\" data-id=\"6e67b63\" data-element_type=\"column\" data-e-type=\"column\">\n\t\t\t<div class=\"elementor-widget-wrap elementor-element-populated\">\n\t\t\t\t\t\t<div class=\"elementor-element elementor-element-7efc5aa elementor-widget elementor-widget-html\" data-id=\"7efc5aa\" data-element_type=\"widget\" data-e-type=\"widget\" data-widget_type=\"html.default\">\n\t\t\t\t<div class=\"elementor-widget-container\">\n\t\t\t\t\t<h3 class=\"expert-name\">Ernest E. Kraxner <\/h3>\r\n<h3>CEO - GNP INTERNATIONAL &amp; Generallizenzgeber f\u00fcr  Asien, Afrika sowie  Europa und die V.A.E. vergeben durch INNOVA-SWISS AG. <\/h3>\r\n<h3>The best for your health!<\/h3>\r\n<p><b>INNOVA SWISS AG<\/b> is the exclusive sales partner of <b>GNP GLOBAL NATURE PRODUCTS Oregon\/USA<\/b> (General Distributor worldwide) and sublicensor for Europe and the U.A.E.. Thus authorized to acquire country distributors in European countries and in the U.A.E..<\/p>\r\n\t\t\t\t<\/div>\n\t\t\t\t<\/div>\n\t\t\t\t\t<\/div>\n\t\t<\/div>\n\t\t\t\t\t<\/div>\n\t\t<\/section>\n\t\t\t\t<section class=\"elementor-section elementor-top-section elementor-element elementor-element-3337a96 gap elementor-section-boxed elementor-section-height-default elementor-section-height-default\" data-id=\"3337a96\" data-element_type=\"section\" data-e-type=\"section\">\n\t\t\t\t\t\t<div class=\"elementor-container elementor-column-gap-default\">\n\t\t\t\t\t<div class=\"elementor-column elementor-col-100 elementor-top-column elementor-element elementor-element-886081e\" data-id=\"886081e\" data-element_type=\"column\" data-e-type=\"column\">\n\t\t\t<div class=\"elementor-widget-wrap elementor-element-populated\">\n\t\t\t\t\t\t<div class=\"elementor-element elementor-element-89d5ac6 elementor-widget elementor-widget-html\" data-id=\"89d5ac6\" data-element_type=\"widget\" data-e-type=\"widget\" data-widget_type=\"html.default\">\n\t\t\t\t<div class=\"elementor-widget-container\">\n\t\t\t\t\t\r\n<p>GNP GLOBAL NATURE PRODUCTS ASSOCIATION INC. wurde im Jahre 2005 in OREGON\/USA gegr\u00fcndet, der ich auch bis dato als CEO vorstehe.Im Jahre 2006 gr\u00fcndeten wir eine  selbst\u00e4ndige Zweigniederlassung f\u00fcr Europa, GNP\/Gleisdorf\/\u00d6sterreich, und starteten als erstes Unternehmen weltweit  die Produktion mit hochdosierten NADH sublingual Lutschpastillen (LP) (20 mg NADH pro LP). \r\n\r\n<p>Fast-acting, sublingual lozenges were already a real sales hit in the USA at that time, because by absorbing the active ingredients through the mucous membranes of the mouth, they reach the brain directly and thus ensure a rapid, unimpaired effect.<\/p>\r\n<p>After the last living NADH patent also expired in 2017, (Prof. Birkmayer patents: US 5,332,727 - 5,654,288 - 5,712,259 - EP 0697859 - EP 961006612.9 - DE 69403656 T2) GNP started the production of NADH tablets, gastric acid resistant filmed. \r\n<p>Gegenw\u00e4rtig umfasst das GNP-NADH Sortiment 17 NADH-Produkte (d.s. 10 Lutschpastillen \u2013 1 Mikrotablette und 6 Tabletten). GNP-NADH Produkte werden au\u00dferhalb Europas auch in China und Taiwan sowie im arabischen Raum erfolgreich verkauft.Begonnen haben wir von GNP mit der Lutschpastille AX|10 NADH plus Spriulina, heute CX|10 genannt \u2013 NADH plus Chlorella (NAT\u00dcRLICHE K\u00d6RPERENTGIFTUNG), gefolgt im Jahre 2007 mit der 2. Lutschpastille SX|10 NADH plus L-Arginin (LIBIDO-ENERGIE f\u00fcr MANN &amp; FRAU). Diese Lutschpastillen fanden Folge zahlreiche Nachahmer, sind aber trotzdem, auf Grund der GNP-Rezeptur und Spezialdosierung, unangefochten, gemeinsam mit \"BUSINESS NADH\"- NADH pur, die Nummer 1 am internationalen Markt.<\/p>\r\n<p>Selbes gilt auch f\u00fcr Preis\/Leistung der GNP NADH-PRODUKTE.<\/p>\r\n<p>\r\nWhat makes the success? GNP stands for the guaranteed authenticity of the products!\r\nAll NADH products (dietary supplements) for Europe\/USA and Asia, GNP\/USA has produced in patent-protected formula and private label on a license basis exclusively in Austria. GNP NADH products are also generally blistered to protect against humidity, i.e. made diffusion-proof.\r\n<\/p>\r\n<p>The from GNP\/USA<\/b> exclusively with doctors, biologists and nutritionists developed NADH products, are tested by the Austrian Agency for Food Safety \"AGES\" or by the Technical University\/Graz - Prof. Dr. Werner Pfannhauser, according to the guidelines of the EROPEAN HEALTH CLAIMS REGULATIONS and certified as marketable - Free Sales Certificate (FSC).<\/p>\r\n\r\n<p>Our distribution partners are: Pharmacies, drugstores, wellness and beauty hotels, doctors, therapists, alternative practitioners and nutritionists, as well as selected Internet providers. A special thanks to the numerous loyal customers (end users), who are convinced of the effect of our products, because of which also became regular customers.<\/p>  \r\n<\/p>\r\n\r\n<p>For quality, seriousness, price\/performance and delivery punctuality GNP-NADH products have been evaluated and awarded.<p><\/p> Thank you to all national and international customers for your trust over many years.\r\n<\/p>\r\n<p><b>NADH is good for all people!<\/b><\/p>\r\n\r\n<p>Your<\/p>\r\n<p>Ernest E. Kraxner<\/p>\r\n<p>CEO - GNP INTERNATIONAL<\/p>\r\n<\/fieldset>\t\t\t\t<\/div>\n\t\t\t\t<\/div>\n\t\t\t\t\t<\/div>\n\t\t<\/div>\n\t\t\t\t\t<\/div>\n\t\t<\/section>\n\t\t\t\t<\/div>","protected":false},"excerpt":{"rendered":"<p>Wilhelm Gudelow Board of Directors of INNOVA SWISS AG Unser Unternehmen wurde im Jahr 2016 gegr\u00fcndet mit dem Ziel, mit weltneuen, medizintechnischen Ger\u00e4ten, exklusiv am europ\u00e4ischen Markt Fu\u00df zu fassen. Es handelt sich bei unseren Produkten um medizinische Lifestyleger\u00e4te, die sowohl \u00c4rzten, Therapeuten, Heilpraktikern als auch Endverbrauchern angeboten werden. Die LASER WATCH zur F\u00f6rderung der [&hellip;]<\/p>\n","protected":false},"author":6,"featured_media":9223,"parent":0,"menu_order":0,"comment_status":"closed","ping_status":"closed","template":"elementor_header_footer","meta":{"footnotes":""},"class_list":["post-9209","page","type-page","status-publish","has-post-thumbnail","hentry"],"_links":{"self":[{"href":"https:\/\/innova-swiss.com\/en\/wp-json\/wp\/v2\/pages\/9209","targetHints":{"allow":["GET"]}}],"collection":[{"href":"https:\/\/innova-swiss.com\/en\/wp-json\/wp\/v2\/pages"}],"about":[{"href":"https:\/\/innova-swiss.com\/en\/wp-json\/wp\/v2\/types\/page"}],"author":[{"embeddable":true,"href":"https:\/\/innova-swiss.com\/en\/wp-json\/wp\/v2\/users\/6"}],"replies":[{"embeddable":true,"href":"https:\/\/innova-swiss.com\/en\/wp-json\/wp\/v2\/comments?post=9209"}],"version-history":[{"count":6,"href":"https:\/\/innova-swiss.com\/en\/wp-json\/wp\/v2\/pages\/9209\/revisions"}],"predecessor-version":[{"id":24637,"href":"https:\/\/innova-swiss.com\/en\/wp-json\/wp\/v2\/pages\/9209\/revisions\/24637"}],"wp:featuredmedia":[{"embeddable":true,"href":"https:\/\/innova-swiss.com\/en\/wp-json\/wp\/v2\/media\/9223"}],"wp:attachment":[{"href":"https:\/\/innova-swiss.com\/en\/wp-json\/wp\/v2\/media?parent=9209"}],"curies":[{"name":"wp","href":"https:\/\/api.w.org\/{rel}","templated":true}]}}