{"id":7803,"date":"2020-10-04T11:19:33","date_gmt":"2020-10-04T09:19:33","guid":{"rendered":"https:\/\/www.innova-swiss.com\/?post_type=product&#038;p=7803"},"modified":"2025-11-27T15:32:51","modified_gmt":"2025-11-27T14:32:51","slug":"kapillar-mikroskop-gegen-herz-kreislauf-probleme","status":"publish","type":"product","link":"https:\/\/innova-swiss.com\/en\/product\/capillary-microscope-against-cardiovascular-problems\/","title":{"rendered":"KAPILLAR-MIKROSKOP the Laser-Watch-Controller - now new with 12 Inces image sharpness"},"content":{"rendered":"<div data-elementor-type=\"wp-post\" data-elementor-id=\"7803\" class=\"elementor elementor-7803\" data-elementor-post-type=\"product\">\n\t\t\t\t\t\t<section class=\"elementor-section elementor-top-section elementor-element elementor-element-6a0111cb elementor-section-boxed elementor-section-height-default elementor-section-height-default\" data-id=\"6a0111cb\" data-element_type=\"section\" data-e-type=\"section\">\n\t\t\t\t\t\t<div class=\"elementor-container elementor-column-gap-default\">\n\t\t\t\t\t<div class=\"elementor-column elementor-col-100 elementor-top-column elementor-element elementor-element-64d7749f\" data-id=\"64d7749f\" data-element_type=\"column\" data-e-type=\"column\">\n\t\t\t<div class=\"elementor-widget-wrap elementor-element-populated\">\n\t\t\t\t\t\t<div class=\"elementor-element elementor-element-6abc784 elementor-widget elementor-widget-text-editor\" data-id=\"6abc784\" data-element_type=\"widget\" data-e-type=\"widget\" data-widget_type=\"text-editor.default\">\n\t\t\t\t<div class=\"elementor-widget-container\">\n\t\t\t\t\t\t\t\t\t<p>Video: Switching languages on and off<\/p>\t\t\t\t\t\t\t\t<\/div>\n\t\t\t\t<\/div>\n\t\t\t\t<div class=\"elementor-element elementor-element-4443cdf elementor-widget elementor-widget-text-editor\" data-id=\"4443cdf\" data-element_type=\"widget\" data-e-type=\"widget\" data-widget_type=\"text-editor.default\">\n\t\t\t\t<div class=\"elementor-widget-container\">\n\t\t\t\t\t\t\t\t\t<p>Installation Kapillar-Mikroskop<br \/>1. Kapillar-Mikroskope Netzanschluss + Monitor Netzanschluss an Strom anstecken<br \/>2. Gelbes Netzkabel mit Kapillar-Mikroskope und Monitor verbinden<br \/>3. Beide Ger\u00e4te einschalten &#8211; beim Monitor &#8211; Power Taste dr\u00fccken<br \/>4. Spracheinstellung siehe Video<br \/>5. Men\u00fctaste Dr\u00fccke &#8211; AV &#8211; einstellen<br \/>betriebsbereit!<\/p>\t\t\t\t\t\t\t\t<\/div>\n\t\t\t\t<\/div>\n\t\t\t\t<div class=\"elementor-element elementor-element-b9d9deb elementor-widget elementor-widget-video\" data-id=\"b9d9deb\" data-element_type=\"widget\" data-e-type=\"widget\" data-settings=\"{&quot;video_type&quot;:&quot;hosted&quot;,&quot;start&quot;:&quot;0&quot;,&quot;controls&quot;:&quot;yes&quot;}\" data-widget_type=\"video.default\">\n\t\t\t\t<div class=\"elementor-widget-container\">\n\t\t\t\t\t\t\t<div class=\"e-hosted-video elementor-wrapper elementor-open-inline\">\n\t\t\t\t\t<video class=\"elementor-video\" src=\"https:\/\/innova-swiss.com\/wp-content\/uploads\/Kapillar-Mikroskop_Video-Spracheinstellung.mp4\" controls=\"\" preload=\"metadata\" controlslist=\"nodownload\"><\/video>\n\t\t\t\t<\/div>\n\t\t\t\t\t\t<\/div>\n\t\t\t\t<\/div>\n\t\t\t\t<div class=\"elementor-element elementor-element-1f7ac5f elementor-widget elementor-widget-video\" data-id=\"1f7ac5f\" data-element_type=\"widget\" data-e-type=\"widget\" data-settings=\"{&quot;video_type&quot;:&quot;hosted&quot;,&quot;controls&quot;:&quot;yes&quot;}\" data-widget_type=\"video.default\">\n\t\t\t\t<div class=\"elementor-widget-container\">\n\t\t\t\t\t\t\t<div class=\"e-hosted-video elementor-wrapper elementor-open-inline\">\n\t\t\t\t\t<video class=\"elementor-video\" src=\"https:\/\/innova-swiss.com\/wp-content\/uploads\/capillary.mp4\" controls=\"\" preload=\"metadata\" controlslist=\"nodownload\"><\/video>\n\t\t\t\t<\/div>\n\t\t\t\t\t\t<\/div>\n\t\t\t\t<\/div>\n\t\t\t\t<div class=\"elementor-element elementor-element-30803454 elementor-widget elementor-widget-text-editor\" data-id=\"30803454\" data-element_type=\"widget\" data-e-type=\"widget\" data-widget_type=\"text-editor.default\">\n\t\t\t\t<div class=\"elementor-widget-container\">\n\t\t\t\t\t\t\t\t\t<div class=\"pro-main\"><div class=\"pro-left\"><p><span style=\"text-decoration: underline\">The control device after each laser watch therapy<\/span><\/p><p><strong>Field of application:<\/strong> The capillary microscope is used to check the Laser-Watch therapy in use for dizziness, cardiovascular weakness, circulatory disorders.<\/p><h3><span style=\"color: #ff0000\"><strong><span style=\"color: #339966\">About 5 million people in Germany are affected by a circulatory disorder!<\/span><br \/><\/strong><\/span>Source: https:\/\/krank.de\/krankheiten\/durchblutungsstoerung\/<\/h3><h3>Kontrolle\u00a0 der Durchblutung mit dem Kapillar-Kontroll-Mikroskop m\u00f6glich.<\/h3><h3><span style=\"color: #339966\"><strong>Wie lebenswichtig sind gut durchblutende Kapillaren!<\/strong><\/span><\/h3><p><strong>Kapillaren<\/strong>, auch Blutkapillaren oder Haargef\u00e4\u00dfe genannt, sind die kleinsten Blutgef\u00e4\u00dfe des menschlichen K\u00f6rpers.<\/p><p><strong>Kapillaren<\/strong>, verbinden das arterielle mit dem ven\u00f6sen System.<\/p><p>Hauptfunktion der <strong>Kapillaren<\/strong>, ist der Austausch von N\u00e4hrstoffen, Sauerstoff, Kohlendioxid und anderen Stoffwechselprodukten zwischen dem Blut und dem umliegenden Gewebe. Dieses feine Netzwerk aus Kapillaren durchzieht fast alle Gewebe und ist entscheidend f\u00fcr die Versorgung der Zellen.<\/p><p><strong>Funktion und Aufbau:<\/strong><\/p><p>Die W\u00e4nde der <strong>Kapillaren<\/strong> sind sehr d\u00fcnn, oft nur eine einzige Zellschicht dick. Dadurch k\u00f6nnen Fl\u00fcssigkeiten und gel\u00f6ste Stoffe wie Sauerstoff, N\u00e4hrstoffe und Abfallprodukte leicht in das Gewebe \u00fcbertreten und umgekehrt.<\/p><p>Kapillaren bilden ein dichtes Netzwerk innerhalb der Gewebe und Organe, das als Kapillarnetz bezeichnet wird. Je h\u00f6her der Sauerstoffbedarf und der Stoffwechsel eines Gewebes ist, desto dichter ist das Kapillarnetz.<\/p><p><strong>Kapillaren<\/strong> sind die Verbindung zwischen den kleinsten Arterien (Arteriolen) und den kleinsten Venen (Venolen) und stellen den \u00dcbergang zwischen dem arteriellen und dem ven\u00f6sen System dar.<\/p><p><strong>Beispiele und Vorkommen:<\/strong><\/p><p>Bereiche wie Gehirn, Herz und Skelettmuskulatur sind reich an Kapillaren, da sie eine konstante Versorgung mit Sauerstoff und N\u00e4hrstoffen ben\u00f6tigen.<\/p><p>Um die Lungenbl\u00e4schen herum bilden Kapillaren ein dichtes Netz f\u00fcr den Gasaustausch, bei dem Sauerstoff ins Blut und Kohlendioxid aus dem Blut in die Lungenbl\u00e4schen \u00fcbergeht.<\/p><h3><span style=\"color: #339966\"><strong><u>Die Lasertherapie (Laser Watch) besitzt die F\u00e4higkeit den Blutfluss zu steigern. Folglich ist das eine wirksame, nicht invasive Behandlungsmethode zur Verbesserung des Blutflusses und kann im klinischen Umfeld die Gewebeheilung f\u00f6rdern.<\/u><\/strong><\/span><\/h3><\/div><div class=\"pro-right\"><div class=\"pro-main\"><div class=\"pro-right\"><h3><span style=\"color: #000000\"><strong>Control can be vital!<\/strong><\/span><\/h3><p>If the <strong>Capillary microscope<\/strong> is switched on, you have to smear your fingertip a little with baby oil before holding it under the magnifying glass. Then turn the dial until the image becomes \"sharp\" and the capillaries appear on the screen. This <strong>Capillary microscope<\/strong> is not only easy to use. You can check immediately after the Laser Watch treatment how the blood flow was stimulated and how the capillaries move.<\/p><p>This <strong>Capillary microscope<\/strong> (new with 12 inches - sharper picture) simply belongs to the <a href=\"https:\/\/innova-swiss.com\/en\/product\/laser-watch\/\"><strong>Laser Watch<\/strong><\/a> to it. You will be delighted with the efficiency of both devices.<\/p><\/div><\/div><div class=\"pro-bottom-info1\">Immediate control of the capillaries makes sense (<strong>Use: to control the blood flow in the capillaries) <\/strong>with the capillary microscope.<\/div><div>\u00a0<\/div><\/div><\/div><div><p><strong>Save images:<\/strong> This capillary microscope also has a video connection. You can connect it to your laptop\/computer (with USB connection) and save the images digitally using the integrated software.<\/p><\/div><div class=\"pro-main\"><div class=\"pro-right\"><div class=\"pro-bottom-info1\"><p><a href=\"https:\/\/innova-swiss.com\/wp-content\/uploads\/sequence-1.jpg\"><img fetchpriority=\"high\" decoding=\"async\" class=\"alignnone size-full wp-image-18589\" src=\"https:\/\/innova-swiss.com\/wp-content\/uploads\/sequence-1.jpg\" alt=\"\" width=\"1600\" height=\"400\" srcset=\"https:\/\/innova-swiss.com\/wp-content\/uploads\/sequence-1.jpg 1600w, https:\/\/innova-swiss.com\/wp-content\/uploads\/sequence-1-364x91.jpg 364w, https:\/\/innova-swiss.com\/wp-content\/uploads\/sequence-1-150x38.jpg 150w, https:\/\/innova-swiss.com\/wp-content\/uploads\/sequence-1-723x181.jpg 723w, https:\/\/innova-swiss.com\/wp-content\/uploads\/sequence-1-300x75.jpg 300w, https:\/\/innova-swiss.com\/wp-content\/uploads\/sequence-1-1024x256.jpg 1024w, https:\/\/innova-swiss.com\/wp-content\/uploads\/sequence-1-768x192.jpg 768w, https:\/\/innova-swiss.com\/wp-content\/uploads\/sequence-1-1536x384.jpg 1536w\" sizes=\"(max-width: 1600px) 100vw, 1600px\" \/><\/a><\/p><\/div><div class=\"pro-bottom-info1\"><p><a href=\"https:\/\/innova-swiss.com\/wp-content\/uploads\/sequence-2.jpg\"><img decoding=\"async\" class=\"aligncenter wp-image-18590 size-full\" src=\"https:\/\/innova-swiss.com\/wp-content\/uploads\/sequence-2.jpg\" alt=\"\" width=\"600\" height=\"600\" srcset=\"https:\/\/innova-swiss.com\/wp-content\/uploads\/sequence-2.jpg 600w, https:\/\/innova-swiss.com\/wp-content\/uploads\/sequence-2-300x300.jpg 300w, https:\/\/innova-swiss.com\/wp-content\/uploads\/sequence-2-150x150.jpg 150w, https:\/\/innova-swiss.com\/wp-content\/uploads\/sequence-2-364x364.jpg 364w\" sizes=\"(max-width: 600px) 100vw, 600px\" \/><\/a>The microscope is easy to use. When it is set up and switched on, proceed as follows:<\/p><\/div><div class=\"pro-bottom-info1\"><div><div><ul><li>The skin and nail fold capillary microscopy is performed on your fingers.<\/li><li>Oil a fingernail with a cotton swab with natural baby oil. Make sure you use the right amount of oil. Too much oil leads to mirror bruises.<\/li><li>Place the oiled finger under the microscope loupe.<\/li><li>Adjust the image sharpness by turning the black knob.<\/li><li>Adjust the height of the magnifying glass and the sharpness of the image by turning the knob until the capillaries are visible.<\/li><li>The lighting needs to be adjusted so that there are no light points.<\/li><\/ul><\/div><\/div><\/div><div class=\"whatbqas\"><h4>Nail bed capillary microscopy - simple and effective<\/h4><p>At present, nail bed capillary microscopy is the simplest and most efficient method for analysing microcirculatory and circulatory disorders.<\/p><p>Especially in early stages of the disease, peripheral microangiopathy can be detected and examined very well by capillary microscopy.<\/p><p>Therapies that are compatible with the <a href=\"https:\/\/innova-swiss.com\/en\/product\/laser-watch\/\">Laser Watch<\/a> can be immediately checked for efficiency with the capillary microscope measurement.<\/p><p>Capillary microscopy is the only simple, non-invasive method that allows direct examination and assessment of the microcirculation, skin and appearance of the capillaries.<\/p><p>In this way, organic capillary damage or diseases can be detected in good time. This procedure plays an important diagnostic role, particularly in the diagnosis of connective tissue diseases (e.g. scleroderma) or in the diagnosis of inflammatory vascular diseases.<\/p><p>From the appearance and spatial distribution of these smallest vessels, as well as from the blood flow, which can also be detected, statements can be made about disturbances in microcirculation (microangiopathy).<\/p><h4><span style=\"color: #339966\">Buy LASER WATCH now:<\/span> The capillary microscope is the \"control device\" to monitor therapeutic success with <a href=\"https:\/\/innova-swiss.com\/en\/product\/laser-watch\/\">LASER WATCH<\/a> (in case of cardiovascular problems, blood circulation is improved), to be able to monitor the situation continuously. The LASER WATCH is the therapy device you need to have for this.<\/h4><p>The <a href=\"https:\/\/innova-swiss.com\/en\/product\/laser-watch\/\">Laser Watch<\/a> is an innovative 3-in-1 device that helps against cardiovascular problems &amp; applies the latest research results in the field of low-energy laser therapy. It combines acupuncture, local pain therapy and external blood irradiation. The <a href=\"https:\/\/innova-swiss.com\/en\/product\/laser-watch\/\">Laser Watch<\/a> becomes your ideal companion, whether at home, at work or on the road.<\/p><\/div><\/div><\/div>\t\t\t\t\t\t\t\t<\/div>\n\t\t\t\t<\/div>\n\t\t\t\t\t<\/div>\n\t\t<\/div>\n\t\t\t\t\t<\/div>\n\t\t<\/section>\n\t\t<div class=\"elementor-element elementor-element-57297be e-flex e-con-boxed e-con e-parent\" data-id=\"57297be\" data-element_type=\"container\" data-e-type=\"container\">\n\t\t\t\t\t<div class=\"e-con-inner\">\n\t\t\t\t<div class=\"elementor-element elementor-element-22142ef elementor-widget elementor-widget-video\" data-id=\"22142ef\" data-element_type=\"widget\" data-e-type=\"widget\" data-settings=\"{&quot;video_type&quot;:&quot;hosted&quot;,&quot;controls&quot;:&quot;yes&quot;}\" data-widget_type=\"video.default\">\n\t\t\t\t<div class=\"elementor-widget-container\">\n\t\t\t\t\t\t\t<div class=\"e-hosted-video elementor-wrapper elementor-open-inline\">\n\t\t\t\t\t<video class=\"elementor-video\" src=\"https:\/\/innova-swiss.com\/wp-content\/uploads\/GNP_Verwendung_Oel.mp4\" controls=\"\" preload=\"metadata\" controlslist=\"nodownload\"><\/video>\n\t\t\t\t<\/div>\n\t\t\t\t\t\t<\/div>\n\t\t\t\t<\/div>\n\t\t\t\t<div class=\"elementor-element elementor-element-cc0428f elementor-widget elementor-widget-video\" data-id=\"cc0428f\" data-element_type=\"widget\" data-e-type=\"widget\" data-settings=\"{&quot;video_type&quot;:&quot;hosted&quot;,&quot;controls&quot;:&quot;yes&quot;}\" data-widget_type=\"video.default\">\n\t\t\t\t<div class=\"elementor-widget-container\">\n\t\t\t\t\t\t\t<div class=\"e-hosted-video elementor-wrapper elementor-open-inline\">\n\t\t\t\t\t<video class=\"elementor-video\" src=\"https:\/\/innova-swiss.com\/wp-content\/uploads\/GNP_Sprachen.mp4\" controls=\"\" preload=\"metadata\" controlslist=\"nodownload\"><\/video>\n\t\t\t\t<\/div>\n\t\t\t\t\t\t<\/div>\n\t\t\t\t<\/div>\n\t\t\t\t<div class=\"elementor-element elementor-element-d19ae8c elementor-widget elementor-widget-video\" data-id=\"d19ae8c\" data-element_type=\"widget\" data-e-type=\"widget\" data-settings=\"{&quot;video_type&quot;:&quot;hosted&quot;,&quot;controls&quot;:&quot;yes&quot;}\" data-widget_type=\"video.default\">\n\t\t\t\t<div class=\"elementor-widget-container\">\n\t\t\t\t\t\t\t<div class=\"e-hosted-video elementor-wrapper elementor-open-inline\">\n\t\t\t\t\t<video class=\"elementor-video\" src=\"https:\/\/innova-swiss.com\/wp-content\/uploads\/GNP_Anwendung-Mikroskop.mp4\" controls=\"\" preload=\"metadata\" controlslist=\"nodownload\"><\/video>\n\t\t\t\t<\/div>\n\t\t\t\t\t\t<\/div>\n\t\t\t\t<\/div>\n\t\t\t\t\t<\/div>\n\t\t\t\t<\/div>\n\t\t\t\t<\/div>","protected":false},"excerpt":{"rendered":"<div class=\"proshorttxt\">\n<div class=\"proshorttxt\">\n<p><strong><span id=\"page72R_mcid8\" class=\"markedContent\"><span dir=\"ltr\" role=\"presentation\">LASER WATCH<\/span><\/span> + <span id=\"page72R_mcid13\" class=\"markedContent\"><span dir=\"ltr\" role=\"presentation\">CAPILLARY MICROSCOPE<\/span><\/span> <span id=\"page72R_mcid18\" class=\"markedContent\"><span dir=\"ltr\" role=\"presentation\">both devices together as of now:<\/span><\/span><span id=\"page72R_mcid19\" class=\"markedContent\"> <span dir=\"ltr\" role=\"presentation\">\u20ac 1.455,00<\/span><\/span><\/strong>. <strong><span id=\"page72R_mcid21\" class=\"markedContent\"><span dir=\"ltr\" role=\"presentation\">Sie sparen \u20ac 581,00<br \/>\n<\/span><\/span><\/strong><a href=\"https:\/\/innova-swiss.com\/en\/product\/special-combi-package-capillary-microscope-laser-watch\/\"><strong><span id=\"page72R_mcid21\" class=\"markedContent\"><span dir=\"ltr\" role=\"presentation\"><span id=\"page72R_mcid30\" class=\"markedContent\">...this special offer is unique - grab it now!<\/span><\/span><\/span><\/strong><\/a><\/p>\n<p>&nbsp;<\/p>\n<p><strong>possibility of control:<\/strong> With the finger test you can check after each Laser-Watch therapy whether and how the blood flow in the capillaries has improved.<b><\/b><\/p>\n<div class=\"fusion-layout-column fusion_builder_column fusion-builder-column-9 fusion-flex-column fusion-flex-align-self-center\">\n<div class=\"fusion-column-wrapper fusion-column-has-shadow fusion-flex-justify-content-flex-start fusion-content-layout-column\">\n<div class=\"fusion-text fusion-text-5\">\n<p><strong>Delivery time: promptly available!<\/strong> Orders before 10am will be shipped the same day by DPD!<br \/>\nPostage cost allocation from 1.2.2025<\/p>\n<ul>\n<li>Delivery within Austria: postage \u20ac 15,50<\/li>\n<li>Delivery to all EU countries from the central warehouse\/Austria: postage \u20ac 19.50<\/li>\n<li>Delivery within Switzerland: postage free from the new Swiss sub-warehouse\/CH-8585 Langrickenbach: postage \u20ac 15.50<\/li>\n<\/ul>\n<\/div>\n<\/div>\n<\/div>\n<\/div>\n<\/div>","protected":false},"featured_media":23820,"comment_status":"closed","ping_status":"closed","template":"","meta":[],"product_brand":[],"product_cat":[997,74],"product_tag":[],"class_list":{"0":"post-7803","1":"product","2":"type-product","3":"status-publish","4":"has-post-thumbnail","6":"product_cat-durchblutungsstoerungen","7":"product_cat-medizinische-geraete","8":"product_shipping_class-bqas-und-kap-mikro","10":"first","11":"instock","12":"taxable","13":"shipping-taxable","14":"purchasable","15":"product-type-simple"},"_links":{"self":[{"href":"https:\/\/innova-swiss.com\/en\/wp-json\/wp\/v2\/product\/7803","targetHints":{"allow":["GET"]}}],"collection":[{"href":"https:\/\/innova-swiss.com\/en\/wp-json\/wp\/v2\/product"}],"about":[{"href":"https:\/\/innova-swiss.com\/en\/wp-json\/wp\/v2\/types\/product"}],"replies":[{"embeddable":true,"href":"https:\/\/innova-swiss.com\/en\/wp-json\/wp\/v2\/comments?post=7803"}],"version-history":[{"count":15,"href":"https:\/\/innova-swiss.com\/en\/wp-json\/wp\/v2\/product\/7803\/revisions"}],"predecessor-version":[{"id":24692,"href":"https:\/\/innova-swiss.com\/en\/wp-json\/wp\/v2\/product\/7803\/revisions\/24692"}],"wp:featuredmedia":[{"embeddable":true,"href":"https:\/\/innova-swiss.com\/en\/wp-json\/wp\/v2\/media\/23820"}],"wp:attachment":[{"href":"https:\/\/innova-swiss.com\/en\/wp-json\/wp\/v2\/media?parent=7803"}],"wp:term":[{"taxonomy":"product_brand","embeddable":true,"href":"https:\/\/innova-swiss.com\/en\/wp-json\/wp\/v2\/product_brand?post=7803"},{"taxonomy":"product_cat","embeddable":true,"href":"https:\/\/innova-swiss.com\/en\/wp-json\/wp\/v2\/product_cat?post=7803"},{"taxonomy":"product_tag","embeddable":true,"href":"https:\/\/innova-swiss.com\/en\/wp-json\/wp\/v2\/product_tag?post=7803"}],"curies":[{"name":"wp","href":"https:\/\/api.w.org\/{rel}","templated":true}]}}