{"id":14,"date":"2019-06-21T09:56:30","date_gmt":"2019-06-21T07:56:30","guid":{"rendered":"http:\/\/localhost\/innova\/?page_id=14"},"modified":"2026-04-03T16:40:35","modified_gmt":"2026-04-03T14:40:35","slug":"kontakt","status":"publish","type":"page","link":"https:\/\/innova-swiss.com\/it\/contatto\/","title":{"rendered":"CONTATTO"},"content":{"rendered":"\t\t<div data-elementor-type=\"wp-post\" data-elementor-id=\"14\" class=\"elementor elementor-14\" data-elementor-post-type=\"page\">\n\t\t\t\t\t\t<section class=\"elementor-section elementor-top-section elementor-element elementor-element-02fc146 elementor-section-boxed elementor-section-height-default elementor-section-height-default\" data-id=\"02fc146\" data-element_type=\"section\" data-e-type=\"section\">\n\t\t\t\t\t\t<div class=\"elementor-container elementor-column-gap-default\">\n\t\t\t\t\t<div class=\"elementor-column elementor-col-100 elementor-top-column elementor-element elementor-element-a72d4c8\" data-id=\"a72d4c8\" data-element_type=\"column\" data-e-type=\"column\">\n\t\t\t<div class=\"elementor-widget-wrap elementor-element-populated\">\n\t\t\t\t\t\t<div class=\"elementor-element elementor-element-b846ac3 elementor-widget elementor-widget-html\" data-id=\"b846ac3\" data-element_type=\"widget\" data-e-type=\"widget\" data-widget_type=\"html.default\">\n\t\t\t\t<div class=\"elementor-widget-container\">\n\t\t\t\t\t<div class=\"contxt\"><h1>Kontakt mit INNOVA SWISS AG <\/h1>\r\n<p>Wir haben Ihr Interesse geweckt? Sie haben offene Fragen? Dann  kontaktieren Sie uns!<\/p><\/div>\r\n\t\t\t\t<\/div>\n\t\t\t\t<\/div>\n\t\t\t\t\t<\/div>\n\t\t<\/div>\n\t\t\t\t\t<\/div>\n\t\t<\/section>\n\t\t\t\t<section class=\"elementor-section elementor-top-section elementor-element elementor-element-2aa1e2f elementor-section-boxed elementor-section-height-default elementor-section-height-default\" data-id=\"2aa1e2f\" data-element_type=\"section\" data-e-type=\"section\">\n\t\t\t\t\t\t<div class=\"elementor-container elementor-column-gap-default\">\n\t\t\t\t\t<div class=\"elementor-column elementor-col-66 elementor-top-column elementor-element elementor-element-6507f03\" data-id=\"6507f03\" data-element_type=\"column\" data-e-type=\"column\">\n\t\t\t<div class=\"elementor-widget-wrap elementor-element-populated\">\n\t\t\t\t\t\t<div class=\"elementor-element elementor-element-47ec4d1 elementor-widget elementor-widget-html\" data-id=\"47ec4d1\" data-element_type=\"widget\" data-e-type=\"widget\" data-widget_type=\"html.default\">\n\t\t\t\t<div class=\"elementor-widget-container\">\n\t\t\t\t\t<div class=\"contxt1\">\r\n<p>F\u00fcllen Sie einfach das untenstehende Kontaktformular aus oder rufen Sie uns an. <\/b><\/p>\r\n<\/div>\r\n\t\t\t\t<\/div>\n\t\t\t\t<\/div>\n\t\t\t\t<div class=\"elementor-element elementor-element-1b68021 elementor-widget elementor-widget-shortcode\" data-id=\"1b68021\" data-element_type=\"widget\" data-e-type=\"widget\" data-widget_type=\"shortcode.default\">\n\t\t\t\t<div class=\"elementor-widget-container\">\n\t\t\t\t\t\t\t<div class=\"elementor-shortcode\">\n<div class=\"wpcf7 no-js\" id=\"wpcf7-f5-o1\" lang=\"de-DE\" dir=\"ltr\" data-wpcf7-id=\"5\">\n<div class=\"screen-reader-response\"><p role=\"status\" aria-live=\"polite\" aria-atomic=\"true\"><\/p> <ul><\/ul><\/div>\n<form action=\"\/it\/wp-json\/wp\/v2\/pages\/14#wpcf7-f5-o1\" method=\"post\" class=\"wpcf7-form init\" aria-label=\"Contact form\" novalidate=\"novalidate\" data-status=\"init\">\n<fieldset class=\"hidden-fields-container\"><input type=\"hidden\" name=\"_wpcf7\" value=\"5\" \/><input type=\"hidden\" name=\"_wpcf7_version\" value=\"6.1.5\" \/><input type=\"hidden\" name=\"_wpcf7_locale\" value=\"de_DE\" \/><input type=\"hidden\" name=\"_wpcf7_unit_tag\" value=\"wpcf7-f5-o1\" \/><input type=\"hidden\" name=\"_wpcf7_container_post\" value=\"0\" \/><input type=\"hidden\" name=\"_wpcf7_posted_data_hash\" value=\"\" \/><input type=\"hidden\" name=\"_wpcf7_recaptcha_response\" value=\"\" \/>\n<\/fieldset>\n<div class=\"req\">\n\t<p>Firma (optional)\n\t<\/p>\n<\/div>\n<div>\n\t<p><span class=\"wpcf7-form-control-wrap\" data-name=\"text-878\"><input size=\"40\" maxlength=\"400\" class=\"wpcf7-form-control wpcf7-text ccomp\" aria-invalid=\"false\" value=\"\" type=\"text\" name=\"text-878\" \/><\/span>\n\t<\/p>\n<\/div>\n<div class=\"req\">\n\t<p>Name <span>*<\/span>\n\t<\/p>\n<\/div>\n<div>\n\t<p><span class=\"wpcf7-form-control-wrap\" data-name=\"text-246\"><input size=\"40\" maxlength=\"400\" class=\"wpcf7-form-control wpcf7-text wpcf7-validates-as-required cnm\" aria-required=\"true\" aria-invalid=\"false\" value=\"\" type=\"text\" name=\"text-246\" \/><\/span>\n\t<\/p>\n<\/div>\n<div class=\"req\">\n\t<p>Telefonnummer (optional)<span><\/span>\n\t<\/p>\n<\/div>\n<div>\n\t<p><span class=\"wpcf7-form-control-wrap\" data-name=\"tel-476\"><input size=\"40\" maxlength=\"400\" class=\"wpcf7-form-control wpcf7-tel wpcf7-validates-as-required wpcf7-text wpcf7-validates-as-tel ctel\" aria-required=\"true\" aria-invalid=\"false\" value=\"\" type=\"tel\" name=\"tel-476\" \/><\/span>\n\t<\/p>\n<\/div>\n<div class=\"req\">\n\t<p>E-Mail<span>*<\/span>\n\t<\/p>\n<\/div>\n<div>\n\t<p><span class=\"wpcf7-form-control-wrap\" data-name=\"email-908\"><input size=\"40\" maxlength=\"400\" class=\"wpcf7-form-control wpcf7-email wpcf7-validates-as-required wpcf7-text wpcf7-validates-as-email cem\" aria-required=\"true\" aria-invalid=\"false\" value=\"\" type=\"email\" name=\"email-908\" \/><\/span>\n\t<\/p>\n<\/div>\n<div class=\"req\">\n\t<p>Betreff (optional)<span><\/span>\n\t<\/p>\n<\/div>\n<div>\n\t<p><span class=\"wpcf7-form-control-wrap\" data-name=\"text-925\"><input size=\"40\" maxlength=\"400\" class=\"wpcf7-form-control wpcf7-text wpcf7-validates-as-required csub\" aria-required=\"true\" aria-invalid=\"false\" value=\"\" type=\"text\" name=\"text-925\" \/><\/span>\n\t<\/p>\n<\/div>\n<div class=\"req\">\n\t<p>Nachricht<span>*<\/span>\n\t<\/p>\n<\/div>\n<div>\n\t<p><span class=\"wpcf7-form-control-wrap\" data-name=\"textarea-702\"><textarea cols=\"40\" rows=\"4\" maxlength=\"2000\" class=\"wpcf7-form-control wpcf7-textarea wpcf7-validates-as-required cmsg\" aria-required=\"true\" aria-invalid=\"false\" name=\"textarea-702\"><\/textarea><\/span>\n\t<\/p>\n<\/div>\n<div class=\"recaptcha-container\">\n\n<\/div>\n<div>\n\t<p>[checkbox* checkbox-623 class:ccheck \"Mit dem Klick auf \"Anmelden\" stimmen Sie zu, dass wir Ihre Informationen im Rahmen unserer Datenschutzbestimmungen verarbeiten.\"]\n\t<\/p>\n<\/div>\n<div>\n\t<p><input class=\"wpcf7-form-control wpcf7-submit has-spinner cbtn\" type=\"submit\" value=\"Senden\" \/>\n\t<\/p>\n<\/div><div class=\"wpcf7-response-output\" aria-hidden=\"true\"><\/div>\n<\/form>\n<\/div>\n<\/div>\n\t\t\t\t\t\t<\/div>\n\t\t\t\t<\/div>\n\t\t\t\t\t<\/div>\n\t\t<\/div>\n\t\t\t\t<div class=\"elementor-column elementor-col-33 elementor-top-column elementor-element elementor-element-05be809\" data-id=\"05be809\" data-element_type=\"column\" data-e-type=\"column\">\n\t\t\t<div class=\"elementor-widget-wrap elementor-element-populated\">\n\t\t\t\t\t\t<div class=\"elementor-element elementor-element-f253dc3 elementor-widget elementor-widget-html\" data-id=\"f253dc3\" data-element_type=\"widget\" data-e-type=\"widget\" data-widget_type=\"html.default\">\n\t\t\t\t<div class=\"elementor-widget-container\">\n\t\t\t\t\t<div class=\"contxtl1\">\n   <h4>IMPRESSUM<\/h4>\n    <p><b>INNOVA-SWISS AG<\/b><\/p>\n    <p>Aegeristrasse 5, 6300 Zug,Switzerland <\/p>\n    <p><b>Firmenbuch Nummer :<\/b> CHE-114.665.689<\/p>\n    <p><b>Verwaltungsrat :<\/b> Wilhelm Gudelow<\/p>\n    <P>F\u00fcr Streitigkeiten jeglicher Art: Gerichtsstand Zug\/Switzerland\n\n    <p><b>Email :<\/b> office@innova-swiss.com <\/p>\n    <p><b>Unternehmenszweck :<\/b> Erbringung von Dienstleistungen in Entwicklung, Design, Produktion und Vermarktung von Sanit\u00e4ts- und Lifestyle Produkten sowie NADH Coenzym 1 Nahrungserg\u00e4nzungsmittel. Exklusiver Handel  mit medizintechnischen Ger\u00e4ten. <\/p>\n    <p><b>Datenschutzerkl\u00e4rung :<\/b> <a href=\"https:\/\/innova-swiss.com\/wp-content\/uploads\/Datenschutzerkl\u00e4rung-1.pdf\" target=\"_blank\">als PDF-Download!<\/a><\/p>\n   <p>Gutscheincode-Besitzer: Ab 1.1.2026 findet die Gutscheincode-Abrechnung nur mehr 2 mal j\u00e4hrlich statt, uzw. am 30.6.und am 31.12. jeden Jahres!\n    <p><b>Achtung: Retoursendungen der MEDTECH GER\u00c4TE ausschlie\u00dflich an:<\/p>\n\n\nGNP-MARKETING\n\nz.H. Ernest E. Kraxner,\nDr. Tillygasse 2,\n8046 Graz\/\u00d6sterreich<\/a><\/p>\n\n    \n    <p><b>Bildernachweis: Peter Niess https:\/\/www.pnpictures.at  <b> ---- Foto-Pexel<b> -----GNP Oregon\/USA               \n \n\t\t\t\t<\/div>\n\t\t\t\t<\/div>\n\t\t\t\t\t<\/div>\n\t\t<\/div>\n\t\t\t\t\t<\/div>\n\t\t<\/section>\n\t\t\t\t<section class=\"elementor-section elementor-top-section elementor-element elementor-element-b655334 gap-bottom elementor-section-boxed elementor-section-height-default elementor-section-height-default\" data-id=\"b655334\" data-element_type=\"section\" data-e-type=\"section\">\n\t\t\t\t\t\t<div class=\"elementor-container elementor-column-gap-default\">\n\t\t\t\t\t<div class=\"elementor-column elementor-col-100 elementor-top-column elementor-element elementor-element-a52910d\" data-id=\"a52910d\" data-element_type=\"column\" data-e-type=\"column\">\n\t\t\t<div class=\"elementor-widget-wrap elementor-element-populated\">\n\t\t\t\t\t\t<div class=\"elementor-element elementor-element-9ee9ff1 elementor-widget elementor-widget-html\" data-id=\"9ee9ff1\" data-element_type=\"widget\" data-e-type=\"widget\" data-widget_type=\"html.default\">\n\t\t\t\t<div class=\"elementor-widget-container\">\n\t\t\t\t\t<div class=\"contxtl1\">\r\n<\/b>Unmissverst\u00e4ndliche\u00a0Definition des BQAS-LIFESTYLE-PLAYER Ger\u00e4tes im Sinne der Wissenschaft und Schulmedizin - naturgem\u00e4\u00df sehen das Komplement\u00e4re-Mediziner und gesundheitsbezogen alternativ denkende Menschen anders!<\/b><\/p>  \r\n    \r\n<\/b>A) Hinweis f\u00fcr Konsumenten:<\/b><\/p>  \r\nGrunds\u00e4tzlich f\u00fchren wir keine Diagnosen, Therapien, Behandlungen im medizinischen Sinne durch. Unsere Messungen k\u00f6nnen keine psychologische oder physiologische Behandlung ersetzen. Heilversprechen sowie Erfolgsversprechen werden nicht gegeben. F\u00fcr etwaige Therapien wird auf Arzt, Therapeut oder Heilpraktiker verwiesen!<\/p>\r\n    \r\n<\/b>B) Hinweis f\u00fcr Konsumenten:<\/b><\/p> \r\n\r\nDas BQAS-BIO QUANTUM ANALYSE SYSTEM ist ein \u201eLifestyle-Player\u201c - \"ein Spielger\u00e4t\" und kein medizinisches Ger\u00e4t. Analytische Auswertungen mit dem BQAS \u2013 BIO QUANTUM ANALYSIS SYSTEM sind aus medizinischer Sichtweise nicht von Bedeutung, deshalb von Wissenschaft und Schulmedizin auch nicht anerkannt. Die Analyse mit dem BQAS \u2013 BIO QUANTUM ANALYSIS SYSTEM ersetzt Grund dessen keine schulmedizinisch anerkannten Diagnosemethoden.<\/p>\r\n\r\nAus der Analyseinterpretation, resultierend aus dem BQAS-BIO QUANTUM ANALYSE SYSTEM Test, k\u00f6nnen keine aussagekr\u00e4ftigen medizinisch anerkannten Diagnosen oder Gesundheitszust\u00e4nde bzw. Messwerte des Anwenders abgeleitet werden. Diagnosen und Therapiema\u00dfnahmen k\u00f6nnen ausschlie\u00dflich von \u00c4rzten, Therapeuten oder Heilpraktikern erstellt und eingeleitet werden. Ergebnisse und Messwerte aus dem BQAS-BIO QUANTUM ANALYSE SYSTEM Test k\u00f6nnen aufgrund falscher Anwendung, situationsbedingtem Verfassungszustandes und\/oder Lebenswandel des Anwenders verf\u00e4lscht sein. Fakt: BQAS ist ein Lifestyle-Player\" - ein Spielger\u00e4t das mit K\u00f6rperfunktionsanalysen spielt, die angegeben, angepriesenen Leistungen nicht erf\u00fcllt - so aus der Sichtweise der Wissenschaft, Schulmedizin, Elektroniker. K\u00e4ufer dieses Ger\u00e4tes treffen in Kenntnisnahme dieser Fakten (Tatsachen) ihre Kaufentscheidung freiwillig und auf eigenes Risiko.<\/p>\r\n\r\nEine Vielzahl an Hom\u00f6opathen europaweit arbeiten zwar schon jahrelang mit der BIORESONANZ und machen mit den Bioresonanz-Ger\u00e4ten erfolgreiche Umpolungen bei Allergien etc..<\/p>\r\n\r\n\"Wehrmutstropfen\": BQAS Anwender nutzen das Ger\u00e4t zur vollsten Zufriedenheit, es gab bis dato keine einzige Beschwerde. Kann denn das alles Humbug sein, nur weil die Elektroniker, die Schulmedizin, die Wissenschaft mit elektromagnetischen Wellen, Gravitationswellen oder Schallwellen und Skalarwellen nichts anzufangen wei\u00df? War Nicola Teslar gar ein Scharlatan?\u00a0<\/p>\r\n\r\nEine Vielzahl an Hom\u00f6opathen europaweit arbeiten zwar schon jahrelang mit der BIORESONANZ und machen mit den Bioresonanz-Ger\u00e4ten erfolgreiche Umpolungen bei Allergien etc.. Kann denn das alles Humbug sein, nur weil die Elektrotechnik, die Schulmedizin, die Wissenschaft mit elektromagnetischen Wellen, Gravitationswellen oder Schallwellen und Skalarwellen nichts anzufangen wei\u00df? War Nicola Teslar gar ein Idiot? Warum glauben Millionen (auch Elektrotechniker, Schulmediziner, Wissenschaftler) an Gott \u2013 zumal ihn noch niemand weder gesehen noch messbar geh\u00f6rt, geschweige denn gar gef\u00fchlt hat!\r\n\r\nWird hier mit zweierlei Ma\u00df gemessen?\r\n\r\nDer Hersteller und Inverkehrbringer dieses \"LIFESTYLE-PLAYER\"\u00a0 Ger\u00e4tes namens BQAS-BIO QUANTUM ANALYSE SYSTEM \u00fcbernehmen keine sonstige Haftung oder Garantie bzw. Gew\u00e4hrleistung f\u00fcr die Messgenauigkeit bzw. Aussagekraft der Messdaten bzw. Interpretation durch dieses System. Fakt: Der K\u00e4ufer\/Anwender wendet das BQAS-BIO QUANTUM ANALYSE SYSTEM in Eigenregie, freiwillig und selbstst\u00e4ndig, unter Kenntnisnahme der vorhin geschilderten Fakten an, sodass keinerlei Haftung f\u00fcr, aus Messdaten bzw. Messergebnisse resultierende Personen- und\/oder Sachsch\u00e4den von Hersteller und Inverkehrbringer \u00fcbernommen werden.\u201c Skalarwellen (auch Scalarwelle) sind hypothetische, elektromagnetische Wellen. Sie unterscheiden sich von herk\u00f6mmlichen elektromagnetischen Wellen, indem sie sich in Richtung eines Feldzeigers (longitudinale Wellen) durch eine Schwingungsebene parallel zur Ausbreitungsrichtung ausbreiten. Obgleich sie als Gravitationswellen oder Schallwellen auftreten, verf\u00fcgen sie vor allem als elektrische und magnetische Feldph\u00e4nomene \u00fcber phantastische Eigenschaften.<\/p>\r\n\r\nDas \"LIFESTYLE-PLAYER\" Ger\u00e4t \u201eBQAS BIO QUANTUM ANALYSE SYSTEM\u201c ist markenrechtlich gesch\u00fctzt! * \u201eBQAS BIO QUANTUM ANALYSE SYSTEM\u201c Messparameter sind zum Patent angemeldet! * Alle Rechte bei: INNOVA SWISS AG. * BQAS-Hardware Ursprungsland\/Country of origin: China. BQAS-Software: USA \r\n\t\t\t\t<\/div>\n\t\t\t\t<\/div>\n\t\t\t\t\t<\/div>\n\t\t<\/div>\n\t\t\t\t\t<\/div>\n\t\t<\/section>\n\t\t\t\t<\/div>\n\t\t","protected":false},"excerpt":{"rendered":"<p>Kontakt mit INNOVA SWISS AG Wir haben Ihr Interesse geweckt? Sie haben offene Fragen? Dann kontaktieren Sie uns! F\u00fcllen Sie einfach das untenstehende Kontaktformular aus oder rufen Sie uns an. IMPRESSUM INNOVA-SWISS AG Aegeristrasse 5, 6300 Zug,Switzerland Firmenbuch Nummer : CHE-114.665.689 Verwaltungsrat : Wilhelm Gudelow F\u00fcr Streitigkeiten jeglicher Art: Gerichtsstand Zug\/Switzerland Email : office@innova-swiss.com Unternehmenszweck [&hellip;]<\/p>\n","protected":false},"author":1,"featured_media":0,"parent":0,"menu_order":0,"comment_status":"closed","ping_status":"closed","template":"elementor_header_footer","meta":{"footnotes":""},"class_list":["post-14","page","type-page","status-publish","hentry"],"_links":{"self":[{"href":"https:\/\/innova-swiss.com\/it\/wp-json\/wp\/v2\/pages\/14","targetHints":{"allow":["GET"]}}],"collection":[{"href":"https:\/\/innova-swiss.com\/it\/wp-json\/wp\/v2\/pages"}],"about":[{"href":"https:\/\/innova-swiss.com\/it\/wp-json\/wp\/v2\/types\/page"}],"author":[{"embeddable":true,"href":"https:\/\/innova-swiss.com\/it\/wp-json\/wp\/v2\/users\/1"}],"replies":[{"embeddable":true,"href":"https:\/\/innova-swiss.com\/it\/wp-json\/wp\/v2\/comments?post=14"}],"version-history":[{"count":21,"href":"https:\/\/innova-swiss.com\/it\/wp-json\/wp\/v2\/pages\/14\/revisions"}],"predecessor-version":[{"id":25185,"href":"https:\/\/innova-swiss.com\/it\/wp-json\/wp\/v2\/pages\/14\/revisions\/25185"}],"wp:attachment":[{"href":"https:\/\/innova-swiss.com\/it\/wp-json\/wp\/v2\/media?parent=14"}],"curies":[{"name":"wp","href":"https:\/\/api.w.org\/{rel}","templated":true}]}}