{"id":603,"date":"2019-07-23T10:51:50","date_gmt":"2019-07-23T08:51:50","guid":{"rendered":"http:\/\/innova-swiss.galagali.info\/?page_id=603"},"modified":"2023-09-08T08:52:17","modified_gmt":"2023-09-08T06:52:17","slug":"liefer-zahlungsbedingungen-datenschutz","status":"publish","type":"page","link":"https:\/\/innova-swiss.com\/it\/condizioni-di-pagamento-protezione-dei-dati\/","title":{"rendered":"Condizioni di consegna e pagamento \/ AGB"},"content":{"rendered":"<h1>Condizioni di consegna e pagamento \/ AGB<\/h1>\n<h4>Condizioni di consegna<\/h4>\n<p><strong>Consegna nei paesi dell'UE:<\/strong> consegna dal magazzino centrale di Graz\/Austria, trasporto a carico del cliente<\/p>\n<p><strong>Consegna in Svizzera:<\/strong>\u00a0immediatamente dal nuovo magazzino secondario svizzero\/CH-8585 Langrickenbach - in porto franco!<\/p>\n<p><b>Termini e condizioni generali (GTC)\u00a0<\/b><\/p>\n<p><b>Ambito di applicazione\u00a0<\/b><\/p>\n<p>Le presenti Condizioni Generali di Vendita e Consegna si applicano a tutte le consegne di merci effettuate da INNOVA SWISS sulla base di ordini di vendita a distanza. Il cliente riconosce le presenti Condizioni Generali di Vendita e Consegna al momento dell'ordine o, al pi\u00f9 tardi, al momento del ricevimento della merce. Modifiche o accordi accessori, per essere validi, devono essere confermati da rappresentanti autorizzati della nostra azienda iscritti al registro delle imprese e si applicano solo alla singola transazione commerciale. Gli altri nostri dipendenti non sono autorizzati a concordare modifiche o accordi accessori alle presenti Condizioni Generali di Vendita e Consegna.<\/p>\n<p>Le condizioni contrattuali del cliente vengono espressamente respinte nella loro interezza. L'eventuale invalidit\u00e0 di singoli punti delle presenti Condizioni Generali di Vendita e Consegna non pregiudica la validit\u00e0 delle restanti disposizioni e dei contratti stipulati sulla base delle stesse. Al posto della disposizione non valida, le parti concorderanno una disposizione valida che si avvicini il pi\u00f9 possibile al significato e allo scopo della disposizione non valida.<\/p>\n<p><b>Conclusione del contratto\u00a0<\/b><\/p>\n<p>Le nostre offerte non sono vincolanti nella loro interezza. Gli ordini dei clienti costituiscono un'offerta in senso giuridico, alla quale il cliente \u00e8 vincolato per tre settimane. Il contratto si conclude solo con la nostra conferma d'ordine (fatturazione) o con la consegna o l'esecuzione. Non \u00e8 necessaria una notifica separata di accettazione da parte del cliente. I nostri prezzi sono comprensivi dell'IVA nazionale prevista per legge, compresi i costi di consegna ed esclusi i servizi accessori, a meno che non siano indicate altre condizioni di consegna o imposte fiscali, dazi doganali, oneri doganali nelle informazioni sui prezzi applicabili nel negozio dell'ordine. Per le consegne in paesi al di fuori dell'Unione Europea, si applicano anche le spese di consegna e i dazi all'esportazione e all'importazione applicabili.<\/p>\n<p><b>Consegna e tempi di consegna\u00a0<\/b><\/p>\n<p>La spedizione avverr\u00e0 a rischio e a spese del cliente all'indirizzo di consegna indicato dal cliente al momento dell'ordine. L'indicazione dei termini di consegna non \u00e8 vincolante. Il mancato rispetto dei termini di consegna autorizza in ogni caso il cliente a far valere il diritto di recesso solo nel caso in cui non si proceda alla consegna nonostante sia stato fissato per iscritto un termine di almeno tre settimane.<\/p>\n<p>Il termine di consegna sar\u00e0 prorogato per la durata dell'impedimento dovuto a tutte le circostanze indipendenti dalla volont\u00e0 delle parti, quali casi di forza maggiore, interruzioni operative imprevedibili, interventi ufficiali, ritardi di trasporto e doganali, danni di trasporto, scarti di parti importanti della produzione e controversie di lavoro.<\/p>\n<p>Si applicano i termini e le condizioni di consegna indicati sul portale Internet e nell'ordine.<\/p>\n<p><b>Garanzia\u00a0<\/b><\/p>\n<p>I difetti che si manifestano devono essere denunciati - senza conseguenze legali negative per il cliente, che \u00e8 un consumatore ai sensi del KSchG, in caso di mancato adempimento - il prima possibile al momento della consegna o dopo che si sono manifestati. Se il cliente \u00e8 un imprenditore ai sensi della legge austriaca sulla tutela dei consumatori (KSchG), \u00e8 tenuto a controllare la merce consegnata o il servizio prestato subito dopo il ricevimento per verificarne la completezza, la correttezza e altri difetti e a denunciare i difetti per iscritto immediatamente, ma non oltre cinque giorni lavorativi dal ricevimento della merce o del servizio, altrimenti decadono tutti i diritti a lui spettanti a causa di difetti riconoscibili durante un'adeguata ispezione.<\/p>\n<p>Se l'articolo \u00e8 difettoso, il cliente pu\u00f2 scegliere tra il miglioramento e la sostituzione. Solo se queste due opzioni non sono praticabili, il cliente pu\u00f2 richiedere, in conformit\u00e0 alle disposizioni di legge, un'adeguata riduzione del prezzo o la risoluzione del contratto. Se eliminiamo un difetto, lo facciamo gratuitamente e senza spese; possiamo chiedere al cliente di inviarci la merce a nostro rischio e a nostre spese, nella misura in cui ci\u00f2 sia possibile. Il cliente \u00e8 tenuto a darci la possibilit\u00e0 di eliminare il difetto.<\/p>\n<p>Risarcimento dei danni<\/p>\n<p>Non ci assumiamo alcuna responsabilit\u00e0 per danni di qualsiasi natura, in particolare a causa di ritardi, impossibilit\u00e0 di esecuzione, violazione positiva del contratto, culpa in contrahendo, danni conseguenti causati da un difetto, vizi o a causa di azioni non autorizzate causate da noi o da persone per le quali siamo responsabili a causa di una lieve negligenza. I clienti che sono imprenditori ai sensi del KSchG devono dimostrare l'esistenza di negligenza grave o di dolo. Nel caso di contratti con i consumatori, questa esclusione di responsabilit\u00e0 non si applica ai danni alle persone o agli articoli accettati per la lavorazione. <b>Condizioni di pagamento\u00a0<\/b><\/p>\n<p>Le nostre fatture devono essere pagate esclusivamente come segue:<\/p>\n<ol>\n<li>Contanti istantanei<\/li>\n<li>PayPal<\/li>\n<\/ol>\n<p>3. carta di credito (Mastercard, Visa)<\/p>\n<p>Per quanto riguarda il punto 1: la merce verr\u00e0 spedita solo dopo aver ricevuto l'intero importo della fattura sul nostro conto bancario.<\/p>\n<p>Per quanto riguarda il punto 2: la merce sar\u00e0 spedita immediatamente dopo il ricevimento dell'intero importo della fattura da parte di PayPal e l'approvazione da parte di PayPal a INNOVA SWISS.<\/p>\n<p>Punto 3: La carta di credito fornita verr\u00e0 controllata per verificare la presenza di fondi subito dopo l'invio dell'ordine da parte del cliente e quindi addebitata. I dati della carta di credito non vengono memorizzati in alcun modo e non vengono trasmessi a terzi.<\/p>\n<p>Punto 4: Ordini con codice voucher: Se si utilizza il proprio codice voucher per i propri ordini, si rinuncia alla commissione d'agenzia.<\/p>\n<p>Punto 1: Per gli ordini inferiori al valore minimo concordato della merce, le spese di spedizione e di contrassegno saranno addebitate al cliente.<\/p>\n<p><b>Mantenimento del titolo\u00a0<\/b><\/p>\n<p>Fino al completo pagamento del prezzo, comprese tutte le spese accessorie, gli articoli consegnati rimangono di nostra esclusiva e illimitata propriet\u00e0. Fino a quel momento, quindi, sono solo beni affidati al cliente, che non possono essere venduti, dati in pegno, ceduti o prestati. Il cliente non \u00e8 autorizzato a disporre di tali articoli senza il nostro previo consenso esplicito e si assume il rischio totale della merce affidatagli sotto ogni aspetto, in particolare anche per il rischio di distruzione, perdita e deterioramento. Diritto applicabile, luogo di adempimento, foro competente \u00e8 la sede legale della societ\u00e0, si applica il diritto svizzero.<\/p>\n<p>Il rapporto giuridico con il cliente \u00e8 disciplinato esclusivamente dal diritto sostanziale svizzero, lingua ufficiale tedesca, con esclusione della Convenzione delle Nazioni Unite sui contratti di vendita internazionale di merci. Il luogo di pagamento e di adempimento per tutti gli obblighi derivanti dal presente contratto \u00e8 la sede legale di INNOVA SWISS.<\/p>\n<p>Il foro competente per tutte le controversie derivanti direttamente o indirettamente dal contratto \u00e8 il tribunale svizzero con giurisdizione locale e per materia di CH-6300 Zug. Se il cliente \u00e8 un consumatore ai sensi della legge austriaca sulla tutela dei consumatori (KSchG), questo foro competente si intende accettato solo se il cliente ha il domicilio, la residenza abituale o la sede di lavoro in questa giurisdizione o se il cliente vive all'estero. Siamo inoltre autorizzati a citare in giudizio il cliente presso il suo foro competente generale.<\/p>\n<p><b>Protezione dei dati\u00a0<\/b><\/p>\n<p>Il cliente accetta che i dati comunicati nel contesto dell'ordine e dell'elaborazione dell'ordine vengano raccolti, elaborati, memorizzati e utilizzati ai fini della nostra contabilit\u00e0, nonch\u00e9 per ricerche di mercato interne e per scopi di marketing. I dati saranno utilizzati da noi per adempiere ai requisiti di legge, per elaborare le transazioni di pagamento e per scopi pubblicitari.<\/p>\n<p><b>Non abusare dei nomi dei marchi\u00a0<\/b><\/p>\n<p>In qualit\u00e0 di partner e cliente di INNOVA SWISS, i nomi dei marchi non possono essere utilizzati in modo improprio online o tramite motori di ricerca che possano creare confusione con il marchio.<\/p>\n<p><b>Diritto di recesso ai sensi del \u00a7 5 e KSchG.\u00a0<\/b><\/p>\n<p>Il cliente, che \u00e8 un consumatore ai sensi della legge austriaca sulla protezione dei consumatori (KSchG), pu\u00f2 recedere da un contratto stipulato o da una dichiarazione contrattuale fatta a distanza fino alla scadenza dei termini indicati di seguito. \u00c8 sufficiente che la comunicazione di recesso venga inviata entro il termine stabilito. Il termine di recesso \u00e8 di sette giorni lavorativi, in cui il sabato non conta come giorno lavorativo. Il termine decorre dal giorno in cui la merce viene ricevuta dal fornitore (INNOVA SWISS).<\/p>\n<p><b>Varie\u00a0<\/b><\/p>\n<p>Le consegne e le dichiarazioni di intenti vengono effettuate con effetto legale all'indirizzo indicato dal cliente nell'ordine fino alla comunicazione scritta di un indirizzo diverso. Il cliente \u00e8 tenuto a fornire in modo completo e corretto i dati rilevanti richiesti nel negozio al momento dell'ordine. In caso di informazioni errate, incomplete o poco chiare da parte del cliente, quest'ultimo \u00e8 responsabile di tutti i costi che ne derivano per noi; lo stesso vale anche per i costi che ci derivano dalla mancata accettazione della merce da parte del cliente o del destinatario. Il cliente \u00e8 tenuto a comunicarci immediatamente per iscritto eventuali cambiamenti di nome, indirizzo o residenza, pena il risarcimento dei danni. In caso di mancata comunicazione, l'invio di una notifica scritta all'ultimo indirizzo conosciuto del cliente sar\u00e0 considerato come un'effettiva consegna.<\/p>\n<p>Qualsiasi trasferimento a terzi dei diritti derivanti dal contratto stipulato con noi richiede il nostro consenso scritto. Siamo autorizzati. Un ordine \u00e8 possibile solo se tutti i campi obbligatori (campi contrassegnati da un asterisco) sono compilati. Il cliente \u00e8 consapevole che Internet non \u00e8 un mezzo di comunicazione sicuro e che i dati inviati via Internet possono essere conosciuti e modificati da terzi. Il cliente si assume il rischio che i dati non ci arrivino o non ci arrivino nella forma in cui sono stati inviati. Possiamo fare affidamento sul fatto che i dati siano stati inviati dal cliente nella forma in cui li abbiamo ricevuti.<\/p>\n<p><b>INNOVA SWISS AG\u00a0<\/b><\/p>\n<p>6300 ZUG\/SVIZZERA<\/p>\n<h4>Condizioni di pagamento<\/h4>\n<p><b>Contanti in anticipo:<\/b> Pagabile direttamente sul nostro conto bancario svizzero!<\/p>\n<p>PayPal: Il pagamento degli ordini su questo sito \u00e8 possibile anche con carta di credito (Visa incl. Verified by Visa e MasterCard incl. MasterCard SecureCode) o Maestro SecureCode!<\/p>\n<p>Attenzione: <b>Conferma d'ordine (fattura)<\/b> sar\u00e0 inviata automaticamente via e-mail!<\/p>\n<p>Se il <b>La conferma dell'ordine non arriva<\/b>controllare il vostro <b>Cartella spam!<\/b><\/p>\n<h4>INNOVA SWISS AG - Informativa sulla privacy <a href=\"https:\/\/innova-swiss.com\/wp-content\/uploads\/Datenschutzerkl%C3%A4rung-1.pdf\" target=\"_blank\" rel=\"noopener\">(Vedi anche il file PDF - Informativa sulla privacy)<\/a><\/h4>\n<ul>\n<li>Desideriamo sottolineare che, in caso di ordine, i vostri dati personali saranno memorizzati da innova-swiss.com in forma elettronica.<\/li>\n<li>I dati del vostro indirizzo non saranno trasmessi ad altri destinatari o fornitori di servizi.<\/li>\n<li>I vostri dati non saranno utilizzati per altri scopi (ad esempio, per l'inoltro a terzi o per scopi pubblicitari).<\/li>\n<li>I dati della carta di credito verranno elaborati solo per questo processo d'ordine e saranno inoltrati al fornitore del servizio di pagamento per la prenotazione in forma elettronica.<\/li>\n<li>Tutti i dati vengono trasmessi utilizzando una crittografia sicura.<\/li>\n<li>I dati della carta di credito non vengono memorizzati da innova-swiss.com.<\/li>\n<li>Ho letto l'informativa sulla privacy e sono pienamente d'accordo con i contenuti e il relativo trattamento.<\/li>\n<li>Effettuando l'ordine, ho accettato l'informativa sulla privacy!<\/li>\n<\/ul>\n<h4>Come utilizziamo i cookie<\/h4>\n<p>I cookie sono file di testo molto piccoli che vengono memorizzati sul vostro computer quando visitate alcuni siti web.<\/p>\n<p>Utilizziamo i cookie per identificare il vostro computer in modo da poter personalizzare la vostra esperienza utente, tenere traccia del contenuto del vostro carrello e ricordare la vostra posizione nel processo di checkout.<\/p>\n<p>\u00c8 possibile disattivare tutti i cookie gi\u00e0 memorizzati sul computer. Tuttavia, in questo modo il nostro sito web potrebbe non funzionare pi\u00f9 correttamente!<\/p>\n<p>I seguenti punti sono essenziali per il funzionamento del nostro sito web.<\/p>\n<p>Questo sito web utilizza i cookie:<\/p>\n<ul>\n<li>ricordate cosa c'\u00e8 nel vostro carrello<\/li>\n<li>ricordarsi a che punto del processo d'ordine ci si trova<\/li>\n<li>ricordatevi di aver effettuato il login e che la vostra sessione \u00e8 sicura. Per completare un ordine \u00e8 sempre necessario aver effettuato il login!<\/li>\n<\/ul>\n<p>I punti seguenti non sono strettamente necessari, ma sono indispensabili per offrirvi la migliore esperienza d'uso e per farci sapere quali sono le pagine che trovate (in forma anonima) pi\u00f9 interessanti.<\/p>\n<h4>Cookie funzionali<\/h4>\n<p>Questo sito web:<\/p>\n<ul>\n<li>tracciare le pagine visitate dall'utente tramite Google Analytics a fini statistici<\/li>\n<\/ul>\n<p>Questo sito web non lo far\u00e0:<\/p>\n<ul>\n<li>condividere le informazioni personali con terzi.<\/li>\n<\/ul>","protected":false},"excerpt":{"rendered":"<p>Liefer- &amp; Zahlungsbedingungen \/ AGBs Lieferbedingungen Lieferung innerhalb der EU-Staaten: geliefert vom Zentrallager Graz\/\u00d6sterreich, franko Kunde Lieferung innerhalb Schweiz:\u00a0ab sofort vom neuen Schweizer Sub-Lager\/CH-8585 Langrickenbach \u2013 franko Kunde! Allgemeinen Gesch\u00e4ftsbedingungen (AGB)\u00a0 Geltungsbereich\u00a0 Diese Allgemeinen Verkaufs- und Lieferbedingungen gelten f\u00fcr alle Lieferungen von Waren welche durch die INNOVA SWISS aufgrund von Bestellungen im Fernabsatz erfolgen. Mit [&hellip;]<\/p>\n","protected":false},"author":1,"featured_media":0,"parent":0,"menu_order":0,"comment_status":"closed","ping_status":"closed","template":"elementor_header_footer","meta":{"footnotes":""},"class_list":["post-603","page","type-page","status-publish","hentry"],"_links":{"self":[{"href":"https:\/\/innova-swiss.com\/it\/wp-json\/wp\/v2\/pages\/603","targetHints":{"allow":["GET"]}}],"collection":[{"href":"https:\/\/innova-swiss.com\/it\/wp-json\/wp\/v2\/pages"}],"about":[{"href":"https:\/\/innova-swiss.com\/it\/wp-json\/wp\/v2\/types\/page"}],"author":[{"embeddable":true,"href":"https:\/\/innova-swiss.com\/it\/wp-json\/wp\/v2\/users\/1"}],"replies":[{"embeddable":true,"href":"https:\/\/innova-swiss.com\/it\/wp-json\/wp\/v2\/comments?post=603"}],"version-history":[{"count":0,"href":"https:\/\/innova-swiss.com\/it\/wp-json\/wp\/v2\/pages\/603\/revisions"}],"wp:attachment":[{"href":"https:\/\/innova-swiss.com\/it\/wp-json\/wp\/v2\/media?parent=603"}],"curies":[{"name":"wp","href":"https:\/\/api.w.org\/{rel}","templated":true}]}}