{"id":623,"date":"2019-07-23T12:32:10","date_gmt":"2019-07-23T10:32:10","guid":{"rendered":"http:\/\/innova-swiss.galagali.info\/?page_id=623"},"modified":"2025-01-08T16:25:17","modified_gmt":"2025-01-08T15:25:17","slug":"impressum","status":"publish","type":"page","link":"https:\/\/innova-swiss.com\/it\/impronta\/","title":{"rendered":"Impronta"},"content":{"rendered":"<h1>INNOVA SWISS - Impronta<\/h1>\n<h4>INNOVA-SWISS AG<\/h4>\n<p><b>Indirizzo<\/b><\/p>\n<p>All'attenzione di W. Gudelow<\/p>\n<p>Aegeristrasse 5, 6300 Zug, Svizzera<\/p>\n<h4>Numero di registro commerciale<\/h4>\n<p>CHE-114.665.689<\/p>\n<h4>Consiglio di amministrazione<\/h4>\n<p>Wilhelm Gudelow<\/p>\n<h4>e-mail<\/h4>\n<p>office@innova-swiss.com<\/p>\n<h4>Scopo<\/h4>\n<p>Fornitura di servizi di sviluppo, progettazione, produzione e marketing<br \/>\ndi integratori alimentari di alta qualit\u00e0 con il principio attivo di base NADH (coenzima 1);<br \/>\nMarketing di prodotti medici e lifestyle<\/p>\n<p>&nbsp;<\/p>\n<p style=\"font-weight: 400\">Cordiali saluti<\/p>\n<p style=\"font-weight: 400\"><strong>Ernest E. Kraxner<\/strong> | CEO GNP-INTERNATIONAL<\/p>\n<p style=\"font-weight: 400\"><strong><u>Ufficio Marketing\/Ufficio Marketing<\/u><\/strong><\/p>\n<p style=\"font-weight: 400\"><span style=\"color: #ff0000\"><strong style=\"font-weight: 600\">ASSOCIAZIONE GNP INC.<\/strong><\/span><\/p>\n<p style=\"font-weight: 400\">Dr.Tillygasse 2<\/p>\n<p style=\"font-weight: 400\">A-8046 Graz-Austria<\/p>\n<p style=\"font-weight: 400\"><strong>Mobile:<\/strong> +43 664 342 42 99<\/p>\n<p style=\"font-weight: 400\"><strong>E-mail:<\/strong>\u00a0<a href=\"mailto:marketing@gn-products.com\">marketing@gn-products.com<\/a><\/p>\n<p style=\"font-weight: 400\"><strong><u>Indirizzo della fattura<\/u><\/strong><\/p>\n<p style=\"font-weight: 400\"><span style=\"color: #ff0000\"><strong style=\"font-weight: 600\">ASSOCIAZIONE GNP INC.<\/strong><\/span><\/p>\n<p style=\"font-weight: 400\">Florianiplatz 12<\/p>\n<p style=\"font-weight: 400\">A-8200 Gleisdorf-Austria<\/p>\n<p style=\"font-weight: 400\"><strong>E-mail:<\/strong>\u00a0<a href=\"mailto:office@gn-products.com\">office@gn-products.com<\/a><\/p>\n<p style=\"font-weight: 400\"><strong>ATU..:<\/strong> 61903257<\/p>\n<p style=\"font-weight: 400\"><strong>\u00d6st.<\/strong> Numero di registro dell'azienda: 262669d<\/p>\n<p style=\"font-weight: 400\"><strong>EORI no:<\/strong> ATEOS1000009861<\/p>\n<p style=\"font-weight: 400\"><strong style=\"font-weight: 600\">Siti web:<\/strong><\/p>\n<p style=\"font-weight: 400\"><a href=\"http:\/\/www.gesundlebenshop.at\/\" target=\"_blank\" rel=\"noopener\">www.gesundlebenshop.at<\/a><\/p>\n<p style=\"font-weight: 400\"><a href=\"http:\/\/www.gesundlebenshop.de\/\" target=\"_blank\" rel=\"noopener\">www.gesundlebenshop.de<\/a><\/p>\n<p>&nbsp;<\/p>\n<h4>Paese di origine BQAS (COO):<\/h4>\n<p>Software: USA - Hardware: Cina<\/p>\n<h4>Software BQAS - brevetto registrato in Austria:<\/h4>\n<p>PNL-Austria<\/p>\n<h4>Protezione del marchio<\/h4>\n<p>Protezione del marchio BQAS per l'Austria n. 291180 da parte di GNP GLOBAL NADH PRODUCTS. Seguir\u00e0 domanda di registrazione nell'UE!<\/p>\n<p><a href=\"https:\/\/innova-swiss.com\/wp-content\/uploads\/Datenschutzerkl\u00e4rung-1.pdf\" target=\"_blank\" rel=\"noopener noreferrer\">Informativa sulla privacy da scaricare in formato PDF<\/a><\/p>","protected":false},"excerpt":{"rendered":"<p>INNOVA SWISS &#8211; Impressum INNOVA-SWISS AG Adresse z.H. W. Gudelow Aegeristrasse 5, 6300 Zug, Switzerland Handelsregister-Nummer CHE-114.665.689 Verwaltungsrat Wilhelm Gudelow Email office@innova-swiss.com Zweck Erbringung von Dienstleistungen in Entwicklung, Design, Produktion und Vermarktung von hochwertigen Nahrungserg\u00e4nzungsmitteln mit dem Basiswirkstoff NADH (Coenzym 1); Vermarktung von Sanit\u00e4ts- und Lifestyle Produkten &nbsp; Beste Gr\u00fc\u00dfe\/best regards Ernest E. Kraxner | [&hellip;]<\/p>\n","protected":false},"author":1,"featured_media":0,"parent":0,"menu_order":0,"comment_status":"closed","ping_status":"closed","template":"elementor_header_footer","meta":{"footnotes":""},"class_list":["post-623","page","type-page","status-publish","hentry"],"_links":{"self":[{"href":"https:\/\/innova-swiss.com\/it\/wp-json\/wp\/v2\/pages\/623","targetHints":{"allow":["GET"]}}],"collection":[{"href":"https:\/\/innova-swiss.com\/it\/wp-json\/wp\/v2\/pages"}],"about":[{"href":"https:\/\/innova-swiss.com\/it\/wp-json\/wp\/v2\/types\/page"}],"author":[{"embeddable":true,"href":"https:\/\/innova-swiss.com\/it\/wp-json\/wp\/v2\/users\/1"}],"replies":[{"embeddable":true,"href":"https:\/\/innova-swiss.com\/it\/wp-json\/wp\/v2\/comments?post=623"}],"version-history":[{"count":0,"href":"https:\/\/innova-swiss.com\/it\/wp-json\/wp\/v2\/pages\/623\/revisions"}],"wp:attachment":[{"href":"https:\/\/innova-swiss.com\/it\/wp-json\/wp\/v2\/media?parent=623"}],"curies":[{"name":"wp","href":"https:\/\/api.w.org\/{rel}","templated":true}]}}