{"id":8,"date":"2019-06-21T09:54:20","date_gmt":"2019-06-21T07:54:20","guid":{"rendered":"http:\/\/localhost\/innova\/?page_id=8"},"modified":"2021-04-21T08:28:42","modified_gmt":"2021-04-21T06:28:42","slug":"ueber-uns","status":"publish","type":"page","link":"https:\/\/innova-swiss.com\/it\/chi-siamo\/","title":{"rendered":"SU DI NOI"},"content":{"rendered":"<div data-elementor-type=\"wp-post\" data-elementor-id=\"8\" class=\"elementor elementor-8\" data-elementor-post-type=\"page\">\n\t\t\t\t\t\t<section class=\"elementor-section elementor-top-section elementor-element elementor-element-6caebd0 elementor-section-boxed elementor-section-height-default elementor-section-height-default\" data-id=\"6caebd0\" data-element_type=\"section\" data-e-type=\"section\">\n\t\t\t\t\t\t<div class=\"elementor-container elementor-column-gap-default\">\n\t\t\t\t\t<div class=\"elementor-column elementor-col-100 elementor-top-column elementor-element elementor-element-f45f4e1 gap-bottom\" data-id=\"f45f4e1\" data-element_type=\"column\" data-e-type=\"column\" data-settings=\"{&quot;background_background&quot;:&quot;classic&quot;}\">\n\t\t\t<div class=\"elementor-widget-wrap elementor-element-populated\">\n\t\t\t\t\t\t<div class=\"elementor-element elementor-element-45fd0db elementor-widget elementor-widget-html\" data-id=\"45fd0db\" data-element_type=\"widget\" data-e-type=\"widget\" data-widget_type=\"html.default\">\n\t\t\t\t<div class=\"elementor-widget-container\">\n\t\t\t\t\t<fieldset>\r\n\t<legend align=\"left\"><img decoding=\"async\" src=\"https:\/\/innova-swiss.com\/wp-content\/uploads\/board-of-director.jpg\"><\/legend>\r\n<h3 class=\"expert-name\">Wilhelm Gudelow<\/h3>\r\n<h3>Consiglio di amministrazione di INNOVA SWISS AG<\/h3>\r\n<p>La nostra azienda \u00e8 stata fondata nel 2016 con l'obiettivo di conquistare una posizione esclusiva nel mercato europeo con dispositivi di tecnologia medica all'avanguardia nel mondo. I nostri prodotti sono dispositivi medici per lo stile di vita che vengono offerti a medici, terapisti, operatori alternativi e consumatori finali.<\/p>\r\n<p>Dobbiamo chiamarli dispositivi per lo stile di vita perch\u00e9 non sono riconosciuti dalla scienza o dalla medicina convenzionale. Si tratta, ad esempio, di dispositivi che effettuano misurazioni altamente professionali delle onde scalari (le onde scalari sono state scoperte da Nikola Tesla nel 1856 - 1943) su uomini e animali (come il nostro dispositivo BQAS e ANIMALIUM). Oppure il nuovo orologio laser per stimolare la circolazione sanguigna, i cui risultati effettivi possono essere verificati con un microscopio capillare - per citare solo alcuni dispositivi.<\/p>\r\n<p>Innova Swiss AG si \u00e8 guadagnata in breve tempo un'ottima reputazione internazionale grazie al suo ottimo rapporto prezzo\/prestazioni, al servizio perfetto e alla puntualit\u00e0 delle consegne.<\/p>\r\n<p>La collaborazione con il gruppo internazionale di aziende GNP GLOBAL NATURE PRODUCTS ASSOCIATION INC. Oregon USA ha portato al nostro ingresso nel mercato degli integratori alimentari. Dal 2018 siamo anche distributori esclusivi della gamma completa di prodotti NADH della GNP.<\/p>\r\n<p>La nostra attenzione \u00e8 sempre rivolta al cliente. Cerchiamo di soddisfare al meglio i requisiti che ci vengono richiesti o che il mercato ci impone.<\/p>\r\n<p>Tenendo presente questo, rimanete e\/o curatevi.<\/p>\r\n<p>Il tuo<\/p>\r\n<p>Wilhelm Gudelow<\/p>\r\n<p>INNOVA SWISS AG<\/p>\r\n<\/fieldset>\t\t\t\t<\/div>\n\t\t\t\t<\/div>\n\t\t\t\t\t<\/div>\n\t\t<\/div>\n\t\t\t\t\t<\/div>\n\t\t<\/section>\n\t\t\t\t<section class=\"elementor-section elementor-top-section elementor-element elementor-element-ae8d359 gap elementor-section-boxed elementor-section-height-default elementor-section-height-default\" data-id=\"ae8d359\" data-element_type=\"section\" data-e-type=\"section\">\n\t\t\t\t\t\t<div class=\"elementor-container elementor-column-gap-default\">\n\t\t\t\t\t<div class=\"elementor-column elementor-col-100 elementor-top-column elementor-element elementor-element-d7a8eac\" data-id=\"d7a8eac\" data-element_type=\"column\" data-e-type=\"column\">\n\t\t\t<div class=\"elementor-widget-wrap elementor-element-populated\">\n\t\t\t\t\t\t<div class=\"elementor-element elementor-element-1bbcfcc elementor-widget elementor-widget-html\" data-id=\"1bbcfcc\" data-element_type=\"widget\" data-e-type=\"widget\" data-widget_type=\"html.default\">\n\t\t\t\t<div class=\"elementor-widget-container\">\n\t\t\t\t\t<fieldset>\r\n\t<legend align=\"left\"><img decoding=\"async\" src=\"https:\/\/innova-swiss.com\/wp-content\/uploads\/ernest-kraxner.jpg\"><\/legend>\r\n<h3 class=\"expert-name\">Ernest E. Kraxner <\/h3>\r\n<h3>CEO GNP INTERNATIONAL e licenziatario generale per INNOVA SWISS AG - Europa<\/h3>\r\n<h3>Il meglio per la vostra salute!<\/h3>\r\n<p><b>INNOVA SWISS AG<\/b> \u00e8 il partner di vendita esclusivo in Europa, da <b>GNP GLOBAL NATURE PRODUCTS Oregon\/USA<\/b> (Distributore Generale a livello mondiale) e quindi autorizzato ad acquisire partner commerciali nazionali nei paesi europei.<\/p>\r\n<p><b>GNP ASSOCIAZIONE GLOBALE PRODOTTI NATURALI INC.<\/b> \u00e8 stata fondata da me nel 2005 in OREGON\/USA, dove sono ancora amministratore delegato. In precedenza, sono stato per diversi anni partner di progetto del Prof DDr J\u00f6rg Birkmayer di Vienna. Possedevamo anche un brevetto internazionale congiunto, che ora \u00e8 in mio possesso (a causa di un totale di 4 insolvenze del Prof. Birkmayer, compresa la bancarotta privata).<\/p>\r\n<p> Nel 2006, la filiale indipendente <b>PNL\/Gleisdorf\/Austria,<\/b> il riavvio con <b>NADH pastiglie sublinguali<\/b> in Europa.<\/p>\r\n<p>Le pastiglie sublinguali ad azione rapida erano gi\u00e0 all'epoca molto vendute negli Stati Uniti, perch\u00e9, assorbendo i principi attivi attraverso la mucosa orale, raggiungono direttamente il cervello e garantiscono quindi un effetto rapido e non alterato.<\/p>\r\n<p>Noi della PNL abbiamo iniziato con la pastiglia AX|10 NADH plus Spriulina, oggi <b>CX|10 - NADH pi\u00f9 clorella (Rende la testa pi\u00f9 chiara),<\/b> seguita nel 2007 dalla seconda losanga <b>SX|10 NADH pi\u00f9 L-Arginina (LIBIDOENERGIA per uomo e donna).<\/b> Questa losanga \u00e8 stata imitata da molti altri, ma non \u00e8 ancora disponibile a causa dei costi di produzione. <b>Formulazione GNP e dosaggio speciale,<\/b> incontrastato il <b>Numero 1 sul mercato internazionale.<\/b><\/p>\r\n<p>Lo stesso vale per <b>Prezzo\/prestazioni dei prodotti GNP NADH,<\/b> la cui gamma di prodotti oggi <b>13 prodotti NADH<\/b> (cio\u00e8 8 pastiglie - 1 micropastiglia e 4 pastiglie). I prodotti GNP-NADH sono venduti con successo anche in Cina e a Taiwan.<\/p>\r\n<p>\r\n<b>Qual \u00e8 la chiave del successo? La garanzia di autenticit\u00e0 dei nostri prodotti!<\/b>\r\nTutti i prodotti NADH (integratori alimentari) per l'Europa\/USA e l'Asia sono prodotti da GNP\/USA su licenza in Austria, utilizzando una formula e un marchio di propriet\u00e0. La GNP offre tutti i suoi prodotti NADH per la protezione dall'umidit\u00e0 esclusivamente in Austria. <b>vescica<\/b> (a tenuta di diffusione).\r\n<\/p>\r\n<p>Il da <b>PNL\/USA<\/b> I prodotti NADH, sviluppati esclusivamente in collaborazione con medici e nutrizionisti, sono approvati dall'Agenzia per la Salute e la Sicurezza sul Lavoro. <b>Agenzia austriaca per la sicurezza alimentare \"AGES\" o Universit\u00e0 tecnica di Graz\/Austria da O. Univ. Prof. Dr Pfannhauser, testato secondo le linee guida dell'EROPEAN HEALTH CLAIMS REGULATIONS e certificato come commerciabile.<\/b><\/p>\r\n\r\n<p>Forniamo i nostri partner di vendita da oltre 12 anni: <b>Farmacie, drogherie, hotel di benessere e bellezza, medici, terapeuti, operatori alternativi e nutrizionisti, nonch\u00e9 fornitori di Internet selezionati e i nostri numerosi e fedeli consumatori finali.<\/b><\/p>\r\n\r\n<p>Il nostro nome e la nostra affidabilit\u00e0 sono alla base dei prodotti GNP-NADH. Grazie per la vostra pluriennale fiducia.\r\n<\/p>\r\n<p><b>Il NADH fa bene a tutti!<\/b><\/p>\r\n\r\n<p>Il tuo<\/p>\r\n<p>Ernest E. Kraxner<\/p>\r\n<p>AMMINISTRATORE DELEGATO GNP INTERNATIONAL<\/p>\r\n<\/fieldset>\t\t\t\t<\/div>\n\t\t\t\t<\/div>\n\t\t\t\t\t<\/div>\n\t\t<\/div>\n\t\t\t\t\t<\/div>\n\t\t<\/section>\n\t\t\t\t<\/div>","protected":false},"excerpt":{"rendered":"<p>Wilhelm Gudelow Board of Directors of INNOVA SWISS AG Unser Unternehmen wurde im Jahr 2016 gegr\u00fcndet mit dem Ziel, mit weltneuen, medizintechnischen Ger\u00e4ten, exklusiv am europ\u00e4ischen Markt Fu\u00df zu fassen. Es handelt sich bei unseren Produkten um medizinische Lifestyleger\u00e4te, die sowohl \u00c4rzten, Therapeuten, Heilpraktikern als auch Endverbrauchern angeboten werden. Lifestyleger\u00e4t m\u00fcssen wir sie deshalb bezeichnen, [&hellip;]<\/p>\n","protected":false},"author":1,"featured_media":0,"parent":0,"menu_order":0,"comment_status":"closed","ping_status":"closed","template":"","meta":{"footnotes":""},"class_list":["post-8","page","type-page","status-publish","hentry"],"_links":{"self":[{"href":"https:\/\/innova-swiss.com\/it\/wp-json\/wp\/v2\/pages\/8","targetHints":{"allow":["GET"]}}],"collection":[{"href":"https:\/\/innova-swiss.com\/it\/wp-json\/wp\/v2\/pages"}],"about":[{"href":"https:\/\/innova-swiss.com\/it\/wp-json\/wp\/v2\/types\/page"}],"author":[{"embeddable":true,"href":"https:\/\/innova-swiss.com\/it\/wp-json\/wp\/v2\/users\/1"}],"replies":[{"embeddable":true,"href":"https:\/\/innova-swiss.com\/it\/wp-json\/wp\/v2\/comments?post=8"}],"version-history":[{"count":0,"href":"https:\/\/innova-swiss.com\/it\/wp-json\/wp\/v2\/pages\/8\/revisions"}],"wp:attachment":[{"href":"https:\/\/innova-swiss.com\/it\/wp-json\/wp\/v2\/media?parent=8"}],"curies":[{"name":"wp","href":"https:\/\/api.w.org\/{rel}","templated":true}]}}