{"id":9209,"date":"2020-11-12T15:22:26","date_gmt":"2020-11-12T14:22:26","guid":{"rendered":"https:\/\/www.innova-swiss.com\/?page_id=9209"},"modified":"2025-10-11T17:49:38","modified_gmt":"2025-10-11T15:49:38","slug":"ueber-uns-12-11-22","status":"publish","type":"page","link":"https:\/\/innova-swiss.com\/it\/su-di-noi-12-11-22\/","title":{"rendered":"Informazioni su Innova Swiss"},"content":{"rendered":"<div data-elementor-type=\"wp-page\" data-elementor-id=\"9209\" class=\"elementor elementor-9209\" data-elementor-post-type=\"page\">\n\t\t\t\t\t\t<section class=\"elementor-section elementor-top-section elementor-element elementor-element-43cf704 elementor-section-boxed elementor-section-height-default elementor-section-height-default\" data-id=\"43cf704\" data-element_type=\"section\" data-e-type=\"section\">\n\t\t\t\t\t\t<div class=\"elementor-container elementor-column-gap-default\">\n\t\t\t\t\t<div class=\"elementor-column elementor-col-33 elementor-top-column elementor-element elementor-element-027cd23\" data-id=\"027cd23\" data-element_type=\"column\" data-e-type=\"column\">\n\t\t\t<div class=\"elementor-widget-wrap elementor-element-populated\">\n\t\t\t\t\t\t<div class=\"elementor-element elementor-element-0c4430a elementor-widget elementor-widget-html\" data-id=\"0c4430a\" data-element_type=\"widget\" data-e-type=\"widget\" data-widget_type=\"html.default\">\n\t\t\t\t<div class=\"elementor-widget-container\">\n\t\t\t\t\t<fieldset>\r\n\t<legend align=\"left\"><img decoding=\"async\" src=\"https:\/\/innova-swiss.com\/wp-content\/uploads\/board-of-director.jpg\"><\/legend>\t\t\t\t<\/div>\n\t\t\t\t<\/div>\n\t\t\t\t\t<\/div>\n\t\t<\/div>\n\t\t\t\t<div class=\"elementor-column elementor-col-66 elementor-top-column elementor-element elementor-element-58d4e7b\" data-id=\"58d4e7b\" data-element_type=\"column\" data-e-type=\"column\">\n\t\t\t<div class=\"elementor-widget-wrap elementor-element-populated\">\n\t\t\t\t\t\t<div class=\"elementor-element elementor-element-e9e8129 elementor-widget elementor-widget-html\" data-id=\"e9e8129\" data-element_type=\"widget\" data-e-type=\"widget\" data-widget_type=\"html.default\">\n\t\t\t\t<div class=\"elementor-widget-container\">\n\t\t\t\t\t\r\n<h3 class=\"expert-name\">Wilhelm Gudelow<\/h3>\r\n<h3>Consiglio di amministrazione di INNOVA SWISS AG<\/h3>\r\n<p>La nostra azienda \u00e8 stata fondata nel 2016 con l'obiettivo di conquistare una posizione esclusiva nel mercato europeo con dispositivi di tecnologia medica all'avanguardia nel mondo. I nostri prodotti sono dispositivi medici per lo stile di vita che vengono offerti a medici, terapisti, operatori alternativi e consumatori finali.<\/p>\r\n\t\t\t\t<\/div>\n\t\t\t\t<\/div>\n\t\t\t\t\t<\/div>\n\t\t<\/div>\n\t\t\t\t\t<\/div>\n\t\t<\/section>\n\t\t\t\t<section class=\"elementor-section elementor-top-section elementor-element elementor-element-5515411 elementor-section-boxed elementor-section-height-default elementor-section-height-default\" data-id=\"5515411\" data-element_type=\"section\" data-e-type=\"section\">\n\t\t\t\t\t\t<div class=\"elementor-container elementor-column-gap-default\">\n\t\t\t\t\t<div class=\"elementor-column elementor-col-100 elementor-top-column elementor-element elementor-element-2e12525 gap-bottom\" data-id=\"2e12525\" data-element_type=\"column\" data-e-type=\"column\" data-settings=\"{&quot;background_background&quot;:&quot;classic&quot;}\">\n\t\t\t<div class=\"elementor-widget-wrap elementor-element-populated\">\n\t\t\t\t\t\t<div class=\"elementor-element elementor-element-cd72f76 elementor-widget elementor-widget-html\" data-id=\"cd72f76\" data-element_type=\"widget\" data-e-type=\"widget\" data-widget_type=\"html.default\">\n\t\t\t\t<div class=\"elementor-widget-container\">\n\t\t\t\t\t<p>  Il LASER WATCH per favorire la circolazione sanguigna o il nuovo HAND-COLD-LASER (registrato presso \"SWISSMEDIC\") per la terapia delle ferite e del dolore, per citarne solo alcuni.\r\nterapie delle ferite e del dolore, solo per citarne alcune. \"Tuttavia, dobbiamo definire il dispositivo BQAS BIO QUANTUM ANALYSIS un \"GIOCATORE DI VITA\", poich\u00e9 non \u00e8 riconosciuto dalla scienza o dalla medicina convenzionale, n\u00e9 tanto meno dagli esperti di elettronica - perch\u00e9 \u00e8 effettivamente solo un \"GIOCATORE DI VITA\" che gioca con le analisi delle funzioni corporee. Naturalmente, i medici complementari e le persone alternative e attente alla salute la vedono diversamente!<\/p> \r\n<p>INNOVA-SWISS AG, sotto la direzione di Jens-Peter Graf (approvvigionamento e vendita di apparecchiature), si \u00e8 gi\u00e0 guadagnata un'ottima reputazione internazionale nel settore della tecnologia medica grazie a un servizio perfetto e a consegne puntuali in tempi cos\u00ec brevi.<\/p>\r\n<p>La collaborazione con il gruppo internazionale di aziende GNP GLOBAL NATURE PRODUCTS ASSOCIATION INC. Oregon USA (CEO Ernest E. Kraxner) ha portato al nostro ingresso nel mercato degli integratori alimentari. Dal 2018 distribuiamo anche l'intera gamma di prodotti NADH della GNP in esclusive \"confezioni private label\".<\/p>\r\n<p>La nostra attenzione \u00e8 sempre rivolta ai clienti e cerchiamo di soddisfare al meglio le esigenze che ci vengono poste o che il mercato richiede.<\/p>\r\n<p>Tenendo presente questo, rimanete e\/o curatevi.<\/p>\r\n<p>Il tuo<\/p>\r\n<p>Wilhelm Gudelow<\/p>\r\n<p>INNOVA SWISS AG<\/p>\r\n<\/fieldset>\t\t\t\t<\/div>\n\t\t\t\t<\/div>\n\t\t\t\t\t<\/div>\n\t\t<\/div>\n\t\t\t\t\t<\/div>\n\t\t<\/section>\n\t\t\t\t<section class=\"elementor-section elementor-top-section elementor-element elementor-element-69a725e elementor-section-boxed elementor-section-height-default elementor-section-height-default\" data-id=\"69a725e\" data-element_type=\"section\" data-e-type=\"section\">\n\t\t\t\t\t\t<div class=\"elementor-container elementor-column-gap-default\">\n\t\t\t\t\t<div class=\"elementor-column elementor-col-33 elementor-top-column elementor-element elementor-element-306bd6a\" data-id=\"306bd6a\" data-element_type=\"column\" data-e-type=\"column\">\n\t\t\t<div class=\"elementor-widget-wrap elementor-element-populated\">\n\t\t\t\t\t\t<div class=\"elementor-element elementor-element-fbecb65 elementor-widget elementor-widget-image\" data-id=\"fbecb65\" data-element_type=\"widget\" data-e-type=\"widget\" data-widget_type=\"image.default\">\n\t\t\t\t<div class=\"elementor-widget-container\">\n\t\t\t\t\t\t\t\t\t\t\t\t\t\t\t<img decoding=\"async\" width=\"154\" height=\"181\" src=\"https:\/\/innova-swiss.com\/wp-content\/uploads\/ernest-kraxner-ceo.jpg\" class=\"attachment-full size-full wp-image-11855\" alt=\"ernest-kraxner-ceo abito armani\" srcset=\"https:\/\/innova-swiss.com\/wp-content\/uploads\/ernest-kraxner-ceo.jpg 154w, https:\/\/innova-swiss.com\/wp-content\/uploads\/ernest-kraxner-ceo-150x176.jpg 150w, https:\/\/innova-swiss.com\/wp-content\/uploads\/ernest-kraxner-ceo-128x150.jpg 128w\" sizes=\"(max-width: 360px) 147px, (max-width: 154px) 100vw, 154px\" \/>\t\t\t\t\t\t\t\t\t\t\t\t\t\t\t<\/div>\n\t\t\t\t<\/div>\n\t\t\t\t\t<\/div>\n\t\t<\/div>\n\t\t\t\t<div class=\"elementor-column elementor-col-66 elementor-top-column elementor-element elementor-element-6e67b63\" data-id=\"6e67b63\" data-element_type=\"column\" data-e-type=\"column\">\n\t\t\t<div class=\"elementor-widget-wrap elementor-element-populated\">\n\t\t\t\t\t\t<div class=\"elementor-element elementor-element-7efc5aa elementor-widget elementor-widget-html\" data-id=\"7efc5aa\" data-element_type=\"widget\" data-e-type=\"widget\" data-widget_type=\"html.default\">\n\t\t\t\t<div class=\"elementor-widget-container\">\n\t\t\t\t\t<h3 class=\"expert-name\">Ernest E. Kraxner <\/h3>\r\n<h3>CEO - GNP INTERNATIONAL &amp; Generallizenzgeber f\u00fcr  Asien, Afrika sowie  Europa und die V.A.E. vergeben durch INNOVA-SWISS AG. <\/h3>\r\n<h3>Il meglio per la vostra salute!<\/h3>\r\n<p><b>INNOVA SWISS AG<\/b> \u00e8 il partner di distribuzione esclusivo di <b>GNP GLOBAL NATURE PRODUCTS Oregon\/USA<\/b> (distributore generale a livello mondiale) e sublicenziatario per l'Europa e gli Emirati Arabi Uniti. \u00c8 quindi autorizzato ad acquisire partner di distribuzione nazionali nei paesi europei e negli Emirati Arabi Uniti.<\/p>\r\n\t\t\t\t<\/div>\n\t\t\t\t<\/div>\n\t\t\t\t\t<\/div>\n\t\t<\/div>\n\t\t\t\t\t<\/div>\n\t\t<\/section>\n\t\t\t\t<section class=\"elementor-section elementor-top-section elementor-element elementor-element-3337a96 gap elementor-section-boxed elementor-section-height-default elementor-section-height-default\" data-id=\"3337a96\" data-element_type=\"section\" data-e-type=\"section\">\n\t\t\t\t\t\t<div class=\"elementor-container elementor-column-gap-default\">\n\t\t\t\t\t<div class=\"elementor-column elementor-col-100 elementor-top-column elementor-element elementor-element-886081e\" data-id=\"886081e\" data-element_type=\"column\" data-e-type=\"column\">\n\t\t\t<div class=\"elementor-widget-wrap elementor-element-populated\">\n\t\t\t\t\t\t<div class=\"elementor-element elementor-element-89d5ac6 elementor-widget elementor-widget-html\" data-id=\"89d5ac6\" data-element_type=\"widget\" data-e-type=\"widget\" data-widget_type=\"html.default\">\n\t\t\t\t<div class=\"elementor-widget-container\">\n\t\t\t\t\t\r\n<p>GNP GLOBAL NATURE PRODUCTS ASSOCIATION INC. wurde im Jahre 2005 in OREGON\/USA gegr\u00fcndet, der ich auch bis dato als CEO vorstehe.Im Jahre 2006 gr\u00fcndeten wir eine  selbst\u00e4ndige Zweigniederlassung f\u00fcr Europa, GNP\/Gleisdorf\/\u00d6sterreich, und starteten als erstes Unternehmen weltweit  die Produktion mit hochdosierten NADH sublingual Lutschpastillen (LP) (20 mg NADH pro LP). \r\n\r\n<p>Le pastiglie sublinguali ad azione rapida erano gi\u00e0 all'epoca un vero e proprio bestseller negli Stati Uniti, perch\u00e9 assorbendo i principi attivi attraverso la mucosa orale, raggiungono direttamente il cervello e assicurano cos\u00ec un effetto rapido e non alterato.<\/p>\r\n<p>Dopo la scadenza dell'ultimo brevetto NADH vivente nel 2017 (brevetti del Prof. Birkmayer: US 5,332,727 - 5,654,288 - 5,712,259 - EP 0697859 - EP 961006612.9 - DE 69403656 T2), la PNL ha iniziato a produrre compresse di NADH con film resistenti all'acido gastrico. \r\n<p>Gegenw\u00e4rtig umfasst das GNP-NADH Sortiment 17 NADH-Produkte (d.s. 10 Lutschpastillen \u2013 1 Mikrotablette und 6 Tabletten). GNP-NADH Produkte werden au\u00dferhalb Europas auch in China und Taiwan sowie im arabischen Raum erfolgreich verkauft.Begonnen haben wir von GNP mit der Lutschpastille AX|10 NADH plus Spriulina, heute CX|10 genannt \u2013 NADH plus Chlorella (NAT\u00dcRLICHE K\u00d6RPERENTGIFTUNG), gefolgt im Jahre 2007 mit der 2. Lutschpastille SX|10 NADH plus L-Arginin (LIBIDO-ENERGIE f\u00fcr MANN &amp; FRAU). Diese Lutschpastillen fanden Folge zahlreiche Nachahmer, sind aber trotzdem, auf Grund der GNP-Rezeptur und Spezialdosierung, unangefochten, gemeinsam mit \"BUSINESS NADH\"- NADH pur, die Nummer 1 am internationalen Markt.<\/p>\r\n<p>Selbes gilt auch f\u00fcr Preis\/Leistung der GNP NADH-PRODUKTE.<\/p>\r\n<p>\r\nQual \u00e8 la chiave del successo? GNP \u00e8 sinonimo di garanzia di autenticit\u00e0 dei suoi prodotti!\r\nTutti i prodotti NADH (integratori alimentari) per l'Europa\/USA e l'Asia sono prodotti da GNP\/USA esclusivamente in Austria su licenza, utilizzando una formula protetta da brevetto e un marchio privato. I prodotti GNP NADH sono inoltre generalmente confezionati in blister per proteggerli dall'umidit\u00e0, ovvero sono a prova di diffusione.\r\n<\/p>\r\n<p>Il PNL\/USA<\/b> I prodotti NADH, sviluppati esclusivamente in collaborazione con medici, biologi e nutrizionisti, sono stati testati dall'Agenzia austriaca per la sicurezza alimentare \"AGES\" e dall'Universit\u00e0 tecnica di Graz - Prof. Dr. Werner Pfannhauser, secondo le linee guida dell'EROPEAN HEALTH CLAIMS REGULATIONS e certificati come commerciabili - Free Sales Certificate (FSC).<\/p>\r\n\r\n<p>I nostri partner di distribuzione sono: Farmacie, drogherie, hotel di benessere e bellezza, medici, terapeuti, operatori alternativi e nutrizionisti, nonch\u00e9 fornitori di servizi internet selezionati. Un ringraziamento particolare va ai numerosi clienti fedeli (consumatori finali) che sono convinti dell'efficacia dei nostri prodotti e sono quindi diventati clienti abituali.<\/p>  \r\n<\/p>\r\n\r\n<p>I prodotti GNP-NADH sono stati valutati e premiati per qualit\u00e0, affidabilit\u00e0, prezzo\/prestazioni e puntualit\u00e0 di consegna.<p><\/p> Grazie a tutti i clienti nazionali e internazionali per la loro pluriennale fiducia.\r\n<\/p>\r\n<p><b>Il NADH fa bene a tutti!<\/b><\/p>\r\n\r\n<p>Il tuo<\/p>\r\n<p>Ernest E. Kraxner<\/p>\r\n<p>AMMINISTRATORE DELEGATO - GNP INTERNATIONAL<\/p>\r\n<\/fieldset>\t\t\t\t<\/div>\n\t\t\t\t<\/div>\n\t\t\t\t\t<\/div>\n\t\t<\/div>\n\t\t\t\t\t<\/div>\n\t\t<\/section>\n\t\t\t\t<\/div>","protected":false},"excerpt":{"rendered":"<p>Wilhelm Gudelow Board of Directors of INNOVA SWISS AG Unser Unternehmen wurde im Jahr 2016 gegr\u00fcndet mit dem Ziel, mit weltneuen, medizintechnischen Ger\u00e4ten, exklusiv am europ\u00e4ischen Markt Fu\u00df zu fassen. Es handelt sich bei unseren Produkten um medizinische Lifestyleger\u00e4te, die sowohl \u00c4rzten, Therapeuten, Heilpraktikern als auch Endverbrauchern angeboten werden. Die LASER WATCH zur F\u00f6rderung der [&hellip;]<\/p>\n","protected":false},"author":6,"featured_media":9223,"parent":0,"menu_order":0,"comment_status":"closed","ping_status":"closed","template":"elementor_header_footer","meta":{"footnotes":""},"class_list":["post-9209","page","type-page","status-publish","has-post-thumbnail","hentry"],"_links":{"self":[{"href":"https:\/\/innova-swiss.com\/it\/wp-json\/wp\/v2\/pages\/9209","targetHints":{"allow":["GET"]}}],"collection":[{"href":"https:\/\/innova-swiss.com\/it\/wp-json\/wp\/v2\/pages"}],"about":[{"href":"https:\/\/innova-swiss.com\/it\/wp-json\/wp\/v2\/types\/page"}],"author":[{"embeddable":true,"href":"https:\/\/innova-swiss.com\/it\/wp-json\/wp\/v2\/users\/6"}],"replies":[{"embeddable":true,"href":"https:\/\/innova-swiss.com\/it\/wp-json\/wp\/v2\/comments?post=9209"}],"version-history":[{"count":6,"href":"https:\/\/innova-swiss.com\/it\/wp-json\/wp\/v2\/pages\/9209\/revisions"}],"predecessor-version":[{"id":24637,"href":"https:\/\/innova-swiss.com\/it\/wp-json\/wp\/v2\/pages\/9209\/revisions\/24637"}],"wp:featuredmedia":[{"embeddable":true,"href":"https:\/\/innova-swiss.com\/it\/wp-json\/wp\/v2\/media\/9223"}],"wp:attachment":[{"href":"https:\/\/innova-swiss.com\/it\/wp-json\/wp\/v2\/media?parent=9209"}],"curies":[{"name":"wp","href":"https:\/\/api.w.org\/{rel}","templated":true}]}}