{"id":1007,"date":"2020-01-17T08:23:23","date_gmt":"2020-01-17T07:23:23","guid":{"rendered":"https:\/\/www.innova-swiss.com\/?post_type=product&#038;p=1007"},"modified":"2026-03-30T17:01:17","modified_gmt":"2026-03-30T15:01:17","slug":"nadh-coenzymq10","status":"publish","type":"product","link":"https:\/\/innova-swiss.com\/it\/product\/nadh-coenzimaq10\/","title":{"rendered":"NADH pi\u00f9 ubichinone CoQ10 - compressa sublinguale (confezione da 30 pastiglie)"},"content":{"rendered":"<div data-elementor-type=\"wp-post\" data-elementor-id=\"1007\" class=\"elementor elementor-1007\" data-elementor-post-type=\"product\">\n\t\t\t\t\t\t<section class=\"elementor-section elementor-top-section elementor-element elementor-element-7ebf6063 elementor-section-boxed elementor-section-height-default elementor-section-height-default\" data-id=\"7ebf6063\" data-element_type=\"section\" data-e-type=\"section\">\n\t\t\t\t\t\t<div class=\"elementor-container elementor-column-gap-default\">\n\t\t\t\t\t<div class=\"elementor-column elementor-col-100 elementor-top-column elementor-element elementor-element-3dbfbcb0\" data-id=\"3dbfbcb0\" data-element_type=\"column\" data-e-type=\"column\">\n\t\t\t<div class=\"elementor-widget-wrap elementor-element-populated\">\n\t\t\t\t\t\t<div class=\"elementor-element elementor-element-5315cd34 elementor-widget elementor-widget-text-editor\" data-id=\"5315cd34\" data-element_type=\"widget\" data-e-type=\"widget\" data-widget_type=\"text-editor.default\">\n\t\t\t\t<div class=\"elementor-widget-container\">\n\t\t\t\t\t\t\t\t\t<div class=\"pro-main\"><div class=\"page\" title=\"Pagina 3\"><div class=\"layoutArea\"><div class=\"column\"><p><span style=\"color: #000000;\"><strong><span style=\"font-size: 16px;\"><span style=\"color: #339966;\">Si prega di notare i prezzi scaglionati per quantit\u00e0!<\/span><br \/>1 pz. = \u20ac 37,00 \/ per pz.<br \/>3 bis 5 St. = \u20ac 33,00 \/ pro St.<br \/>6 bis 9 St. = \u20ac 29,60 \/ pro St.<br \/><span style=\"color: #339966;\">A partire da 10 pezzi su richiesta sotto:<\/span> <a style=\"color: #000000;\" href=\"mailto:office@innova-swiss.com\">office@innova-swiss.com<\/a><br \/>GNP-NADH \u00e8 il numero 1 per prezzo\/prestazioni - il confronto vi rende sicuri!<\/span><\/strong><\/span><\/p><div class=\"proshorttxt\"><p><strong><span style=\"font-size: 16px;\">Prezzo: 30 compresse sublinguali = \u20ac 37,- IVA inclusa. <\/span><\/strong>100 g \u20ac 342,59<\/p><p><strong><span style=\"color: #339966;\">(Si prega di notare i prezzi graduati per ulteriori offerte di sconto sulle quantit\u00e0)<\/span><\/strong><\/p><p><strong>\u00c8 importante saperlo,<\/strong> che un coenzima (ad esempio il CoQ10) pu\u00f2 svilupparsi nell'organismo solo se \u00e8 presente una quantit\u00e0 sufficiente di coenzima 1 NADH.\u00a0<\/p><p><strong>Consumo consigliato:<\/strong> 1-2 compresse sublinguali (pastiglie) al giorno. <span style=\"color: #339966;\"><strong>a causa della solida consistenza del <b>Ubiquinone<\/b> CoQ10 in polvere, succhiare la compressa sublinguale (losanga) per 2 minuti e poi masticarla\/mordicchiarla lentamente.<\/strong><\/span>Non superare la dose giornaliera raccomandata. Tenere fuori dalla portata dei bambini piccoli. Gli integratori alimentari non sostituiscono una dieta varia, importante insieme a uno stile di vita sano.<\/p><p><strong>Raccomandazione di consumo solo per i consumatori\/SVIZZERA:<\/strong> 1 compressa sublinguale (losanga) al giorno (secondo la legislazione alimentare svizzera).<\/p><div id=\"t2\" class=\"product-descr-section shop-substance-table shop-substance-table--substances clearfix opened\" data-shop-article-item=\"24588\" data-shop-substance-table-id=\"25555\" data-shop-substance-table-code=\"substances\" data-show-additional-info=\"\"><section><h3 class=\"headline\">Ingredienti che determinano il valore<\/h3><div class=\"product-description-content\"><div class=\"product-ingredients substances\"><table border=\"1\" width=\"50%\"><tbody><tr><td>Ingredienti<\/td><td>per 1 pastiglia<\/td><td>per 2 pastiglie<\/td><\/tr><tr><td>Coenzima Q10 Ubiquinone<\/td><td>100 mg<\/td><td>200 mg<\/td><\/tr><tr><td>Coenzima 1 - NADH<\/td><td>20 mg<\/td><td>40 mg<\/td><\/tr><\/tbody><\/table><\/div><\/div><\/section><\/div><p><strong>Ingredienti:<\/strong> Edulcorante: isomalto, glicosidi steviolici (stevia), coenzima Q10 in polvere, NADH in polvere, antiagglomerante: amido, regolatore di acidit\u00e0: carbonato acido di sodio,<\/p><\/div><div class=\"proshorttxt\"><p>Gusto frutta. Senza zucchero.<\/p><p><strong>Non contiene:<\/strong> Zucchero, caffeina, lievito, latticini, conservanti.<br \/>100 % vegetariano, adatto ai diabetici.<\/p><\/div><p><strong>Materia prima\/ingrediente attivo<\/strong><\/p><p>1. idruro di nicotinammide adenina dinucleotide (NADH) - un co-enzima1<\/p><p>2. ubichinone \/ Q-10 \/ coenzima Q10<\/p><p><img fetchpriority=\"high\" decoding=\"async\" class=\"alignnone size-full wp-image-8336\" src=\"https:\/\/innova-swiss.com\/wp-content\/uploads\/Power-1024x336-1-1.jpg\" alt=\"\" width=\"879\" height=\"289\" srcset=\"https:\/\/innova-swiss.com\/wp-content\/uploads\/Power-1024x336-1-1.jpg 879w, https:\/\/innova-swiss.com\/wp-content\/uploads\/Power-1024x336-1-1-364x120.jpg 364w, https:\/\/innova-swiss.com\/wp-content\/uploads\/Power-1024x336-1-1-150x49.jpg 150w, https:\/\/innova-swiss.com\/wp-content\/uploads\/Power-1024x336-1-1-723x238.jpg 723w, https:\/\/innova-swiss.com\/wp-content\/uploads\/Power-1024x336-1-1-300x99.jpg 300w, https:\/\/innova-swiss.com\/wp-content\/uploads\/Power-1024x336-1-1-768x253.jpg 768w, https:\/\/innova-swiss.com\/wp-content\/uploads\/Power-1024x336-1-1-16x5.jpg 16w\" sizes=\"(max-width: 879px) 100vw, 879px\" \/><\/p><\/div><\/div><\/div><\/div>\t\t\t\t\t\t\t\t<\/div>\n\t\t\t\t<\/div>\n\t\t\t\t\t<\/div>\n\t\t<\/div>\n\t\t\t\t\t<\/div>\n\t\t<\/section>\n\t\t\t\t<\/div>","protected":false},"excerpt":{"rendered":"<div class=\"proshorttxt\">\n<p>Produzione: Austria <strong>Tempi di consegna: <\/strong><strong>prontamente disponibile!<\/strong><\/p>\n<ul>\n<li>fino al valore dell'ordine \u20ac 89,99 - spese di spedizione \u20ac 5,60.<br \/>\nConsegna gratuita per ordini superiori a \u20ac 90<\/li>\n<li><strong>Consegna in tutti i paesi dell'UE dal magazzino centrale\/Austria:<\/strong><br \/>\nfino al valore dell'ordine \u20ac 89,99 - spese di spedizione \u20ac 9,50.<br \/>\nConsegna gratuita per ordini superiori a \u20ac 90<\/li>\n<li><strong>Consegna in Svizzera:<\/strong><br \/>\nspedizione gratuita dal nuovo magazzino svizzero\/CH-8585 Langrickenbach: fino al valore dell'ordine \u20ac 89,99 - spese di spedizione \u20ac 9,50.<br \/>\nConsegna gratuita per ordini superiori a \u20ac 90<\/li>\n<\/ul>\n<p>Vedi sotto <strong>Si prega di notare i prezzi scaglionati per quantit\u00e0!<\/strong><\/p>\n<\/div>","protected":false},"featured_media":7563,"comment_status":"closed","ping_status":"closed","template":"","meta":[],"product_brand":[],"product_cat":[17,988],"product_tag":[],"class_list":{"0":"post-1007","1":"product","2":"type-product","3":"status-publish","4":"has-post-thumbnail","6":"product_cat-nadh-kaufen-nicotinamidadenindinukleotid","7":"product_cat-herz-und-kreislauf","8":"product_shipping_class-nadh-produkte-und-accessoires","10":"first","11":"instock","12":"taxable","13":"shipping-taxable","14":"purchasable","15":"product-type-simple"},"_links":{"self":[{"href":"https:\/\/innova-swiss.com\/it\/wp-json\/wp\/v2\/product\/1007","targetHints":{"allow":["GET"]}}],"collection":[{"href":"https:\/\/innova-swiss.com\/it\/wp-json\/wp\/v2\/product"}],"about":[{"href":"https:\/\/innova-swiss.com\/it\/wp-json\/wp\/v2\/types\/product"}],"replies":[{"embeddable":true,"href":"https:\/\/innova-swiss.com\/it\/wp-json\/wp\/v2\/comments?post=1007"}],"version-history":[{"count":31,"href":"https:\/\/innova-swiss.com\/it\/wp-json\/wp\/v2\/product\/1007\/revisions"}],"predecessor-version":[{"id":25125,"href":"https:\/\/innova-swiss.com\/it\/wp-json\/wp\/v2\/product\/1007\/revisions\/25125"}],"wp:featuredmedia":[{"embeddable":true,"href":"https:\/\/innova-swiss.com\/it\/wp-json\/wp\/v2\/media\/7563"}],"wp:attachment":[{"href":"https:\/\/innova-swiss.com\/it\/wp-json\/wp\/v2\/media?parent=1007"}],"wp:term":[{"taxonomy":"product_brand","embeddable":true,"href":"https:\/\/innova-swiss.com\/it\/wp-json\/wp\/v2\/product_brand?post=1007"},{"taxonomy":"product_cat","embeddable":true,"href":"https:\/\/innova-swiss.com\/it\/wp-json\/wp\/v2\/product_cat?post=1007"},{"taxonomy":"product_tag","embeddable":true,"href":"https:\/\/innova-swiss.com\/it\/wp-json\/wp\/v2\/product_tag?post=1007"}],"curies":[{"name":"wp","href":"https:\/\/api.w.org\/{rel}","templated":true}]}}