{"id":18041,"date":"2022-09-12T14:44:33","date_gmt":"2022-09-12T12:44:33","guid":{"rendered":"https:\/\/www.innova-swiss.com\/?post_type=product&#038;p=18041"},"modified":"2026-03-30T17:03:52","modified_gmt":"2026-03-30T15:03:52","slug":"nadh-schlafgut-30-lutschpastillen","status":"publish","type":"product","link":"https:\/\/innova-swiss.com\/it\/product\/nadh-schlafgut-30-pastiglie\/","title":{"rendered":"NADH SCHLAFgut - 10 mg di NADH (funzionalmente combinato) - Confezione da 30 pastiglie"},"content":{"rendered":"<div data-elementor-type=\"wp-post\" data-elementor-id=\"18041\" class=\"elementor elementor-18041\" data-elementor-post-type=\"product\">\n\t\t\t\t\t\t<section class=\"elementor-section elementor-top-section elementor-element elementor-element-52eaf64c elementor-section-boxed elementor-section-height-default elementor-section-height-default\" data-id=\"52eaf64c\" data-element_type=\"section\" data-e-type=\"section\">\n\t\t\t\t\t\t<div class=\"elementor-container elementor-column-gap-default\">\n\t\t\t\t\t<div class=\"elementor-column elementor-col-100 elementor-top-column elementor-element elementor-element-788ffc05\" data-id=\"788ffc05\" data-element_type=\"column\" data-e-type=\"column\">\n\t\t\t<div class=\"elementor-widget-wrap elementor-element-populated\">\n\t\t\t\t\t\t<div class=\"elementor-element elementor-element-1001fdf4 elementor-widget elementor-widget-text-editor\" data-id=\"1001fdf4\" data-element_type=\"widget\" data-e-type=\"widget\" data-widget_type=\"text-editor.default\">\n\t\t\t\t<div class=\"elementor-widget-container\">\n\t\t\t\t\t\t\t\t\t<div class=\"pro-main\"><div class=\"pro-left\"><div class=\"page\" title=\"Pagina 4\"><div class=\"layoutArea\"><div class=\"column\"><div><strong><span style=\"color: #339966\">(Si prega di notare i prezzi graduati per ulteriori offerte di sconto sulle quantit\u00e0)<\/span><\/strong><\/div><\/div><div><p><strong>Gruppo target<\/strong><\/p><p>Addormentarsi e dormire tutta la notte!<\/p><p><strong>Che cos'\u00e8 il NADH COENZYM 1?<\/strong><\/p><p>Il NADH pu\u00f2 aiutare il cervello a produrre neurotrasmettitori come la serotonina, la noradrenalina e la dopamina. Il NADH COENZYM 1 pu\u00f2 aumentare la produzione di ATP (energia cellulare) in modo del tutto naturale, \u00e8 quindi il carburante per la produzione di energia cellulare e garantisce l'equilibrio energetico dell'organismo.<\/p><p><strong>Effetto dell'estratto di melissa e dell'estratto di radice di valeriana?<\/strong><\/p><p>Soprattutto grazie alla combinazione dei loro principi attivi, hanno dimostrato di essere un aiuto naturale per il sonno, senza effetti collaterali o dipendenze. Aiutano a calmare i pensieri negativi e le ansie e a liberare la mente.<\/p><p><strong>Effetto dell'estratto di passiflora?<\/strong><\/p><p>La passiflora contiene numerosi principi attivi che possono aiutare a fare il pieno di energia durante la notte.<\/p><p><strong>Effetto dell'estratto di luppolo?<\/strong><\/p><p>Il luppolo \u00e8 consigliato come fitoterapia tradizionale per i disturbi mentali come l'irrequietezza, l'ansia e l'insonnia. La combinazione del luppolo con la valeriana o la melissa, come quella contenuta in questa pastiglia, ha dato ottimi risultati.<\/p><p><strong>Effetto della melatonina?<\/strong><\/p><p>La melatonina \u00e8 un ormone prodotto naturalmente dall'organismo che controlla il ritmo sonno-veglia e influenza l'orologio interno di una persona. La sostanza di partenza della melatonina \u00e8 l'\"ormone della felicit\u00e0\", la serotonina, che viene prodotta durante il giorno. Al buio, la ghiandola pineale inizia a convertire la serotonina nell'ormone del sonno, la melatonina.<\/p><p><strong>Quando e come viene somministrata questa microtablet?<\/strong><\/p><p><strong>Consumo consigliato:\u00a0<\/strong>Mettere 1-2 pastiglie sotto la lingua ogni giorno e lasciarle sciogliere. Le pastiglie si dissolvono rapidamente. Non superare la dose giornaliera raccomandata. In caso di assunzione di antidepressivi, consultare il medico o il terapeuta prima del consumo. Non adatto a donne in gravidanza, madri che allattano, bambini e adolescenti. Dopo l'assunzione del prodotto, la capacit\u00e0 di partecipare alla circolazione stradale pu\u00f2 risultare compromessa. Tenere fuori dalla portata dei bambini piccoli. Gli integratori alimentari non sostituiscono una dieta varia, importante insieme a uno stile di vita sano.<\/p><p>Raccomandazione di consumo per i consumatori\/Solo per la Svizzera: 1 micropastiglia al giorno (secondo la legislazione alimentare svizzera).<\/p><p><strong>Ingredienti che determinano il valore<\/strong><\/p><table border=\"1\" width=\"50%\"><tbody><tr><td>Ingredienti<\/td><td>per 1 pastiglia<\/td><td>per 2 pastiglie<\/td><\/tr><tr><td>Estratto di melissa<\/td><td>100 mg<\/td><td>200 mg<\/td><\/tr><tr><td>Estratto di radice di valeriana<\/td><td>100 mg<\/td><td>200 mg<\/td><\/tr><tr><td>Estratto di passiflora<\/td><td>100 mg<\/td><td>200 mg<\/td><\/tr><tr><td>Estratto di luppolo<\/td><td>100 mg<\/td><td>200 mg<\/td><\/tr><tr><td>Coenzima NADH 1<\/td><td>10 mg<\/td><td>20 mg<\/td><\/tr><tr><td>Melatonina<\/td><td>2 mg<\/td><td>4 mg<\/td><\/tr><\/tbody><\/table><p><strong>Ingredienti<\/strong>Edulcorante: isomalto, estratto di valeriana, estratto di melissa, estratto di passiflora, estratto di luppolo, NADH in polvere, melatonina, antiagglomerante: amido, correttore di acidit\u00e0: carbonato acido di sodio. Aroma di frutta, senza zucchero.<\/p><p><strong>Nota per i diabetici:<\/strong> 1 pastiglia contiene 0,01 BE<\/p><p>100 % vegetariano, adatto ai diabetici.<\/p><p><strong>Nota importante:<\/strong><\/p><p>Se dopo due mesi di assunzione di un prodotto a base di NADH non si avverte ancora alcun effetto, non bisogna dubitare della materia prima NADH, ma riconsiderare la fonte di approvvigionamento. Vi spieghiamo perch\u00e9:<\/p><ul><li>Il NADH ha una durata di conservazione di 24 mesi: il NADH scaduto \u00e8 inefficace.<\/li><li>Fare attenzione ai prodotti in cui il numero di lotto e la data di scadenza sono riportati sulla confezione.<\/li><li>Confrontare il numero di lotto sul blister con quello sulla confezione: deve essere lo stesso.<\/li><li>I prodotti a base di NADH (capsule, compresse) non confezionati in blister ma sfusi in contenitori sono inefficaci dopo che il barattolo \u00e8 stato aperto pi\u00f9 volte, poich\u00e9 l'umidit\u00e0 distrugge gradualmente la materia prima NADH. Solo la confezione in blister offre protezione.<\/li><\/ul><\/div><\/div><\/div><\/div><\/div>\t\t\t\t\t\t\t\t<\/div>\n\t\t\t\t<\/div>\n\t\t\t\t\t<\/div>\n\t\t<\/div>\n\t\t\t\t\t<\/div>\n\t\t<\/section>\n\t\t\t\t<\/div>","protected":false},"excerpt":{"rendered":"<div><strong>Consigliato per:<\/strong> Utile in caso di problemi di addormentamento e di sonno notturno. Per un'alimentazione supplementare con NADH COENZYM 1 e melissa, valeriana, passiflora, luppolo, melatonina. 30 compresse sublinguali (pastiglie)<\/div>\n<div><\/div>\n<p>Produzione: Austria <strong>Tempi di consegna: prontamente disponibili!<\/strong> Gli ordini effettuati prima delle 10.00 saranno spediti il giorno stesso con DPD!<br \/>\n<strong>Assegnazione dei costi di affrancatura a partire dal 1\u00b0 febbraio 2025:<\/strong><\/p>\n<ul>\n<li><strong>Consegna in Austria:<\/strong><br \/>\nfino al valore dell'ordine \u20ac 89,99 - spese di spedizione \u20ac 5,60.<br \/>\nConsegna gratuita per ordini superiori a \u20ac 90<\/li>\n<li><strong>Consegna in tutti i paesi dell'UE dal magazzino centrale\/Austria:<\/strong><br \/>\nfino al valore dell'ordine \u20ac 89,99 - spese di spedizione \u20ac 9,50.<br \/>\nConsegna gratuita per ordini superiori a \u20ac 90<\/li>\n<li><strong>Consegna in Svizzera:<\/strong><br \/>\nspedizione gratuita dal nuovo magazzino svizzero\/CH-8585 Langrickenbach: fino al valore dell'ordine \u20ac 89,99 - spese di spedizione \u20ac 9,50.<br \/>\nConsegna gratuita per ordini superiori a \u20ac 90<\/li>\n<\/ul>\n<p>&nbsp;<\/p>\n<p>Vedi sotto <strong>Si prega di notare i prezzi scaglionati per quantit\u00e0!<\/strong><\/p>\n<p><a title=\"SPEDIZIONE E RESTITUZIONE da\/per USA e CANADA\" href=\"https:\/\/innova-swiss.com\/wp-content\/uploads\/Versand-nach-USA-Kanada-englisch.pdf\" target=\"_blank\" rel=\"noopener\"><b>SPEDIZIONE E RESTITUZIONE da\/per USA e CANADA<\/b><\/a><\/p>\n<div><\/div>\n<div><strong><span style=\"color: #ff0000;\">Si prega di notare i prezzi scaglionati per quantit\u00e0!<\/span><br \/>\n1 pz. = \u20ac 37,00 \/ per pz.<br \/>\n3 bis 5 St. = \u20ac 33,00 \/ pro St.<br \/>\n6 bis 9 St. = \u20ac 29,60 \/ pro St.<br \/>\n<span style=\"color: #ff0000;\">A partire da 10 pezzi su richiesta sotto:<\/span> <a href=\"mailto:office@innova-swiss.com\">office@innova-swiss.com<\/a><br \/>\nGNP-NADH \u00e8 il numero 1 per prezzo\/prestazioni - il confronto vi rende sicuri!<\/strong><\/div>","protected":false},"featured_media":18140,"comment_status":"closed","ping_status":"closed","template":"","meta":[],"product_brand":[],"product_cat":[989,17],"product_tag":[],"class_list":{"0":"post-18041","1":"product","2":"type-product","3":"status-publish","4":"has-post-thumbnail","6":"product_cat-nerven","7":"product_cat-nadh-kaufen-nicotinamidadenindinukleotid","8":"product_shipping_class-nadh-produkte-und-accessoires","10":"first","11":"instock","12":"taxable","13":"shipping-taxable","14":"purchasable","15":"product-type-simple"},"_links":{"self":[{"href":"https:\/\/innova-swiss.com\/it\/wp-json\/wp\/v2\/product\/18041","targetHints":{"allow":["GET"]}}],"collection":[{"href":"https:\/\/innova-swiss.com\/it\/wp-json\/wp\/v2\/product"}],"about":[{"href":"https:\/\/innova-swiss.com\/it\/wp-json\/wp\/v2\/types\/product"}],"replies":[{"embeddable":true,"href":"https:\/\/innova-swiss.com\/it\/wp-json\/wp\/v2\/comments?post=18041"}],"version-history":[{"count":7,"href":"https:\/\/innova-swiss.com\/it\/wp-json\/wp\/v2\/product\/18041\/revisions"}],"predecessor-version":[{"id":25142,"href":"https:\/\/innova-swiss.com\/it\/wp-json\/wp\/v2\/product\/18041\/revisions\/25142"}],"wp:featuredmedia":[{"embeddable":true,"href":"https:\/\/innova-swiss.com\/it\/wp-json\/wp\/v2\/media\/18140"}],"wp:attachment":[{"href":"https:\/\/innova-swiss.com\/it\/wp-json\/wp\/v2\/media?parent=18041"}],"wp:term":[{"taxonomy":"product_brand","embeddable":true,"href":"https:\/\/innova-swiss.com\/it\/wp-json\/wp\/v2\/product_brand?post=18041"},{"taxonomy":"product_cat","embeddable":true,"href":"https:\/\/innova-swiss.com\/it\/wp-json\/wp\/v2\/product_cat?post=18041"},{"taxonomy":"product_tag","embeddable":true,"href":"https:\/\/innova-swiss.com\/it\/wp-json\/wp\/v2\/product_tag?post=18041"}],"curies":[{"name":"wp","href":"https:\/\/api.w.org\/{rel}","templated":true}]}}