{"id":18714,"date":"2022-12-27T11:20:22","date_gmt":"2022-12-27T10:20:22","guid":{"rendered":"https:\/\/www.innova-swiss.com\/?post_type=product&#038;p=18714"},"modified":"2025-11-27T14:58:47","modified_gmt":"2025-11-27T13:58:47","slug":"spezial-kombi-paket-kapillar-mikroskop-laser-watch","status":"publish","type":"product","link":"https:\/\/innova-swiss.com\/it\/product\/pacchetto-speciale-combi-microscopio-capillare-orologio-laser\/","title":{"rendered":"Pacchetto speciale combinato MICROSCOPIO KAPILLAR + OROLOGIO LASER"},"content":{"rendered":"<div data-elementor-type=\"product-post\" data-elementor-id=\"18714\" class=\"elementor elementor-18714\" data-elementor-post-type=\"product\">\n\t\t\t\t<div class=\"elementor-element elementor-element-ab40843 e-flex e-con-boxed e-con e-parent\" data-id=\"ab40843\" data-element_type=\"container\" data-e-type=\"container\">\n\t\t\t\t\t<div class=\"e-con-inner\">\n\t\t<div class=\"elementor-element elementor-element-594ec79 e-con-full e-flex e-con e-child\" data-id=\"594ec79\" data-element_type=\"container\" data-e-type=\"container\">\n\t\t\t\t<div class=\"elementor-element elementor-element-56fe9db elementor-widget elementor-widget-heading\" data-id=\"56fe9db\" data-element_type=\"widget\" data-e-type=\"widget\" data-widget_type=\"heading.default\">\n\t\t\t\t<div class=\"elementor-widget-container\">\n\t\t\t\t\t<h2 class=\"elementor-heading-title elementor-size-default\">MICROSCOPIO CAPILLARE<\/h2>\t\t\t\t<\/div>\n\t\t\t\t<\/div>\n\t\t\t\t<div class=\"elementor-element elementor-element-2015e92 elementor-widget elementor-widget-text-editor\" data-id=\"2015e92\" data-element_type=\"widget\" data-e-type=\"widget\" data-widget_type=\"text-editor.default\">\n\t\t\t\t<div class=\"elementor-widget-container\">\n\t\t\t\t\t\t\t\t\t<p>Video: Attivare e disattivare le lingue<\/p><p>Installation Kapillar-Mikroskop<br \/>1. Kapillar-Mikroskope Netzanschluss + Monitor Netzanschluss an Strom anstecken<br \/>2. Gelbes Netzkabel mit Kapillar-Mikroskope und Monitor verbinden<br \/>3. Beide Ger\u00e4te einschalten &#8211; beim Monitor &#8211; Power Taste dr\u00fccken<br \/>4. Spracheinstellung siehe Video<br \/>5. Men\u00fctaste Dr\u00fccke &#8211; AV &#8211; einstellen<br \/>betriebsbereit!<\/p>\t\t\t\t\t\t\t\t<\/div>\n\t\t\t\t<\/div>\n\t\t\t\t<div class=\"elementor-element elementor-element-7b425f3 elementor-widget elementor-widget-video\" data-id=\"7b425f3\" data-element_type=\"widget\" data-e-type=\"widget\" data-settings=\"{&quot;video_type&quot;:&quot;hosted&quot;,&quot;controls&quot;:&quot;yes&quot;}\" data-widget_type=\"video.default\">\n\t\t\t\t<div class=\"elementor-widget-container\">\n\t\t\t\t\t\t\t<div class=\"e-hosted-video elementor-wrapper elementor-open-inline\">\n\t\t\t\t\t<video class=\"elementor-video\" src=\"https:\/\/innova-swiss.com\/wp-content\/uploads\/Kapillar-Mikroskop_Video-Spracheinstellung.mp4\" controls=\"\" preload=\"metadata\" controlslist=\"nodownload\"><\/video>\n\t\t\t\t<\/div>\n\t\t\t\t\t\t<\/div>\n\t\t\t\t<\/div>\n\t\t\t\t<div class=\"elementor-element elementor-element-92c9e35 elementor-widget elementor-widget-video\" data-id=\"92c9e35\" data-element_type=\"widget\" data-e-type=\"widget\" data-settings=\"{&quot;video_type&quot;:&quot;hosted&quot;,&quot;controls&quot;:&quot;yes&quot;}\" data-widget_type=\"video.default\">\n\t\t\t\t<div class=\"elementor-widget-container\">\n\t\t\t\t\t\t\t<div class=\"e-hosted-video elementor-wrapper elementor-open-inline\">\n\t\t\t\t\t<video class=\"elementor-video\" src=\"https:\/\/innova-swiss.com\/wp-content\/uploads\/capillary.mp4\" controls=\"\" preload=\"metadata\" controlslist=\"nodownload\"><\/video>\n\t\t\t\t<\/div>\n\t\t\t\t\t\t<\/div>\n\t\t\t\t<\/div>\n\t\t\t\t<div class=\"elementor-element elementor-element-5c404a4 elementor-widget elementor-widget-text-editor\" data-id=\"5c404a4\" data-element_type=\"widget\" data-e-type=\"widget\" data-widget_type=\"text-editor.default\">\n\t\t\t\t<div class=\"elementor-widget-container\">\n\t\t\t\t\t\t\t\t\t<div class=\"pro-main\"><div class=\"pro-left\"><p>Il dispositivo di controllo dopo ogni terapia Laser-Watch<\/p><p><strong>Campo di applicazione:<\/strong> Il microscopio capillare viene utilizzato per controllare la terapia con orologi laser nei casi di vertigini, debolezza cardiovascolare e disturbi circolatori.<\/p><h3><strong>Circa 5 milioni di persone in Germania sono affette da disturbi circolatori!<br \/><\/strong>Fonte: https:\/\/krank.de\/krankheiten\/durchblutungsstoerung\/<\/h3><h3>Controllare con il microscopio di controllo capillare.<\/h3><\/div><div class=\"pro-right\"><div class=\"pro-main\"><div class=\"pro-right\"><h3><strong>Il controllo pu\u00f2 essere vitale!<\/strong><\/h3><p>Se il <strong>Microscopio capillare<\/strong> \u00e8 acceso, \u00e8 necessario lubrificare il polpastrello con un po' di olio per bambini prima di tenerlo sotto la lente d'ingrandimento. Ruotare quindi la rotella di regolazione fino a quando l'immagine \u00e8 \"nitida\" e i capillari appaiono sullo schermo. Questo <strong>Microscopio capillare<\/strong> non \u00e8 solo facile da usare. Subito dopo il trattamento Laser-Watch, \u00e8 possibile verificare come la circolazione sanguigna sia stata stimolata e i capillari siano in movimento.<\/p><p>Questo <strong>Microscopio capillare<\/strong> (nuovo con 12 pollici - immagine pi\u00f9 nitida) \u00e8 semplicemente parte della <a href=\"https:\/\/innova-swiss.com\/it\/product\/orologio-laser\/\"><strong>Orologio laser<\/strong><\/a> inoltre. Sarete colpiti dall'efficienza di entrambi gli apparecchi.<\/p><\/div><\/div><div class=\"pro-bottom-info1\">\u00c8 opportuno controllare immediatamente i capillari (<strong>Uso: per controllare il flusso sanguigno nei capillari) <\/strong>con il microscopio capillare.<\/div><div>\u00a0<\/div><\/div><\/div><div><p><strong>Salvare le immagini:<\/strong> Questo microscopio capillare dispone anche di una connessione video. \u00c8 possibile collegarlo al laptop\/computer (con connessione USB) e salvare le immagini in formato digitale utilizzando il software integrato.<\/p><\/div><div class=\"pro-main\"><div class=\"pro-right\"><div class=\"pro-bottom-info1\"><p><a href=\"https:\/\/innova-swiss.com\/wp-content\/uploads\/sequence-1.jpg\"><img fetchpriority=\"high\" decoding=\"async\" class=\"alignnone size-full wp-image-18589\" src=\"https:\/\/innova-swiss.com\/wp-content\/uploads\/sequence-1.jpg\" alt=\"\" width=\"1600\" height=\"400\" srcset=\"https:\/\/innova-swiss.com\/wp-content\/uploads\/sequence-1.jpg 1600w, https:\/\/innova-swiss.com\/wp-content\/uploads\/sequence-1-364x91.jpg 364w, https:\/\/innova-swiss.com\/wp-content\/uploads\/sequence-1-150x38.jpg 150w, https:\/\/innova-swiss.com\/wp-content\/uploads\/sequence-1-723x181.jpg 723w, https:\/\/innova-swiss.com\/wp-content\/uploads\/sequence-1-300x75.jpg 300w, https:\/\/innova-swiss.com\/wp-content\/uploads\/sequence-1-1024x256.jpg 1024w, https:\/\/innova-swiss.com\/wp-content\/uploads\/sequence-1-768x192.jpg 768w, https:\/\/innova-swiss.com\/wp-content\/uploads\/sequence-1-1536x384.jpg 1536w\" sizes=\"(max-width: 1600px) 100vw, 1600px\" \/><\/a><\/p><\/div><div class=\"pro-bottom-info1\"><p><a href=\"https:\/\/innova-swiss.com\/wp-content\/uploads\/sequence-2.jpg\"><img decoding=\"async\" class=\"aligncenter wp-image-18590 size-full\" src=\"https:\/\/innova-swiss.com\/wp-content\/uploads\/sequence-2.jpg\" alt=\"\" width=\"600\" height=\"600\" srcset=\"https:\/\/innova-swiss.com\/wp-content\/uploads\/sequence-2.jpg 600w, https:\/\/innova-swiss.com\/wp-content\/uploads\/sequence-2-300x300.jpg 300w, https:\/\/innova-swiss.com\/wp-content\/uploads\/sequence-2-150x150.jpg 150w, https:\/\/innova-swiss.com\/wp-content\/uploads\/sequence-2-364x364.jpg 364w\" sizes=\"(max-width: 600px) 100vw, 600px\" \/><\/a>Il microscopio \u00e8 facile da usare. Una volta impostato e acceso, procedere come segue:<\/p><\/div><div class=\"pro-bottom-info1\"><div><div><ul><li>La microscopia capillare della pelle e delle pieghe ungueali viene eseguita sulle dita.<\/li><li>Lubrificare un'unghia con olio naturale per bambini utilizzando un cotton fioc. Assicuratevi di utilizzare la giusta quantit\u00e0 di olio. Un'eccessiva quantit\u00e0 di olio porta a una colorazione a specchio.<\/li><li>Posizionare il dito oliato sotto la lente del microscopio.<\/li><li>Regolare la nitidezza dell'immagine ruotando la manopola nera.<\/li><li>Ruotare la manopola per regolare l'altezza della lente d'ingrandimento e la nitidezza dell'immagine fino a quando si possono vedere i capillari.<\/li><li>L'illuminazione deve essere impostata in modo che non ci siano punti luce.<\/li><\/ul><\/div><\/div><\/div><div class=\"whatbqas\"><h4>Microscopia capillare del letto ungueale - semplice ed efficace<\/h4><p>Attualmente, la microscopia capillare del letto ungueale \u00e8 il metodo pi\u00f9 semplice ed efficiente per analizzare i disturbi del microcircolo e le alterazioni circolatorie.<\/p><p>Soprattutto nelle fasi iniziali della malattia, la microangiopatia periferica pu\u00f2 essere riconosciuta ed esaminata molto bene utilizzando la microscopia capillare.<\/p><p>Terapie associate alla <a href=\"https:\/\/innova-swiss.com\/it\/product\/orologio-laser\/\">Orologio laser<\/a> possono essere immediatamente controllati per verificarne l'efficienza con la misurazione al microscopio capillare.<\/p><p>La microscopia capillare \u00e8 l'unico metodo semplice e non invasivo che consente di esaminare e valutare direttamente il microcircolo, la pelle e l'aspetto dei capillari.<\/p><p>In questo modo \u00e8 possibile riconoscere tempestivamente i danni o le malattie organiche dei capillari. Questa procedura svolge un ruolo diagnostico importante, in particolare nella diagnosi delle malattie del tessuto connettivo (ad esempio la sclerodermia) o nella diagnosi delle malattie vascolari infiammatorie.<\/p><p>Dall'aspetto e dalla distribuzione spaziale di questi vasi pi\u00f9 piccoli, nonch\u00e9 dal flusso sanguigno riconoscibile, si possono trarre conclusioni sui disturbi microcircolatori (microangiopatia).<\/p><h4>Acquista ora LASER WATCH: Il microscopio capillare \u00e8 il \"dispositivo di controllo\" per il monitoraggio del successo terapeutico con il <a href=\"https:\/\/innova-swiss.com\/it\/product\/orologio-laser\/\">OROLOGIO LASER<\/a> (per i problemi cardiovascolari. per favorire la circolazione sanguigna). L'orologio LASER WATCH \u00e8 il dispositivo terapeutico necessario a questo scopo.<\/h4><p>Il <a href=\"https:\/\/innova-swiss.com\/it\/product\/orologio-laser\/\">Orologio laser<\/a> \u00e8 un dispositivo innovativo 3 in 1 che aiuta a combattere i problemi cardiovascolari e utilizza i pi\u00f9 recenti risultati della ricerca nel campo della terapia laser a bassa energia. Combina agopuntura, terapia del dolore localizzato e irradiazione esterna del sangue. Il <a href=\"https:\/\/innova-swiss.com\/it\/product\/orologio-laser\/\">Orologio laser<\/a> sar\u00e0 il vostro compagno ideale, a casa, al lavoro o in viaggio.<\/p><\/div><\/div><\/div>\t\t\t\t\t\t\t\t<\/div>\n\t\t\t\t<\/div>\n\t\t\t\t<\/div>\n\t\t<div class=\"elementor-element elementor-element-d6007cc e-con-full e-flex e-con e-child\" data-id=\"d6007cc\" data-element_type=\"container\" data-e-type=\"container\">\n\t\t\t\t<div class=\"elementor-element elementor-element-c2002a1 elementor-widget elementor-widget-heading\" data-id=\"c2002a1\" data-element_type=\"widget\" data-e-type=\"widget\" data-widget_type=\"heading.default\">\n\t\t\t\t<div class=\"elementor-widget-container\">\n\t\t\t\t\t<h2 class=\"elementor-heading-title elementor-size-default\">OROLOGIO LASER<\/h2>\t\t\t\t<\/div>\n\t\t\t\t<\/div>\n\t\t\t\t<div class=\"elementor-element elementor-element-5fe83ad elementor-widget elementor-widget-text-editor\" data-id=\"5fe83ad\" data-element_type=\"widget\" data-e-type=\"widget\" data-widget_type=\"text-editor.default\">\n\t\t\t\t<div class=\"elementor-widget-container\">\n\t\t\t\t\t\t\t\t\t<p>Lo sapete? In Germania circa 5 milioni di persone sono affette da disturbi circolatori!<\/p><p>Le terapie LASER-WATCH (30 minuti al giorno - la durata della terapia deve essere chiarita con il medico) stimolano immediatamente la circolazione sanguigna, favoriscono un flusso sanguigno sano e fluidificano il sangue. Con il MICROSCOPIO KAPILLAR potete controllare voi stessi l'andamento della terapia in qualsiasi momento!<\/p><p>La Covid 19, ad esempio, \u00e8 principalmente una malattia vascolare con danni ai vasi sanguigni. Gli scienziati hanno scoperto che la causa principale delle manifestazioni molto diverse e delle conseguenze a lungo termine della malattia da coronavirus Covid 19 \u00e8 dovuta a un danno primario ai vasi sanguigni.<\/p><p>Fonte: https:\/\/krank.de\/krankheiten\/durchblutungsstoerung\/<\/p><p><br \/>Il controllo pu\u00f2 essere vitale!<\/p><p>OROLOGIO LASER - Principio di trattamento - Tempo di ricarica della batteria<\/p><p>Importante: la batteria ricaricabile deve essere caricata per 4 ore prima di utilizzare il dispositivo per la prima volta, anche se sul display \u00e8 gi\u00e0 visualizzato \"tempo di carica completo\". A seconda della frequenza di utilizzo del Laser Watch, la batteria deve essere ricaricata per 4 ore ogni 2-3 mesi! Attenzione: rimuovere le due pellicole protettive sulle lenti della luce laser sul retro del Laser Watch!<\/p><p>Lo strumento di terapia laser a semiconduttore \u00e8 un aspetto importante della medicina quantistica. Il laser a bassa energia da 650 nm pu\u00f2 irradiare il sangue circolante nei vasi del punto di agopuntura della mano sinistra e il tessuto mucoso della cavit\u00e0 nasale per produrre l'effetto biologico fotoelettrico. Ci\u00f2 modifica la struttura molecolare delle proteine (enzimi e altre proteine funzionali) presenti nel sangue, inducendo l'organismo a produrre una serie di effetti biologici in risposta alla terapia, tra cui<\/p><p>La modifica delle propriet\u00e0 di scorrimento del sangue, la riduzione della viscosit\u00e0 del sangue intero e del plasma, la capacit\u00e0 di aggregazione delle piastrine e l'aumento della deformabilit\u00e0 dei globuli rossi determinano la riduzione della coagulazione del sangue, l'eliminazione dello sviluppo della trombosi e il miglioramento della circolazione sanguigna, in particolare per quanto riguarda la microcircolazione.<br \/>Adattamento dello stato immunitario dell'organismo (compresa l'immunit\u00e0 cellulare umorale), miglioramento della resistenza alle malattie dell'organismo e aiuto nel recupero da malattie infettive, allergiche e autoimmuni.<\/p><p>650 nm di luce rossa e 450 nm di luce blu 590 nm di luce gialla Terapia<\/p><p>La sonda antidolorifica utilizza il laser a luce rossa da 650 nm, il laser a luce blu da 450 nm e il laser a luce gialla da 590 nm per raggiungere il punto di dolore con un'irradiazione non invasiva per penetrare nel meridiano. Per la guarigione delle malattie, l'edema infiammato deve essere prima assorbito per liberare il meridiano e il canale per produrre pi\u00f9 enzimi biologici.<br \/>Cosa fanno i laser con colori diversi?<\/p><p>1. Il laser a luce gialla adotta una lunghezza d'onda ad alta efficienza di 590 nm. Dopo che la luce gialla specifica viene applicata alla pelle, accelera attivamente la circolazione sanguigna, attiva le cellule e<br \/>stimola l'eccitabilit\u00e0 delle cellule. Pu\u00f2 promuovere la sintesi del collagene e migliorare le fibre di collagene e le fibre elastiche della pelle. Allo stesso tempo, pu\u00f2 lenire e illuminare la pelle.<\/p><p>2. Il laser a luce blu pu\u00f2 svolgere un ruolo di sterilizzazione della pelle e avere un effetto antinfiammatorio per ridurre l'infiammazione.<br \/>migliorare la superficie della pelle. Ha un buon effetto sul trattamento dell'acne e della rosacea e pu\u00f2 trattare l'acne infiammatoria in modo rapido ed efficace. La radiografia blu \u00e8 un tipo di elevata purezza, molto penetrante, ma non dannosa per lo stato normale. Garantisce l'assenza di danni alla pelle e di effetti collaterali.<\/p><p>3. Il laser a luce rossa attiva il metabolismo. Abbassa la pressione sanguigna e migliora la circolazione sanguigna.<\/p><p>L'avanzare dell'et\u00e0 e uno stile di vita poco sano aumentano la possibilit\u00e0 che il colesterolo e gli altri lipidi del sangue si accumulino sulle pareti dei vasi sanguigni, compromettendo l'apporto di ossigeno e sostanze nutritive ai nostri organi.<\/p><p>La vasocostrizione porta a disturbi metabolici e microcircolatori, che a loro volta portano a malattie cardiovascolari e cerebrovascolari come ipertensione, diabete, ictus, ecc.<\/p><p>4. La luce laser attiva diversi enzimi e scompone il grasso in eccesso nel sangue. Aumenta la quantit\u00e0 di ossigeno nel sangue, stimola il metabolismo e migliora il processo di perossidazione dei lipidi per ridurre il livello di colesterolo nei vasi sanguigni.<\/p><p>5 Stimola la crescita del collagene nel derma della pelle. Anche l'elasticit\u00e0 e la resistenza della pelle sono notevolmente migliorate.<\/p><p>Scegliete voi stessi quali diodi devono essere attivi<\/p><p>Con il pulsante \"Mode\" \u00e8 possibile selezionare singolarmente i diodi luminosi e determinare cos\u00ec i colori da attivare.<\/p><p>Agopuntura e terapia del dolore<\/p><p>Il Laser Watch \u00e8 un innovativo dispositivo 3 in 1 che aiuta a combattere i problemi cardiovascolari e utilizza i pi\u00f9 recenti risultati della ricerca nel campo della terapia laser a bassa energia. Combina agopuntura, terapia del dolore localizzato e irradiazione esterna del sangue. Il Laser Watch sar\u00e0 il vostro compagno ideale, a casa, al lavoro o in viaggio.<\/p><p>L'orologio laser comprende un \"cuscinetto\" per l'irradiazione dell'area (terapia del dolore), un applicatore per le orecchie (ad esempio per gli acufeni) e un applicatore per il naso (rinite, allergie, ecc.). I diodi del polso sono progettati per irradiare e stimolare direttamente i punti di agopuntura, che calmano i nervi e il ritmo cardiaco e contribuiscono al rilassamento muscolare.<\/p><p>La luce laser provoca un aumento della produzione dell'ormone melatonina. La melatonina regola il nostro orologio interno e quindi controlla il ciclo del sonno del nostro corpo. Una maggiore quantit\u00e0 di melatonina aiuta a dormire meglio e a rilassarsi. Inoltre, previene il jet lag dopo lunghi voli.<\/p><p>Rischi di aumento della viscosit\u00e0 del sangue<\/p><p>Il sangue \u00e8 la fonte della vita umana. I componenti del sangue sono quattro: Plasma sanguigno, globuli rossi, globuli bianchi e piastrine.<\/p><p>I globuli rossi trasportano l'ossigeno del sangue e vari nutrienti ai nostri organi. Con l'avanzare dell'et\u00e0 e a causa del nostro stile di vita, vari tipi di grassi, colesterolo e altri prodotti di scarto intasano le cellule del sangue. Ci\u00f2 provoca una maggiore viscosit\u00e0 del sangue, con conseguente riduzione della sua capacit\u00e0 di fluire.<\/p><p>Di conseguenza, il sangue non pu\u00f2 scorrere a sufficienza attraverso la parete dei vasi sanguigni. Ci\u00f2 significa che il sangue pu\u00f2 trasportare meno ossigeno e nutrienti agli organi del nostro corpo.<\/p><p>Di conseguenza, il metabolismo diventa pi\u00f9 difficile e causa problemi di microcircolazione.<\/p><p>Il sangue contaminato e viscoso causa una serie di problemi di microcircolazione, che possono portare a ipertensione, diabete, malattie cardiovascolari e cerebrovascolari e persino ictus.<\/p><p>Scarica le istruzioni per l'uso<\/p><p><br \/>Scarica il manuale<\/p><p><br \/>PRESENTAZIONE DELL'APPARECCHIATURA PER L'EMOTERAPIA<\/p><p>Punto di agopuntura TONGLI: nella medicina tradizionale cinese, questo punto viene utilizzato per il punto di agopuntura del meridiano del cuore nell'ambito della terapia complementare.<\/p><p>Punto di agopuntura LINGDAO: nella medicina tradizionale cinese, questo punto viene utilizzato principalmente per calmare il cuore e i nervi e per pulire o attivare i meridiani nell'ambito di una terapia complementare.<\/p><p>Punto di agopuntura NEIGUAN: provoca una regolazione reciproca del battito cardiaco. Aumenta il flusso sanguigno coronarico durante l'ischemia miocardica. Aumenta la contrattilit\u00e0 del miocardio e migliora la funzione cardiaca. Il laser viene utilizzato per irradiare questo punto di agopuntura; gli esperti ritengono che si tratti di una funzione eccezionale per il trattamento delle malattie cardiovascolari e cerebrovascolari.<\/p><p>IRRADIAZIONE DELLA CAVIT\u00c0 NASALE:<\/p><p>La cavit\u00e0 nasale \u00e8 estremamente ricca di capillari.<br \/>Il laser debole con la giusta lunghezza d'onda e l'adeguata densit\u00e0 di potenza per l'irradiazione pu\u00f2 provocare una risposta dell'organismo, ovvero effetti biologici del laser. I parametri funzionali dello strumento per la terapia laser quantistica sono selezionati e determinati in base a quanto sopra per garantire gli effetti della terapia e della cura della salute.<\/p><p>RADIAZIONE DELLE PARTI DEL CORPO DOLENTI: il laser da 650 nm penetra direttamente nel punto di agopuntura ASHI (punto di dolore). Gli enzimi biologici attivati rafforzano l'attivit\u00e0 delle cellule fagocitiche e del lisozima per assorbire l'essudazione infiammatoria e l'edema, promuovere la circolazione sanguigna del meridiano e del punto di dolore, alleviando efficacemente il dolore corporeo.<\/p><p>Apparecchiature grafiche di irradiazione per l'orologio laser<\/p><p>Funzioni di trattamento centrale<\/p><p>Accessori per orologi laser<\/p><p>Acquisto supplementare:<\/p><p>Microscopio capillare<\/p><p>Questo microscopio capillare non solo \u00e8 facile da usare, ma consente anche di verificare come la circolazione sanguigna sia stata stimolata e i capillari si stiano muovendo subito dopo il trattamento con il Laser-Watch.  Il microscopio capillare \u00e8 semplicemente parte integrante del Laser-Watch a scopo di controllo. Rimarrete colpiti dall'efficienza di entrambi i dispositivi. Potete ordinare il microscopio capillare qui.<\/p>\t\t\t\t\t\t\t\t<\/div>\n\t\t\t\t<\/div>\n\t\t\t\t<\/div>\n\t\t\t\t\t<\/div>\n\t\t\t\t<\/div>\n\t\t\t\t<\/div>","protected":false},"excerpt":{"rendered":"<p>&nbsp;<\/p>\n<p><strong><span id=\"page72R_mcid8\" class=\"markedContent\"><span dir=\"ltr\" role=\"presentation\">OROLOGIO LASER<\/span><\/span> + <span id=\"page72R_mcid13\" class=\"markedContent\"><span dir=\"ltr\" role=\"presentation\">MICROSCOPIO CAPILLARE<\/span><\/span> <span id=\"page72R_mcid18\" class=\"markedContent\"><span dir=\"ltr\" role=\"presentation\">entrambi i dispositivi con effetto immediato:<\/span><\/span><span id=\"page72R_mcid19\" class=\"markedContent\"> <span dir=\"ltr\" role=\"presentation\">\u20ac 1.455,00<\/span><\/span><\/strong>. <strong><span id=\"page72R_mcid21\" class=\"markedContent\"><span dir=\"ltr\" role=\"presentation\">Sie sparen \u20ac 581,00<\/span><\/span><\/strong><\/p>\n<p><strong><span id=\"page72R_mcid21\" class=\"markedContent\"><span dir=\"ltr\" role=\"presentation\"><span id=\"page72R_mcid30\" class=\"markedContent\">... questa offerta speciale \u00e8 unica: coglietela al volo!<\/span><\/span><\/span><\/strong><\/p>\n<p><strong>Tempi di consegna: prontamente disponibili!<\/strong> Gli ordini effettuati prima delle 10.00 saranno spediti il giorno stesso con DPD!<br \/>\nRipartizione dei costi di affrancatura dal 1\u00b0 febbraio 2025<\/p>\n<ul>\n<li>Consegna in Austria: spese di spedizione \u20ac 11,50<\/li>\n<li>Consegna in tutti i paesi dell'UE dal magazzino centrale\/Austria: spese di spedizione \u20ac 15,50<\/li>\n<li>Consegna in Svizzera: spedizione gratuita dal nuovo magazzino svizzero\/CH-8585 Langrickenbach: spese di spedizione \u20ac 11,50.<\/li>\n<\/ul>\n<p>&nbsp;<\/p>","protected":false},"featured_media":18717,"comment_status":"closed","ping_status":"closed","template":"","meta":[],"product_brand":[],"product_cat":[1001,74],"product_tag":[1060,1002],"class_list":{"0":"post-18714","1":"product","2":"type-product","3":"status-publish","4":"has-post-thumbnail","6":"product_cat-kombi-paket","7":"product_cat-medizinische-geraete","8":"product_tag-advent-kombi","9":"product_tag-kombi-paket","10":"product_shipping_class-bqas-und-kap-mikro","12":"first","13":"instock","14":"sale","15":"taxable","16":"shipping-taxable","17":"purchasable","18":"product-type-simple"},"_links":{"self":[{"href":"https:\/\/innova-swiss.com\/it\/wp-json\/wp\/v2\/product\/18714","targetHints":{"allow":["GET"]}}],"collection":[{"href":"https:\/\/innova-swiss.com\/it\/wp-json\/wp\/v2\/product"}],"about":[{"href":"https:\/\/innova-swiss.com\/it\/wp-json\/wp\/v2\/types\/product"}],"replies":[{"embeddable":true,"href":"https:\/\/innova-swiss.com\/it\/wp-json\/wp\/v2\/comments?post=18714"}],"version-history":[{"count":8,"href":"https:\/\/innova-swiss.com\/it\/wp-json\/wp\/v2\/product\/18714\/revisions"}],"predecessor-version":[{"id":24691,"href":"https:\/\/innova-swiss.com\/it\/wp-json\/wp\/v2\/product\/18714\/revisions\/24691"}],"wp:featuredmedia":[{"embeddable":true,"href":"https:\/\/innova-swiss.com\/it\/wp-json\/wp\/v2\/media\/18717"}],"wp:attachment":[{"href":"https:\/\/innova-swiss.com\/it\/wp-json\/wp\/v2\/media?parent=18714"}],"wp:term":[{"taxonomy":"product_brand","embeddable":true,"href":"https:\/\/innova-swiss.com\/it\/wp-json\/wp\/v2\/product_brand?post=18714"},{"taxonomy":"product_cat","embeddable":true,"href":"https:\/\/innova-swiss.com\/it\/wp-json\/wp\/v2\/product_cat?post=18714"},{"taxonomy":"product_tag","embeddable":true,"href":"https:\/\/innova-swiss.com\/it\/wp-json\/wp\/v2\/product_tag?post=18714"}],"curies":[{"name":"wp","href":"https:\/\/api.w.org\/{rel}","templated":true}]}}