{"id":19923,"date":"2023-07-20T15:04:08","date_gmt":"2023-07-20T13:04:08","guid":{"rendered":"https:\/\/www.innova-swiss.com\/?post_type=product&#038;p=19923"},"modified":"2024-12-10T03:58:35","modified_gmt":"2024-12-10T02:58:35","slug":"kostenlos-blister-nadh-energy-chewing-gum-mit-belebender-wirkung-und-frischem-pfefferminz-geschmack","status":"publish","type":"product","link":"https:\/\/innova-swiss.com\/it\/product\/blister-gratuito-di-gomme-da-masticare-energetiche-nadh-con-effetto-tonificante-e-fresco-sapore-di-menta-piperita\/","title":{"rendered":"Blister (gratis) - Gomme da masticare NADH-ENERGIA (12) con effetto tonificante e fresco sapore di menta piperita"},"content":{"rendered":"<p><span style=\"color: #000000;\"><strong>Descrizione del<\/strong><\/span><br \/>\n<span style=\"color: #000000;\"><strong>Gruppo target<\/strong><\/span><br \/>\nAlunni, studenti, lavoratori, pensionati. In breve, tutte le persone che hanno bisogno di energia naturale, di un alito fresco, di un \"pick-up\" quotidiano,<br \/>\nServe concentrazione e reazione!<br \/>\n<span style=\"color: #000000;\"><strong>Effetto:<\/strong><\/span><br \/>\n<span style=\"color: #000000;\"><strong>-<\/strong><\/span> Il guaran\u00e0 risveglia le persone stanche<br \/>\n<span style=\"color: #000000;\"><strong>-<\/strong><\/span> Rafforzamento in caso di scarsa capacit\u00e0 di reazione e concentrazione<br \/>\n<span style=\"color: #000000;\"><strong>-<\/strong><\/span> l'apporto di energia naturale rafforza la memoria a breve termine<br \/>\n<span style=\"color: #000000;\"><strong>-<\/strong><\/span> aiuta ad aumentare e mantenere la motivazione<br \/>\n<span style=\"color: #000000;\"><strong>-<\/strong><\/span> Alito fresco con la menta piperita<br \/>\n<span style=\"color: #000000;\"><strong>Ingredienti:<\/strong><\/span><br \/>\n<span style=\"color: #000000;\"><strong>-<\/strong><\/span> Xilitolo (sostituto dello zucchero)<br \/>\n<span style=\"color: #000000;\"><strong>-<\/strong><\/span> Coenzima NADH 1 (10 mg per gomma da masticare)<br \/>\n<span style=\"color: #000000;\"><strong>-<\/strong><\/span> Estratto di guaran\u00e0<br \/>\n<span style=\"color: #000000;\"><strong>-<\/strong><\/span> Lecitina di girasole<br \/>\n<span style=\"color: #000000;\"><strong>-<\/strong><\/span> Aroma naturale di menta piperita<br \/>\n<span style=\"color: #000000;\"><strong>-<\/strong><\/span> vegano<br \/>\n<span style=\"color: #000000;\"><strong>-<\/strong><\/span> senza zucchero<br \/>\n<span style=\"color: #333333;\"><strong>Non contiene:<\/strong> <\/span>Zucchero, lievito, prodotti lattiero-caseari<br \/>\n<span style=\"color: #000000;\"><strong>100 %<\/strong><\/span> vegetariano, adatto ai diabetici.<br \/>\n<span style=\"color: #000000;\"><strong>XYLIT<\/strong><\/span> (zucchero di betulla), questo sostituto dello zucchero \u00e8 adatto anche ai diabetici perch\u00e9 viene scomposto indipendentemente dall'insulina. \u00c8 utile contro la carie. Gli studi hanno<br \/>\nhanno dimostrato che lo xilitolo promuove la salute dentale e previene la carie. Inoltre, stimola il flusso di saliva, che favorisce l'autopulizia della bocca. Questo<br \/>\naiuta anche a rigenerare le gengive.<br \/>\n<span style=\"color: #000000;\"><strong>N<\/strong><\/span><span style=\"font-size: 16px;\"><span style=\"color: #000000;\"><strong>ADH<\/strong> <\/span>\u00e8 un cofattore enzimatico ed \u00e8 essenziale per la produzione di ATP, il principale fornitore naturale di energia delle cellule.<\/span><\/p>\n<p><span style=\"color: #000000;\"><strong>GUARANA<\/strong><\/span> \u00e8 una pianta originaria di alcune zone del Sud America. I semi hanno un'alta concentrazione di caffeina e di altre sostanze stimolanti.<br \/>\nSono state apprezzate dalle popolazioni indigene per migliaia di anni come fonte naturale di energia. Il GUARANA viene utilizzato come alternativa dolce al caff\u00e8 per il<br \/>\ncorpo. A differenza del caff\u00e8, la caffeina del guaran\u00e0 non attacca la mucosa dello stomaco e non ha effetti collaterali. Il guaran\u00e0 funziona<br \/>\ntonificante e riduce il senso di fame e di sete. Inoltre, la caffeina dilata i vasi sanguigni, con effetti positivi sul mal di testa.<br \/>\nla psiche ne trae beneficio. Di conseguenza, la concentrazione viene stimolata grazie alla stimolazione di alcune cellule nervose e la stanchezza si riduce. Inoltre<br \/>\nSi dice che la caffeina abbia anche un effetto positivo sulla pelle. Si dice che questa sostanza stimoli la circolazione sanguigna, rassodi la pelle e riduca il gonfiore.<br \/>\nIl GUARANA \u00e8 quindi contenuto anche in alcuni prodotti per la cura della pelle.<br \/>\n<strong><span style=\"color: #000000;\">LECITINA DI GIRASOLE<\/span><\/strong> fornisce all'organismo un'abbondante quantit\u00e0 di colina e fosforo, il che fa davvero bene! La lecitina sostiene il cuore, che<br \/>\ncervello, il fegato e il sistema immunitario. Aiuta a risolvere i problemi cardiovascolari, la scarsa concentrazione e i problemi di memoria a breve termine.<br \/>\n<span style=\"color: #000000;\"><strong>Consumo consigliato:<\/strong><\/span> La quantit\u00e0 giornaliera raccomandata \u00e8 di un massimo di 4 gomme. L'uso di 1-2 gomme da masticare pu\u00f2 mostrare i suoi effetti dopo poco tempo.<br \/>\nnon deve quindi essere assunto insieme all'alcol. Non superare la dose giornaliera raccomandata. Non adatto alle donne in gravidanza e ai bambini di et\u00e0 inferiore a<br \/>\n12 anni. Tenere fuori dalla portata dei bambini piccoli. Gli integratori alimentari non sostituiscono una dieta varia,<br \/>\nche \u00e8 importante insieme a uno stile di vita sano.<br \/>\n<span style=\"color: #000000;\"><strong>Raccomandazione di consumo solo per i consumatori\/SVIZZERA<\/strong>:<\/span> 1 gomma da masticare al giorno! (Secondo la legislazione alimentare svizzera).<\/p>","protected":false},"excerpt":{"rendered":"<p><span style=\"color: #000000;\"><strong>Imballaggio in blister<\/strong>:<\/span> 1 blister = 12 gomme da masticare<br \/>\nPrezzo\/blister: \u20ac 9,95 x 12 blister = \u20ac 119,40<br \/>\n<span style=\"color: #000000;\"><strong>Ordine minimo - prezzo speciale:<\/strong><\/span><br \/>\n<strong><span style=\"color: #000000;\">1 display = 12 blister = 144 gomme da masticare<\/span><span style=\"color: #ff0000;\"> \u20ac 109,95<\/span><\/strong><br \/>\nrisparmiate <span style=\"color: #000000;\"><strong>\u20ac 9,45<\/strong><\/span><\/p>\n<p><strong><span style=\"color: #000000;\">Si prega di notare i prezzi scaglionati per quantit\u00e0!<\/span><\/strong><br \/>\nA) da 3 espositori con 36 blister:<span style=\"color: #008000;\"> <strong><span style=\"color: #000000;\">\u20ac 96,65 <span style=\"color: #339966;\">(si risparmiano 13,3 \u20ac per display)<\/span><\/span><\/strong><\/span><br \/>\nB) da 5 espositori con 60 blister:<span style=\"color: #008000;\"><strong><span style=\"color: #000000;\"> \u20ac 93,99 <span style=\"color: #339966;\">(si risparmiano \u20ac 15,96 per display)<\/span><\/span><\/strong><\/span><br \/>\nC) da 10 espositori con 120 blister: <span style=\"color: #008000;\"><strong><span style=\"color: #000000;\">\u20ac 89,99 <span style=\"color: #339966;\">(risparmio di 19,96 \u20ac per display)<\/span><\/span><\/strong><\/span><br \/>\n<span style=\"color: #000000;\"><strong>Rivenditore:<\/strong><\/span><br \/>\nDa 100 espositori = 1200 blister Prezzo - su richiesta<br \/>\na: office@innova-swiss.com<\/p>","protected":false},"featured_media":19895,"comment_status":"closed","ping_status":"closed","template":"","meta":[],"product_brand":[],"product_cat":[16],"product_tag":[],"class_list":{"0":"post-19923","1":"product","2":"type-product","3":"status-publish","4":"has-post-thumbnail","6":"product_cat-uncategorized","8":"first","9":"instock","10":"taxable","11":"shipping-taxable","12":"purchasable","13":"product-type-simple"},"_links":{"self":[{"href":"https:\/\/innova-swiss.com\/it\/wp-json\/wp\/v2\/product\/19923","targetHints":{"allow":["GET"]}}],"collection":[{"href":"https:\/\/innova-swiss.com\/it\/wp-json\/wp\/v2\/product"}],"about":[{"href":"https:\/\/innova-swiss.com\/it\/wp-json\/wp\/v2\/types\/product"}],"replies":[{"embeddable":true,"href":"https:\/\/innova-swiss.com\/it\/wp-json\/wp\/v2\/comments?post=19923"}],"version-history":[{"count":0,"href":"https:\/\/innova-swiss.com\/it\/wp-json\/wp\/v2\/product\/19923\/revisions"}],"wp:featuredmedia":[{"embeddable":true,"href":"https:\/\/innova-swiss.com\/it\/wp-json\/wp\/v2\/media\/19895"}],"wp:attachment":[{"href":"https:\/\/innova-swiss.com\/it\/wp-json\/wp\/v2\/media?parent=19923"}],"wp:term":[{"taxonomy":"product_brand","embeddable":true,"href":"https:\/\/innova-swiss.com\/it\/wp-json\/wp\/v2\/product_brand?post=19923"},{"taxonomy":"product_cat","embeddable":true,"href":"https:\/\/innova-swiss.com\/it\/wp-json\/wp\/v2\/product_cat?post=19923"},{"taxonomy":"product_tag","embeddable":true,"href":"https:\/\/innova-swiss.com\/it\/wp-json\/wp\/v2\/product_tag?post=19923"}],"curies":[{"name":"wp","href":"https:\/\/api.w.org\/{rel}","templated":true}]}}