{"id":19927,"date":"2023-07-20T15:42:27","date_gmt":"2023-07-20T13:42:27","guid":{"rendered":"https:\/\/www.innova-swiss.com\/?post_type=product&#038;p=19927"},"modified":"2025-08-17T16:57:11","modified_gmt":"2025-08-17T14:57:11","slug":"nadh-energy-chewing-gum-belebender-wirkung-frischem-pfefferminz-geschmack","status":"publish","type":"product","link":"https:\/\/innova-swiss.com\/it\/product\/gomma-da-masticare-energetica-nadh-effetto-tonificante-gusto-menta-fresca\/","title":{"rendered":"NADH-ENERGY-CHEWING-GUM (display con 12 blister) con effetto tonificante e fresco sapore di menta piperita"},"content":{"rendered":"<div data-elementor-type=\"wp-post\" data-elementor-id=\"19927\" class=\"elementor elementor-19927\" data-elementor-post-type=\"product\">\n\t\t\t\t\t\t<section class=\"elementor-section elementor-top-section elementor-element elementor-element-60acba03 elementor-section-boxed elementor-section-height-default elementor-section-height-default\" data-id=\"60acba03\" data-element_type=\"section\" data-e-type=\"section\">\n\t\t\t\t\t\t<div class=\"elementor-container elementor-column-gap-default\">\n\t\t\t\t\t<div class=\"elementor-column elementor-col-100 elementor-top-column elementor-element elementor-element-43e5595d\" data-id=\"43e5595d\" data-element_type=\"column\" data-e-type=\"column\">\n\t\t\t<div class=\"elementor-widget-wrap elementor-element-populated\">\n\t\t\t\t\t\t<div class=\"elementor-element elementor-element-1cd26126 elementor-widget elementor-widget-text-editor\" data-id=\"1cd26126\" data-element_type=\"widget\" data-e-type=\"widget\" data-widget_type=\"text-editor.default\">\n\t\t\t\t<div class=\"elementor-widget-container\">\n\t\t\t\t\t\t\t\t\t<p><strong><span style=\"color: #000000\">Si prega di notare i prezzi scaglionati per quantit\u00e0!<\/span><\/strong><br \/>A) da 3 espositori con 36 blister:<span style=\"color: #008000\"> <strong><span style=\"color: #000000\">\u20ac 96,65 <span style=\"color: #339966\">(si risparmiano \u20ac 13,30 per display)<\/span><\/span><\/strong><\/span><br \/>B) da 5 dispensazioni con 60 blister:<span style=\"color: #008000\"><strong><span style=\"color: #000000\"> \u20ac 93,99 <span style=\"color: #339966\">(si risparmiano \u20ac 15,96 per display)<\/span><\/span><\/strong><\/span><br \/>C) da 10 espositori con 120 blister: <span style=\"color: #008000\"><strong><span style=\"color: #000000\">\u20ac 89,99 <span style=\"color: #339966\">(risparmio di 19,96 \u20ac per display)<\/span><\/span><\/strong><\/span><br \/><span style=\"color: #000000\"><strong>Rivenditore:<\/strong><\/span><br \/>Da 100 espositori = 1200 blister Prezzo - su richiesta<br \/>a: office@innova-swiss.com<\/p><p><span style=\"color: #000000\"><strong>Descrizione del<\/strong><\/span><br \/><a href=\"https:\/\/innova-swiss.com\/wp-content\/uploads\/WEb-Text_NADH-CHEWING-GUM-b3.jpg\"><img fetchpriority=\"high\" decoding=\"async\" class=\"wp-image-19933 alignright\" src=\"https:\/\/innova-swiss.com\/wp-content\/uploads\/WEb-Text_NADH-CHEWING-GUM-b3.jpg\" alt=\"\" width=\"286\" height=\"196\" \/><\/a><br \/><span style=\"color: #000000\"><strong>Ingredienti:<\/strong><\/span><br \/><span style=\"color: #000000\"><strong>-<\/strong><\/span> Xilitolo (sostituto dello zucchero)<br \/><span style=\"color: #000000\"><strong>-<\/strong><\/span> Coenzima NADH 1 (10 mg per gomma da masticare)<br \/><span style=\"color: #000000\"><strong>-<\/strong><\/span> Estratto di guaran\u00e0<br \/><span style=\"color: #000000\"><strong>-<\/strong><\/span> Lecitina di girasole<br \/><span style=\"color: #000000\"><strong>-<\/strong><\/span> Aroma naturale di menta piperita<br \/><span style=\"color: #000000\"><strong>-<\/strong><\/span> vegano<br \/><span style=\"color: #000000\"><strong>-<\/strong><\/span> senza zucchero<br \/><span style=\"color: #333333\"><strong>Non contiene:<\/strong> <\/span>Zucchero, lievito, prodotti lattiero-caseari<br \/><span style=\"color: #000000\"><strong>100 %<\/strong><\/span> vegetariano, adatto ai diabetici.<br \/><span style=\"color: #000000\"><strong>Consumo consigliato:<\/strong><\/span> La quantit\u00e0 giornaliera raccomandata \u00e8 di un massimo di 4 gomme. L'uso di 1-2 gomme da masticare pu\u00f2 mostrare i suoi effetti dopo poco tempo.<br \/>non deve quindi essere assunto insieme all'alcol. Non superare la dose giornaliera raccomandata. Non adatto alle donne in gravidanza e ai bambini di et\u00e0 inferiore a<br \/>12 anni. Tenere fuori dalla portata dei bambini piccoli. Gli integratori alimentari non sostituiscono una dieta varia,<br \/>che \u00e8 importante insieme a uno stile di vita sano.<br \/><span style=\"color: #000000\"><strong>Raccomandazione di consumo solo per i consumatori\/SVIZZERA<\/strong>:<\/span> 1 gomma da masticare al giorno! (Secondo la legislazione alimentare svizzera).<\/p>\t\t\t\t\t\t\t\t<\/div>\n\t\t\t\t<\/div>\n\t\t\t\t\t<\/div>\n\t\t<\/div>\n\t\t\t\t\t<\/div>\n\t\t<\/section>\n\t\t\t\t<\/div>","protected":false},"excerpt":{"rendered":"<h3><span style=\"color: #000000\"><strong>Imballaggio in blister<\/strong>:<\/span> 1 blister = 12 gomme da masticare<br \/>\nPrezzo\/blister: \u20ac 9,95 x 12 blister = \u20ac 119,40<\/h3>\n<h3><em><span style=\"color: #000000\"><strong>Ordine minimo a prezzo speciale:<\/strong><\/span><\/em><br \/>\n<span style=\"color: #ff0000\"><strong>1 display = 12 blister = 144 gomme da masticare\u00a0 \u00a0 \u00a0 <\/strong><strong>Prezzo \u20ac 109,95 - <\/strong><em>Risparmiate \u20ac 9,45<\/em><\/span><\/h3>\n<p>Poich\u00e9 noi <strong>cliente franko<\/strong> in Europa, non \u00e8 possibile inviare singoli blister = 12 gomme da masticare per \u20ac 9,95.<\/p>\n<p>Produzione: Austria <strong>Tempi di consegna: prontamente disponibili!<\/strong> Gli ordini effettuati prima delle 10.00 saranno spediti il giorno stesso con DPD!<br \/>\n<strong>Assegnazione dei costi di affrancatura a partire dal 1\u00b0 febbraio 2025:<\/strong><\/p>\n<ul>\n<li><strong>Consegna in Austria:<\/strong><br \/>\nfino al valore dell'ordine \u20ac 89,99 - spese di spedizione \u20ac 5,60.<br \/>\nConsegna gratuita per ordini superiori a \u20ac 90<\/li>\n<li><strong>Consegna in tutti i paesi dell'UE dal magazzino centrale\/Austria:<\/strong><br \/>\nfino al valore dell'ordine \u20ac 89,99 - spese di spedizione \u20ac 9,50.<br \/>\nConsegna gratuita per ordini superiori a \u20ac 90<\/li>\n<li><strong>Consegna in Svizzera:<\/strong><br \/>\nspedizione gratuita dal nuovo magazzino svizzero\/CH-8585 Langrickenbach: fino al valore dell'ordine \u20ac 89,99 - spese di spedizione \u20ac 9,50.<br \/>\nConsegna gratuita per ordini superiori a \u20ac 90<\/li>\n<\/ul>\n<p>&nbsp;<\/p>\n<p>Vedi sotto <strong>Si prega di notare i prezzi scaglionati per quantit\u00e0!<\/strong><\/p>\n<p>&nbsp;<\/p>\n<p>&nbsp;<\/p>","protected":false},"featured_media":19895,"comment_status":"closed","ping_status":"closed","template":"","meta":[],"product_brand":[],"product_cat":[17,1006],"product_tag":[],"class_list":{"0":"post-19927","1":"product","2":"type-product","3":"status-publish","4":"has-post-thumbnail","6":"product_cat-nadh-kaufen-nicotinamidadenindinukleotid","7":"product_cat-nadh-chewing-gum","8":"product_shipping_class-nadh-produkte-und-accessoires","10":"first","11":"instock","12":"taxable","13":"shipping-taxable","14":"purchasable","15":"product-type-simple"},"_links":{"self":[{"href":"https:\/\/innova-swiss.com\/it\/wp-json\/wp\/v2\/product\/19927","targetHints":{"allow":["GET"]}}],"collection":[{"href":"https:\/\/innova-swiss.com\/it\/wp-json\/wp\/v2\/product"}],"about":[{"href":"https:\/\/innova-swiss.com\/it\/wp-json\/wp\/v2\/types\/product"}],"replies":[{"embeddable":true,"href":"https:\/\/innova-swiss.com\/it\/wp-json\/wp\/v2\/comments?post=19927"}],"version-history":[{"count":9,"href":"https:\/\/innova-swiss.com\/it\/wp-json\/wp\/v2\/product\/19927\/revisions"}],"predecessor-version":[{"id":24768,"href":"https:\/\/innova-swiss.com\/it\/wp-json\/wp\/v2\/product\/19927\/revisions\/24768"}],"wp:featuredmedia":[{"embeddable":true,"href":"https:\/\/innova-swiss.com\/it\/wp-json\/wp\/v2\/media\/19895"}],"wp:attachment":[{"href":"https:\/\/innova-swiss.com\/it\/wp-json\/wp\/v2\/media?parent=19927"}],"wp:term":[{"taxonomy":"product_brand","embeddable":true,"href":"https:\/\/innova-swiss.com\/it\/wp-json\/wp\/v2\/product_brand?post=19927"},{"taxonomy":"product_cat","embeddable":true,"href":"https:\/\/innova-swiss.com\/it\/wp-json\/wp\/v2\/product_cat?post=19927"},{"taxonomy":"product_tag","embeddable":true,"href":"https:\/\/innova-swiss.com\/it\/wp-json\/wp\/v2\/product_tag?post=19927"}],"curies":[{"name":"wp","href":"https:\/\/api.w.org\/{rel}","templated":true}]}}