{"id":20164,"date":"2023-08-17T16:09:13","date_gmt":"2023-08-17T14:09:13","guid":{"rendered":"https:\/\/www.innova-swiss.com\/?post_type=product&#038;p=20164"},"modified":"2026-02-01T13:20:36","modified_gmt":"2026-02-01T12:20:36","slug":"blister-nadh-energy-chewing-gum-12-mit-belebender-wirkung-und-frischem-pfefferminz-geschmack","status":"publish","type":"product","link":"https:\/\/innova-swiss.com\/it\/product\/blister-nadh-energy-gomma-da-masticare-12-con-effetto-tonificante-e-fresco-sapore-di-menta-piperita\/","title":{"rendered":"NADH-ENERGY-CHEWING-GUM (blister con 12 gomme da masticare) con effetto tonificante e fresco sapore di menta piperita"},"content":{"rendered":"<div data-elementor-type=\"wp-post\" data-elementor-id=\"20164\" class=\"elementor elementor-20164\" data-elementor-post-type=\"product\">\n\t\t\t\t<div class=\"elementor-element elementor-element-3e5c2357 e-flex e-con-boxed e-con e-parent\" data-id=\"3e5c2357\" data-element_type=\"container\" data-e-type=\"container\">\n\t\t\t\t\t<div class=\"e-con-inner\">\n\t\t\t\t<div class=\"elementor-element elementor-element-48d66a0d elementor-widget elementor-widget-text-editor\" data-id=\"48d66a0d\" data-element_type=\"widget\" data-e-type=\"widget\" data-widget_type=\"text-editor.default\">\n\t\t\t\t<div class=\"elementor-widget-container\">\n\t\t\t\t\t\t\t\t\t<p><span style=\"color: #000000;\"><strong>Imballaggio in blister<\/strong>:<\/span> 1 blister = 12 gomme da masticare<br \/>Prezzo\/blister: \u20ac 9,95<br \/><span style=\"color: #000000;\"><strong>Ordine minimo:<\/strong><\/span><br \/><strong><span style=\"color: #000000;\">3 vesciche = 36 gomme da masticare<\/span> <b>\u20ac 29,86<\/b><\/strong><\/p><p><b><u>Nota:<\/u><\/b><u> Poich\u00e9 spediamo in porto franco ai clienti in Europa, non \u00e8 possibile inviare solo 1 o 2 blister = 12 o 24 Chewing Gum per \u20ac 9,95.<\/u><\/p><h2><strong>Offerte speciali sui prodotti NADH fino alla cancellazione<\/strong><strong>!<\/strong><\/h2><h3>Monatsaktion!<\/h3><p>vom 1. -28. Februar 2026! Sie kaufen 2 Packungen und erhalten 1 Packung kostenlos dazu! Diesen Monat gibt es die Aktion f\u00fcr <a href=\"https:\/\/innova-swiss.com\/it\/product\/nadh-coenzimaq10\/\">NADH plus Ubichinon CoQ10!<\/a><\/p><h3>Aktion-A3: 6 + 1 Bio Magnet Armband + 1 IS-Click-Wallet + 1 Blisterbox<\/h3><p>Se ordinate 6 (sei) o pi\u00f9 prodotti NADH a vostra scelta, riceverete gratuitamente 1 Bracciale Bio Magnet + 1 Portafoglio IS-Click del valore totale di \u20ac 84,00 + 1 blister!<\/p><p><b>Si prega di notare i prezzi sfalsati delle quantit\u00e0 esposte!<\/b><br \/><span lang=\"EN-US\">Display = 12 blister = 144 gomme da masticare<\/span><br \/>A) da 3 espositori con 36 blister:<span style=\"color: #008000;\"> <strong><span style=\"color: #000000;\">\u20ac 96,65 <span style=\"color: #339966;\">(si risparmiano 13,3 \u20ac per display)<\/span><\/span><\/strong><\/span><br \/>B) da 5 dispensazioni con 60 blister:<span style=\"color: #008000;\"><strong><span style=\"color: #000000;\"> \u20ac 93,99 <span style=\"color: #339966;\">(si risparmiano \u20ac 15,96 per display)<\/span><\/span><\/strong><\/span><br \/>C) da 10 dispensazioni con 120 blister: <span style=\"color: #008000;\"><strong><span style=\"color: #000000;\">\u20ac 89,99 <span style=\"color: #339966;\">(risparmio di 19,96 \u20ac per display)<\/span><\/span><\/strong><\/span><\/p><p><a href=\"https:\/\/innova-swiss.com\/it\/product\/gomma-da-masticare-energetica-nadh-effetto-tonificante-gusto-menta-fresca\/\"><strong><span style=\"color: #ff0000;\">Acquista il display con 12 blister!<\/span><\/strong><\/a><\/p><p><span style=\"color: #000000;\"><strong>Rivenditore:<\/strong><\/span><br \/>A partire da 100 Dispaly = 1200 blister Prezzo - su richiesta<br \/>a: office@innova-swiss.com<\/p><p><span style=\"color: #000000;\"><strong>Descrizione del<\/strong><\/span><\/p><p><span style=\"color: #000000;\"><strong>Ingredienti:<\/strong><\/span><br \/><span style=\"color: #000000;\"><strong>-<\/strong><\/span> Xilitolo (sostituto dello zucchero)<br \/><span style=\"color: #000000;\"><strong>-<\/strong><\/span> Coenzima NADH 1 (10 mg per gomma da masticare)<br \/><span style=\"color: #000000;\"><strong>-<\/strong><\/span> Estratto di guaran\u00e0<br \/><span style=\"color: #000000;\"><strong>-<\/strong><\/span> Lecitina di girasole<br \/><span style=\"color: #000000;\"><strong>-<\/strong><\/span> Aroma naturale di menta piperita<br \/><span style=\"color: #000000;\"><strong>-<\/strong><\/span> vegano<br \/><span style=\"color: #000000;\"><strong>-<\/strong><\/span> senza zucchero<br \/><span style=\"color: #333333;\"><strong>Non contiene:<\/strong> <\/span>Zucchero, lievito, prodotti lattiero-caseari<br \/><span style=\"color: #000000;\"><strong>100 %<\/strong><\/span> vegetariano, adatto ai diabetici.<\/p><p><span style=\"color: #000000;\"><strong>Consumo consigliato:<\/strong><\/span> La quantit\u00e0 giornaliera raccomandata \u00e8 di un massimo di 4 gomme. L'uso di 1-2 gomme da masticare pu\u00f2 mostrare i suoi effetti dopo poco tempo.<br \/>non deve quindi essere assunto insieme all'alcol. Non superare la dose giornaliera raccomandata. Non adatto alle donne in gravidanza e ai bambini di et\u00e0 inferiore a<br \/>12 anni. Tenere fuori dalla portata dei bambini piccoli. Gli integratori alimentari non sostituiscono una dieta varia,<br \/>che \u00e8 importante insieme a uno stile di vita sano.<br \/><span style=\"color: #000000;\"><strong>Raccomandazione di consumo solo per i consumatori\/SVIZZERA<\/strong>:<\/span> 1 gomma da masticare al giorno! (Secondo la legislazione alimentare svizzera).<\/p>\t\t\t\t\t\t\t\t<\/div>\n\t\t\t\t<\/div>\n\t\t\t\t\t<\/div>\n\t\t\t\t<\/div>\n\t\t\t\t<\/div>","protected":false},"excerpt":{"rendered":"<p>Produzione: Austria <strong>Tempi di consegna: prontamente disponibili!<\/strong> Gli ordini effettuati prima delle 10.00 saranno spediti il giorno stesso con DPD!<br \/>\n<strong>Assegnazione dei costi di affrancatura a partire dal 1\u00b0 febbraio 2025:<\/strong><\/p>\n<ul>\n<li><strong>Consegna in Austria:<\/strong><br \/>\nfino al valore dell'ordine \u20ac 89,99 - spese di spedizione \u20ac 5,60.<br \/>\nConsegna gratuita per ordini superiori a \u20ac 90<\/li>\n<li><strong>Consegna in tutti i paesi dell'UE dal magazzino centrale\/Austria:<\/strong><br \/>\nfino al valore dell'ordine \u20ac 89,99 - spese di spedizione \u20ac 9,50.<br \/>\nConsegna gratuita per ordini superiori a \u20ac 90<\/li>\n<li><strong>Consegna in Svizzera:<\/strong><br \/>\nspedizione gratuita dal nuovo magazzino svizzero\/CH-8585 Langrickenbach: fino al valore dell'ordine \u20ac 89,99 - spese di spedizione \u20ac 9,50.<br \/>\nConsegna gratuita per ordini superiori a \u20ac 90<\/li>\n<\/ul>\n<p>Vedi sotto <strong>Si prega di notare i prezzi scaglionati per quantit\u00e0!<\/strong><\/p>","protected":false},"featured_media":19895,"comment_status":"closed","ping_status":"closed","template":"","meta":[],"product_brand":[],"product_cat":[16,17,1006],"product_tag":[],"class_list":{"0":"post-20164","1":"product","2":"type-product","3":"status-publish","4":"has-post-thumbnail","6":"product_cat-uncategorized","7":"product_cat-nadh-kaufen-nicotinamidadenindinukleotid","8":"product_cat-nadh-chewing-gum","9":"product_shipping_class-nadh-produkte-und-accessoires","11":"first","12":"instock","13":"taxable","14":"shipping-taxable","15":"purchasable","16":"product-type-simple"},"_links":{"self":[{"href":"https:\/\/innova-swiss.com\/it\/wp-json\/wp\/v2\/product\/20164","targetHints":{"allow":["GET"]}}],"collection":[{"href":"https:\/\/innova-swiss.com\/it\/wp-json\/wp\/v2\/product"}],"about":[{"href":"https:\/\/innova-swiss.com\/it\/wp-json\/wp\/v2\/types\/product"}],"replies":[{"embeddable":true,"href":"https:\/\/innova-swiss.com\/it\/wp-json\/wp\/v2\/comments?post=20164"}],"version-history":[{"count":23,"href":"https:\/\/innova-swiss.com\/it\/wp-json\/wp\/v2\/product\/20164\/revisions"}],"predecessor-version":[{"id":24852,"href":"https:\/\/innova-swiss.com\/it\/wp-json\/wp\/v2\/product\/20164\/revisions\/24852"}],"wp:featuredmedia":[{"embeddable":true,"href":"https:\/\/innova-swiss.com\/it\/wp-json\/wp\/v2\/media\/19895"}],"wp:attachment":[{"href":"https:\/\/innova-swiss.com\/it\/wp-json\/wp\/v2\/media?parent=20164"}],"wp:term":[{"taxonomy":"product_brand","embeddable":true,"href":"https:\/\/innova-swiss.com\/it\/wp-json\/wp\/v2\/product_brand?post=20164"},{"taxonomy":"product_cat","embeddable":true,"href":"https:\/\/innova-swiss.com\/it\/wp-json\/wp\/v2\/product_cat?post=20164"},{"taxonomy":"product_tag","embeddable":true,"href":"https:\/\/innova-swiss.com\/it\/wp-json\/wp\/v2\/product_tag?post=20164"}],"curies":[{"name":"wp","href":"https:\/\/api.w.org\/{rel}","templated":true}]}}