{"id":21790,"date":"2023-11-07T20:53:08","date_gmt":"2023-11-07T19:53:08","guid":{"rendered":"https:\/\/www.innova-swiss.com\/?post_type=product&#038;p=21790"},"modified":"2025-01-29T22:49:44","modified_gmt":"2025-01-29T21:49:44","slug":"smart-control-watch","status":"publish","type":"product","link":"https:\/\/innova-swiss.com\/it\/product\/orologio-di-controllo-intelligente\/","title":{"rendered":"Orologio intelligente GC-300 \/ (orologio di controllo della salute) ultimo modello 2023"},"content":{"rendered":"<p><a href=\"https:\/\/innova-swiss.com\/wp-content\/uploads\/Control-Watch02.jpg\" data-elementor-open-lightbox=\"yes\" data-elementor-lightbox-slideshow=\"2226291\" data-elementor-lightbox-title=\"Control-Watch02\" data-e-action-hash=\"#elementor-action%3Aaction%3Dlightbox%26settings%3DeyJpZCI6MjE4MDksInVybCI6Imh0dHBzOlwvXC93d3cuaW5ub3ZhLXN3aXNzLmNvbVwvd3AtY29udGVudFwvdXBsb2Fkc1wvQ29udHJvbC1XYXRjaDAyLmpwZyIsInNsaWRlc2hvdyI6IjIyMjYyOTEifQ%3D%3D\"><br \/>\n<\/a><br \/>\n<a href=\"https:\/\/innova-swiss.com\/wp-content\/uploads\/Controll-Smart-Watch-009.jpg\" data-elementor-open-lightbox=\"yes\" data-elementor-lightbox-slideshow=\"2226291\" data-elementor-lightbox-title=\"Controll Smart Watch 009\" data-e-action-hash=\"#elementor-action%3Aaction%3Dlightbox%26settings%3DeyJpZCI6MjE4MDQsInVybCI6Imh0dHBzOlwvXC93d3cuaW5ub3ZhLXN3aXNzLmNvbVwvd3AtY29udGVudFwvdXBsb2Fkc1wvQ29udHJvbGwtU21hcnQtV2F0Y2gtMDA5LmpwZyIsInNsaWRlc2hvdyI6IjIyMjYyOTEifQ%3D%3D\"><br \/>\n<\/a><br \/>\n<a href=\"https:\/\/innova-swiss.com\/wp-content\/uploads\/Control-Watch-04.jpg\" data-elementor-open-lightbox=\"yes\" data-elementor-lightbox-slideshow=\"2226291\" data-elementor-lightbox-title=\"Control-Watch 04\" data-e-action-hash=\"#elementor-action%3Aaction%3Dlightbox%26settings%3DeyJpZCI6MjE4MDUsInVybCI6Imh0dHBzOlwvXC93d3cuaW5ub3ZhLXN3aXNzLmNvbVwvd3AtY29udGVudFwvdXBsb2Fkc1wvQ29udHJvbC1XYXRjaC0wNC5qcGciLCJzbGlkZXNob3ciOiIyMjI2MjkxIn0%3D\"><br \/>\n<\/a><br \/>\n<a href=\"https:\/\/innova-swiss.com\/wp-content\/uploads\/Control-Watch-06.jpg\" data-elementor-open-lightbox=\"yes\" data-elementor-lightbox-slideshow=\"2226291\" data-elementor-lightbox-title=\"Control-Watch 06\" data-e-action-hash=\"#elementor-action%3Aaction%3Dlightbox%26settings%3DeyJpZCI6MjE4MDYsInVybCI6Imh0dHBzOlwvXC93d3cuaW5ub3ZhLXN3aXNzLmNvbVwvd3AtY29udGVudFwvdXBsb2Fkc1wvQ29udHJvbC1XYXRjaC0wNi5qcGciLCJzbGlkZXNob3ciOiIyMjI2MjkxIn0%3D\"><br \/>\n<\/a><br \/>\n<a href=\"https:\/\/innova-swiss.com\/wp-content\/uploads\/Control-Watch-07png.jpg\" data-elementor-open-lightbox=\"yes\" data-elementor-lightbox-slideshow=\"2226291\" data-elementor-lightbox-title=\"Control-Watch 07png\" data-e-action-hash=\"#elementor-action%3Aaction%3Dlightbox%26settings%3DeyJpZCI6MjE4MDcsInVybCI6Imh0dHBzOlwvXC93d3cuaW5ub3ZhLXN3aXNzLmNvbVwvd3AtY29udGVudFwvdXBsb2Fkc1wvQ29udHJvbC1XYXRjaC0wN3BuZy5qcGciLCJzbGlkZXNob3ciOiIyMjI2MjkxIn0%3D\"><br \/>\n<\/a><br \/>\n<a href=\"https:\/\/innova-swiss.com\/wp-content\/uploads\/Control-Watch01.jpg\" data-elementor-open-lightbox=\"yes\" data-elementor-lightbox-slideshow=\"2226291\" data-elementor-lightbox-title=\"Control-Watch01\" data-e-action-hash=\"#elementor-action%3Aaction%3Dlightbox%26settings%3DeyJpZCI6MjE4MDgsInVybCI6Imh0dHBzOlwvXC93d3cuaW5ub3ZhLXN3aXNzLmNvbVwvd3AtY29udGVudFwvdXBsb2Fkc1wvQ29udHJvbC1XYXRjaDAxLmpwZyIsInNsaWRlc2hvdyI6IjIyMjYyOTEifQ%3D%3D\"><br \/>\n<\/a><br \/>\n<a href=\"https:\/\/innova-swiss.com\/wp-content\/uploads\/Contol-Watch03.jpg\" data-elementor-open-lightbox=\"yes\" data-elementor-lightbox-slideshow=\"2226291\" data-elementor-lightbox-title=\"Contol-Watch03\" data-e-action-hash=\"#elementor-action%3Aaction%3Dlightbox%26settings%3DeyJpZCI6MjE4MDIsInVybCI6Imh0dHBzOlwvXC93d3cuaW5ub3ZhLXN3aXNzLmNvbVwvd3AtY29udGVudFwvdXBsb2Fkc1wvQ29udG9sLVdhdGNoMDMuanBnIiwic2xpZGVzaG93IjoiMjIyNjI5MSJ9\"><br \/>\n<\/a><br \/>\n<a href=\"https:\/\/innova-swiss.com\/wp-content\/uploads\/Uhrband-light-pink-golden-watch.jpg\" data-elementor-open-lightbox=\"yes\" data-elementor-lightbox-slideshow=\"2226291\" data-elementor-lightbox-title=\"Uhrband - light pink - golden watch\" data-e-action-hash=\"#elementor-action%3Aaction%3Dlightbox%26settings%3DeyJpZCI6MjE4MTAsInVybCI6Imh0dHBzOlwvXC93d3cuaW5ub3ZhLXN3aXNzLmNvbVwvd3AtY29udGVudFwvdXBsb2Fkc1wvVWhyYmFuZC1saWdodC1waW5rLWdvbGRlbi13YXRjaC5qcGciLCJzbGlkZXNob3ciOiIyMjI2MjkxIn0%3D\"><br \/>\n<\/a><\/p>\n<p><em>Nota legale: la misurazione dello smartwatch non sostituisce una visita dal medico<\/em><\/p>\n<p><strong>Avete sentito che esiste un nuovo monitor del glucosio sotto forma di orologio?<\/strong><br \/>\nQui vengono elencate solo alcune delle caratteristiche speciali di questo SMART WATCH GC-300. Vi invitiamo a consultare le istruzioni per l'uso illustrate e le descrizioni delle funzioni su questo sito e a leggere attentamente il manuale da scaricare.<br \/>\nCon questo nuovo prodotto, che sar\u00e0 lanciato sul mercato nel 2023 <strong>OROLOGIO INTELLIGENTE GC-300<\/strong> misura il livello di glucosio nel sangue in modo indolore e in pochi secondi.<br \/>\nL'Organizzazione Mondiale della Sanit\u00e0 riporta che in <strong>In Germania, 8 milioni di persone soffrono di diabete.<\/strong><\/p>\n<p><strong><img fetchpriority=\"high\" decoding=\"async\" src=\"https:\/\/innova-swiss.com\/wp-content\/uploads\/Web-Smart-Watch-2.jpg\" alt=\"\" width=\"994\" height=\"632\" \/> <\/strong><\/p>\n<p><strong>Nota per i consumatori!<\/strong><br \/>\nSe si cerca su Internet uno SMART WATCH, ci si imbatte in un'ampia gamma di modelli diversi.<br \/>\nUn modello \u00e8 migliore dell'altro. Per non parlare del prezzo di listino, che va da 19,90 euro in su. Le masse arrivano fino a 39,90 \u20ac. Abbiamo testato alcuni di questi orologi economici di<br \/>\nIl risultato \u00e8 stato davvero stupefacente, da far riflettere!<br \/>\n<strong>A partire da \u20ac 100, orologi intelligenti di qualit\u00e0<\/strong><br \/>\nche sono calibrati, testati e per lo pi\u00f9 corredati da un certificato di autenticit\u00e0. La nostra azienda GNP GLOBAL NATURE PRODUCTS ASSICIATION INC. USA\/EUROPA \u00e8 nota da anni per la qualit\u00e0 dei prodotti offerti ed \u00e8 quindi apprezzata dai clienti. Fate la scelta giusta!<\/p>\n<p>Questo SMART WATCH \u00e8 stato sviluppato per le persone che prestano molta attenzione ai test della glicemia e vogliono tenere sempre sotto controllo i propri livelli di glucosio nel sangue. Questo \u00e8 l'unico modo per ritardare o prevenire gravi problemi di salute a lungo termine.<br \/>\nSaturazione dell'ossigeno nel sangue La clip dell'orologio \u00e8 dotata di fonti luminose che brillano in una gamma definita di (infrarossi) da un lato e di un fotosensore dall'altro. La diversa colorazione dell'emoglobina satura di ossigeno determina un diverso assorbimento della luce rossa che passa, misurata dal fotosensore.<\/p>\n<p><strong>Praticare lo sport in modo controllato - a terra o in acqua!<\/strong><\/p>\n<p><img decoding=\"async\" src=\"https:\/\/innova-swiss.com\/wp-content\/uploads\/Web-Smart-Watch-Sport.jpg\" alt=\"\" width=\"710\" height=\"421\" \/><\/p>\n<p>Dovreste lasciarvi monitorare da un orologio mentre dormite!<\/p>\n<p><img decoding=\"async\" src=\"https:\/\/innova-swiss.com\/wp-content\/uploads\/Web-Smart-Watch-schlaf1.jpg\" alt=\"\" width=\"250\" height=\"245\" \/><img loading=\"lazy\" decoding=\"async\" src=\"https:\/\/innova-swiss.com\/wp-content\/uploads\/Web-Smart-Watch-schlaf2.jpg\" alt=\"\" width=\"252\" height=\"220\" \/><\/p>","protected":false},"excerpt":{"rendered":"<div class=\"proshorttxt\">\n<div class=\"proshorttxt\">\n<p>Con schermo da 1,43 pollici, monitoraggio della glicemia e dell'ossigeno, frequenza cardiaca HRV, monitoraggio del sonno. Questo smartwatch dispone anche di 150 modalit\u00e0 sportive<\/p>\n<p><em><strong>Questo TRACCIATORE FITNESS<\/strong><\/em><br \/>\n<em><strong>pu\u00f2 fare qualcosa!<\/strong><\/em><\/p>\n<p><strong>Tipo di display:<\/strong> IPS<br \/>\n<strong>Rilascio dello scudo:<\/strong> 320&#215;240<br \/>\n<strong>Propriet\u00e0:<\/strong> Touch screen, e-mail, controllo APP, impermeabile IP67, impermeabile IP68<br \/>\n<strong>Funzioni:<\/strong> Cronografo, Retroilluminazione, Calendario, Sveglia, Mese, Ora mondiale, Telecomando, Sleep tracker, Fitness tracker, Piccoli secondi, Calcolatrice, Passometro, Promemoria chiamate, Risposta alle chiamate, Messaggio push, Promemoria messaggi, Composizione chiamate, Altimetro, Conteggio delle 24 ore, Monitoraggio dell'ossigeno nel sangue, NFC (Near field communication,) Pagamento<\/p>\n<p><strong>Colori:<\/strong> nero e oro (nota: l'orologio d'oro \u00e8 etichettato come \"<strong><span style=\"color: #ff99cc;\">rosa chiaro\"<\/span><\/strong> Cinturino dell'orologio - indicato alla voce \"Descrizione\")!<\/p>\n<div>\n<div class=\"proshorttxt\"><strong>Tempi di consegna: <span style=\"color: #ff0000;\">Esaurito<\/span> - nuovo termine di consegna dal 30.4.2024!<br \/>\n<\/strong>Gli ordini effettuati prima delle 10.00 saranno spediti il giorno stesso con DPD! Le spese di spedizione saranno addebitate a partire dal 1\u00b0 febbraio 2025.<\/p>\n<ul>\n<li>Consegna in Austria: spese di spedizione \u20ac 11,50<\/li>\n<li>Consegna in tutti i paesi dell'UE dal magazzino centrale\/Austria: spese di spedizione \u20ac 15,50<\/li>\n<li>Consegna in Svizzera: spedizione gratuita dal nuovo magazzino svizzero\/CH-8585 Langrickenbach: spese di spedizione \u20ac 11,50.<\/li>\n<\/ul>\n<\/div>\n<\/div>\n<\/div>\n<\/div>","protected":false},"featured_media":21798,"comment_status":"closed","ping_status":"closed","template":"","meta":[],"product_brand":[],"product_cat":[74],"product_tag":[1015],"class_list":{"0":"post-21790","1":"product","2":"type-product","3":"status-publish","4":"has-post-thumbnail","6":"product_cat-medizinische-geraete","7":"product_tag-smart-watch","8":"product_shipping_class-nadh-produkte-und-accessoires","10":"first","11":"instock","12":"taxable","13":"shipping-taxable","14":"purchasable","15":"product-type-variable"},"_links":{"self":[{"href":"https:\/\/innova-swiss.com\/it\/wp-json\/wp\/v2\/product\/21790","targetHints":{"allow":["GET"]}}],"collection":[{"href":"https:\/\/innova-swiss.com\/it\/wp-json\/wp\/v2\/product"}],"about":[{"href":"https:\/\/innova-swiss.com\/it\/wp-json\/wp\/v2\/types\/product"}],"replies":[{"embeddable":true,"href":"https:\/\/innova-swiss.com\/it\/wp-json\/wp\/v2\/comments?post=21790"}],"version-history":[{"count":4,"href":"https:\/\/innova-swiss.com\/it\/wp-json\/wp\/v2\/product\/21790\/revisions"}],"predecessor-version":[{"id":24063,"href":"https:\/\/innova-swiss.com\/it\/wp-json\/wp\/v2\/product\/21790\/revisions\/24063"}],"wp:featuredmedia":[{"embeddable":true,"href":"https:\/\/innova-swiss.com\/it\/wp-json\/wp\/v2\/media\/21798"}],"wp:attachment":[{"href":"https:\/\/innova-swiss.com\/it\/wp-json\/wp\/v2\/media?parent=21790"}],"wp:term":[{"taxonomy":"product_brand","embeddable":true,"href":"https:\/\/innova-swiss.com\/it\/wp-json\/wp\/v2\/product_brand?post=21790"},{"taxonomy":"product_cat","embeddable":true,"href":"https:\/\/innova-swiss.com\/it\/wp-json\/wp\/v2\/product_cat?post=21790"},{"taxonomy":"product_tag","embeddable":true,"href":"https:\/\/innova-swiss.com\/it\/wp-json\/wp\/v2\/product_tag?post=21790"}],"curies":[{"name":"wp","href":"https:\/\/api.w.org\/{rel}","templated":true}]}}