{"id":22585,"date":"2024-03-25T13:08:50","date_gmt":"2024-03-25T12:08:50","guid":{"rendered":"https:\/\/www.innova-swiss.com\/?post_type=product&#038;p=22585"},"modified":"2026-03-30T17:03:03","modified_gmt":"2026-03-30T15:03:03","slug":"nadh-plus-vitamin-b-komplex","status":"publish","type":"product","link":"https:\/\/innova-swiss.com\/it\/product\/nadh-potenziamento-della-memoria-20-mg-nadh-funzionale-combinato-contenuto-della-confezione-30-compresse\/","title":{"rendered":"Complesso NADH + vitamina B - 20 mg di NADH funzionalmente combinato (confezione da 30 compresse)"},"content":{"rendered":"<div data-elementor-type=\"wp-post\" data-elementor-id=\"22585\" class=\"elementor elementor-22585\" data-elementor-post-type=\"product\">\n\t\t\t\t\t\t<section class=\"elementor-section elementor-top-section elementor-element elementor-element-7ebf6063 elementor-section-boxed elementor-section-height-default elementor-section-height-default\" data-id=\"7ebf6063\" data-element_type=\"section\" data-e-type=\"section\">\n\t\t\t\t\t\t<div class=\"elementor-container elementor-column-gap-default\">\n\t\t\t\t\t<div class=\"elementor-column elementor-col-100 elementor-top-column elementor-element elementor-element-3dbfbcb0\" data-id=\"3dbfbcb0\" data-element_type=\"column\" data-e-type=\"column\">\n\t\t\t<div class=\"elementor-widget-wrap elementor-element-populated\">\n\t\t\t\t\t\t<div class=\"elementor-element elementor-element-5315cd34 elementor-widget elementor-widget-text-editor\" data-id=\"5315cd34\" data-element_type=\"widget\" data-e-type=\"widget\" data-widget_type=\"text-editor.default\">\n\t\t\t\t<div class=\"elementor-widget-container\">\n\t\t\t\t\t\t\t\t\t<div class=\"pro-main\"><div class=\"page\" title=\"Pagina 3\"><div class=\"layoutArea\"><div class=\"column\"><div class=\"proshorttxt\"><p><strong><span style=\"color: #339966;\">Si prega di notare i prezzi scaglionati per quantit\u00e0!<\/span><br \/>1 pz. = \u20ac 49,90 \/ per pz.<br \/>3 bis 5 St. = \u20ac 44,90 \/ pro St.<br \/>6 bis 9 St. = \u20ac 39,90 \/ pro St.<br \/><span style=\"color: #339966;\">A partire da 10 pezzi su richiesta sotto:<\/span> <a href=\"mailto:office@innova-swiss.com\">office@innova-swiss.com<\/a><br \/>GNP-NADH \u00e8 il numero 1 per prezzo\/prestazioni - il confronto vi rende sicuri!<\/strong><\/p><p><strong><span style=\"color: #339966;\">(Si prega di notare i prezzi graduati per ulteriori offerte di sconto sulle quantit\u00e0)<\/span><\/strong><\/p><\/div><\/div><div class=\"column\"><p><strong><br \/><img fetchpriority=\"high\" decoding=\"async\" class=\"alignnone size-full wp-image-22589\" src=\"https:\/\/innova-swiss.com\/wp-content\/uploads\/Muedigkeit-B-complex.jpg\" alt=\"\" width=\"800\" height=\"604\" srcset=\"https:\/\/innova-swiss.com\/wp-content\/uploads\/Muedigkeit-B-complex.jpg 800w, https:\/\/innova-swiss.com\/wp-content\/uploads\/Muedigkeit-B-complex-364x275.jpg 364w, https:\/\/innova-swiss.com\/wp-content\/uploads\/Muedigkeit-B-complex-150x113.jpg 150w, https:\/\/innova-swiss.com\/wp-content\/uploads\/Muedigkeit-B-complex-723x546.jpg 723w, https:\/\/innova-swiss.com\/wp-content\/uploads\/Muedigkeit-B-complex-300x227.jpg 300w, https:\/\/innova-swiss.com\/wp-content\/uploads\/Muedigkeit-B-complex-768x580.jpg 768w, https:\/\/innova-swiss.com\/wp-content\/uploads\/Muedigkeit-B-complex-79x60.jpg 79w, https:\/\/innova-swiss.com\/wp-content\/uploads\/Muedigkeit-B-complex-119x90.jpg 119w\" sizes=\"(max-width: 800px) 100vw, 800px\" \/><\/strong><\/p><h3>\u00a0<\/h3><\/div><div class=\"column\"><p><em>Consumo consigliato:<\/em> Consumare 1-2 compresse al giorno al mattino con 1 bicchiere d'acqua. Non superare la dose giornaliera raccomandata. Tenere fuori dalla portata di<br \/>Tenere lontano dai bambini piccoli. Gli integratori alimentari non sostituiscono una dieta varia. Raccomandazione di consumo solo per i consumatori\/SVIZZERA: 1 compressa al giorno (secondo la legislazione alimentare svizzera).<\/p><p><strong> Ingredienti che determinano il valore<\/strong><\/p><table class=\"dataframe\" border=\"1\"><thead><tr style=\"text-align: right;\"><th>Ingredienti<\/th><th>per 1 compressa<\/th><th>Referenz Wert in %<\/th><th>per 2 compresse<\/th><th>Referenz Wert in %.1<\/th><\/tr><\/thead><tbody><tr><td>Ossido di magnesio<\/td><td>150 mg<\/td><td>\u00a0<\/td><td>300 mg<\/td><td>\u00a0<\/td><\/tr><tr><td>Coenzima Q10<\/td><td>40 mg<\/td><td>\u00a0<\/td><td>80 mg<\/td><td>\u00a0<\/td><\/tr><tr><td>Radice di taiga<\/td><td>39 mg<\/td><td>\u00a0<\/td><td>78 mg<\/td><td>\u00a0<\/td><\/tr><tr><td>NADH<\/td><td>20 mg<\/td><td>\u00a0<\/td><td>40 mg<\/td><td>\u00a0<\/td><\/tr><tr><td>Vitamina B3 come niacina<\/td><td>16 mg<\/td><td>100.0<\/td><td>32 mg<\/td><td>200.0<\/td><\/tr><tr><td>Vitamina B5 come D-pantotenato di calcio<\/td><td>6 mg<\/td><td>100.0<\/td><td>12 mg<\/td><td>200.0<\/td><\/tr><tr><td>Vitamina B2 come riboflavina<\/td><td>1,40 mg<\/td><td>100.0<\/td><td>2,80 mg<\/td><td>200.0<\/td><\/tr><tr><td>Vitamina B6 come piridossina hcl<\/td><td>1,40 mg<\/td><td>100.0<\/td><td>2,80 mg<\/td><td>200.0<\/td><\/tr><tr><td>Vitam B1 come tiamina hcl<\/td><td>1,10 mg<\/td><td>100.0<\/td><td>2,20 mg<\/td><td>200.0<\/td><\/tr><tr><td>Acido folico<\/td><td>0,20 mg<\/td><td>100.0<\/td><td>0,40 mg<\/td><td>200.0<\/td><\/tr><tr><td>Biotina<\/td><td>0,05 mg<\/td><td>100.0<\/td><td>0,10 mg<\/td><td>200.0<\/td><\/tr><tr><td>Vitamina B12 come cianocobalamina<\/td><td>0,0025 mg<\/td><td>100.0<\/td><td>0,0050 mg<\/td><td>200.0<\/td><\/tr><\/tbody><\/table><p><strong>Ingredienti:<\/strong> Edulcorante: isomalto, inositolo, estratto di radice di taiga, CoQ10 ubiquinone, acido p-aminobenzoico, metilcobalamina (vitamina B12), calcio-D-pantotenato (vitamina B5), riboflavina (vitamina B2), tiamina (vitamina B1), piridossina cloridrato (vitamina B6), acido folico, biotina Capsule: Idrossipropilmetilcellulosa (vegetale) NADH in polvere, antiagglomerante: amido Riempitivo: cellulosa microcristallina, carbonato acido di sodio, agente di rivestimento: gommalacca (PCMT\u00ae).<\/p><p><strong>Non contiene:<\/strong> Zucchero, caffeina, lievito, latticini, conservanti. 100 % vegetariano, adatto ai diabetici.<\/p><p><strong>Nota importante:<\/strong><\/p><p>Se dopo due mesi di assunzione di un prodotto a base di NADH non si avverte ancora alcun effetto, non bisogna dubitare della materia prima NADH, ma riconsiderare la fonte di approvvigionamento. <em><strong>Vi spieghiamo perch\u00e9:<\/strong><\/em><br \/>Il NADH ha una durata di conservazione di 24 mesi: il NADH scaduto \u00e8 inefficace.<br \/>Fate attenzione ai prodotti in cui il numero di lotto e la data di scadenza non corrispondono alla stampa del blister. Confrontate il numero di lotto sul blister con quello sulla confezione: deve essere lo stesso. I prodotti a base di NADH (capsule, compresse) che non sono confezionati in blister ma in contenitori sciolti sono inefficaci dopo che il barattolo \u00e8 stato aperto pi\u00f9 volte, poich\u00e9 l'umidit\u00e0 distrugge gradualmente la materia prima NADH. Solo la confezione in blister offre protezione.<\/p><\/div><\/div><\/div><\/div>\t\t\t\t\t\t\t\t<\/div>\n\t\t\t\t<\/div>\n\t\t\t\t\t<\/div>\n\t\t<\/div>\n\t\t\t\t\t<\/div>\n\t\t<\/section>\n\t\t\t\t<\/div>","protected":false},"excerpt":{"rendered":"<div class=\"fusion-layout-column fusion_builder_column fusion-builder-column-9 fusion-flex-column fusion-flex-align-self-center\">\n<div class=\"fusion-column-wrapper fusion-column-has-shadow fusion-flex-justify-content-flex-start fusion-content-layout-column\">\n<div class=\"fusion-text fusion-text-4\">\n<p>Produzione: Austria <strong>Tempi di consegna: prontamente disponibili!<\/strong> Gli ordini effettuati prima delle 10.00 saranno spediti il giorno stesso con DPD!<br \/>\n<strong>Assegnazione dei costi di affrancatura a partire dal 1\u00b0 febbraio 2025:<\/strong><\/p>\n<ul>\n<li><strong>Consegna in Austria:<\/strong><br \/>\nfino al valore dell'ordine \u20ac 89,99 - spese di spedizione \u20ac 5,60.<br \/>\nConsegna gratuita per ordini superiori a \u20ac 90<\/li>\n<li><strong>Consegna in tutti i paesi dell'UE dal magazzino centrale\/Austria:<\/strong><br \/>\nfino al valore dell'ordine \u20ac 89,99 - spese di spedizione \u20ac 9,50.<br \/>\nConsegna gratuita per ordini superiori a \u20ac 90<\/li>\n<li><strong>Consegna in Svizzera:<\/strong><br \/>\nspedizione gratuita dal nuovo magazzino svizzero\/CH-8585 Langrickenbach: fino al valore dell'ordine \u20ac 89,99 - spese di spedizione \u20ac 9,50.<br \/>\nConsegna gratuita per ordini superiori a \u20ac 90<\/li>\n<\/ul>\n<\/div>\n<\/div>\n<\/div>\n<p><span style=\"color: #339966;\">Vedi sotto <strong>Si prega di notare i prezzi scaglionati per quantit\u00e0!<\/strong><\/span><\/p>","protected":false},"featured_media":24375,"comment_status":"closed","ping_status":"closed","template":"","meta":[],"product_brand":[],"product_cat":[17,987],"product_tag":[],"class_list":{"0":"post-22585","1":"product","2":"type-product","3":"status-publish","4":"has-post-thumbnail","6":"product_cat-nadh-kaufen-nicotinamidadenindinukleotid","7":"product_cat-zellenergie","8":"product_shipping_class-nadh-produkte-und-accessoires","10":"first","11":"instock","12":"taxable","13":"shipping-taxable","14":"purchasable","15":"product-type-simple"},"_links":{"self":[{"href":"https:\/\/innova-swiss.com\/it\/wp-json\/wp\/v2\/product\/22585","targetHints":{"allow":["GET"]}}],"collection":[{"href":"https:\/\/innova-swiss.com\/it\/wp-json\/wp\/v2\/product"}],"about":[{"href":"https:\/\/innova-swiss.com\/it\/wp-json\/wp\/v2\/types\/product"}],"replies":[{"embeddable":true,"href":"https:\/\/innova-swiss.com\/it\/wp-json\/wp\/v2\/comments?post=22585"}],"version-history":[{"count":42,"href":"https:\/\/innova-swiss.com\/it\/wp-json\/wp\/v2\/product\/22585\/revisions"}],"predecessor-version":[{"id":25141,"href":"https:\/\/innova-swiss.com\/it\/wp-json\/wp\/v2\/product\/22585\/revisions\/25141"}],"wp:featuredmedia":[{"embeddable":true,"href":"https:\/\/innova-swiss.com\/it\/wp-json\/wp\/v2\/media\/24375"}],"wp:attachment":[{"href":"https:\/\/innova-swiss.com\/it\/wp-json\/wp\/v2\/media?parent=22585"}],"wp:term":[{"taxonomy":"product_brand","embeddable":true,"href":"https:\/\/innova-swiss.com\/it\/wp-json\/wp\/v2\/product_brand?post=22585"},{"taxonomy":"product_cat","embeddable":true,"href":"https:\/\/innova-swiss.com\/it\/wp-json\/wp\/v2\/product_cat?post=22585"},{"taxonomy":"product_tag","embeddable":true,"href":"https:\/\/innova-swiss.com\/it\/wp-json\/wp\/v2\/product_tag?post=22585"}],"curies":[{"name":"wp","href":"https:\/\/api.w.org\/{rel}","templated":true}]}}