{"id":575,"date":"2019-07-15T14:27:20","date_gmt":"2019-07-15T12:27:20","guid":{"rendered":"http:\/\/innova-swiss.galagali.info\/?post_type=product&#038;p=575"},"modified":"2025-11-27T15:35:17","modified_gmt":"2025-11-27T14:35:17","slug":"laser-watch","status":"publish","type":"product","link":"https:\/\/innova-swiss.com\/it\/product\/orologio-laser\/","title":{"rendered":"NUOVO - GUARDIA A 3 LUCI - LASER contro i problemi cardiovascolari"},"content":{"rendered":"<div data-elementor-type=\"wp-post\" data-elementor-id=\"575\" class=\"elementor elementor-575\" data-elementor-post-type=\"product\">\n\t\t\t\t\t\t<section class=\"elementor-section elementor-top-section elementor-element elementor-element-79111429 elementor-section-boxed elementor-section-height-default elementor-section-height-default\" data-id=\"79111429\" data-element_type=\"section\" data-e-type=\"section\">\n\t\t\t\t\t\t<div class=\"elementor-container elementor-column-gap-default\">\n\t\t\t\t\t<div class=\"elementor-column elementor-col-100 elementor-top-column elementor-element elementor-element-5878702\" data-id=\"5878702\" data-element_type=\"column\" data-e-type=\"column\">\n\t\t\t<div class=\"elementor-widget-wrap elementor-element-populated\">\n\t\t\t\t\t\t<div class=\"elementor-element elementor-element-7c08df13 elementor-widget elementor-widget-text-editor\" data-id=\"7c08df13\" data-element_type=\"widget\" data-e-type=\"widget\" data-widget_type=\"text-editor.default\">\n\t\t\t\t<div class=\"elementor-widget-container\">\n\t\t\t\t\t\t\t\t\t<div class=\"pro-main\"><div class=\"pro-left\"><p><strong>Nuovo orologio LASER:<\/strong> con <strong><span style=\"color: #ff0000\">LUCE ROSSA<\/span><\/strong> LASER - <strong><span style=\"color: #3366ff\">LUCE BLU<\/span><\/strong> LED -<strong><span style=\"color: #ffcc00\"> GIALLO<\/span><\/strong> LED<\/p><h4>Orologio laser con accessori!<\/h4><p><b>Campo di applicazione:<\/b> Per vertigini, debolezza cardiovascolare, disturbi circolatori (sangue troppo viscoso). La terapia con luce rossa, gialla e blu viene utilizzata per una stimolazione rapida e naturale (circolazione sanguigna) dei capillari.<\/p><p><b>Opzione di controllo:<\/b> Con il <strong>Microscopio capillare<\/strong> \u00e8 possibile utilizzare il comando<strong> Orologio laser<\/strong> <span style=\"color: #ff0000\">Luce rossa<\/span> &#8211; <span style=\"color: #3366ff\">Luce blu<\/span> &#8211; <span style=\"color: #ffcc00\">Luce gialla<\/span> Controllate voi stessi la terapia in qualsiasi momento!<\/p><p><b>Prezzi:<\/b> Tutti i prezzi sono comprensivi di IVA.<\/p><p>Rotondo<strong> 5 milioni di persone in Germania sono affette da disturbi circolatori!<\/strong>\u00a0<\/p><p>Fonte: https:\/\/krank.de\/krankheiten\/durchblutungsstoerung\/<\/p><p><span style=\"color: #339966\"><strong>Il controllo pu\u00f2 essere vitale!<\/strong><\/span><\/p><p><strong>Test clinici pubblicati<\/strong><\/p><p>Dopo 30 minuti di trattamento, attraverso il microscopio, possiamo osservare come i globuli rossi si attivano, si distorcono e tornano alla normalit\u00e0.<\/p><p>Dopo circa 30 giorni di trattamento, mal di testa, vertigini, oppressione toracica, respiro corto, palpitazioni, sonnolenza, insonnia, intorpidimento, perdita di memoria e altri sintomi si modificano o scompaiono dopo circa tre mesi di trattamento.<\/p><p>Nei test degli utenti, le variazioni del flusso sanguigno, le analisi del sangue, la viscosit\u00e0 del sangue, il colesterolo, i trigliceridi, le lipoproteine a bassa densit\u00e0 o altri indicatori tornano alla normalit\u00e0.<\/p><p>Dopo 6 mesi e un trattamento a lungo termine, l'equilibrio della funzione pancreatica migliora efficacemente, soprattutto nei diabetici di tipo II. Con l'uso a lungo termine si evitano ictus cardiovascolari e cerebrovascolari, morte improvvisa ed emiplegia.<\/p><p>\u00a0<strong>Domande frequenti<\/strong><\/p><ol><li><strong> Come posso scegliere il servizio e la durata del trattamento? <\/strong>La potenza \u00e8 suddivisa in quattro livelli. \u00c8 possibile scegliere tra 10 minuti - 20 minuti - 30 minuti - 40 minuti - 50 minuti - 60 minuti. Per i pazienti generici, si consigliano 30 minuti con la potenza pi\u00f9 alta.<\/li><\/ol><p><strong>Si raccomanda: <\/strong>Due o tre volte al giorno e 30 minuti per trattamento. Il tempo e le prestazioni possono essere gradualmente aggiunti a 10 minuti o 60 minuti per trattamento, a seconda della propria scala di fitness o del livello di adattamento. Fare una pausa di 1-2 giorni dopo ogni trattamento di 10 giorni. Poi continuate il trattamento per i 10 giorni successivi.<\/p><ol start=\"2\"><li><strong> Sentir\u00f2 qualcosa durante il trattamento?<\/strong><\/li><\/ol><p>Non si avverte quasi alcun dolore, durezza o altro fastidio. Tuttavia, poich\u00e9 la luminosit\u00e0 della luce emessa dalla testina terapeutica \u00e8 piuttosto elevata, si consiglia di non estrarre la testina di fototerapia e di osservare la luce direttamente con gli occhi, ed \u00e8 meglio chiudere gli occhi durante il trattamento. Nei primi giorni, grazie al miglioramento delle condizioni della circolazione sanguigna, pochi pazienti sperimenteranno fenomeni normali come gola secca, mal di testa, peggioramento del rinobyon, leggera epistassi, ecc. In caso di grave disagio, \u00e8 possibile ridurre il tempo o la potenza del trattamento o riutilizzarlo dopo tre giorni: il disagio scomparir\u00e0 presto.<\/p><ol start=\"3\"><li><strong> Come si trova l'arteria radiale?<\/strong><\/li><\/ol><p>Utilizzare due dita della mano destra per posizionare l'esterno della prima linea del polso della mano sinistra. Quindi utilizzare il dorso dello strumento Laser Agopuntura Radiale corrispondente all'arteria radiale della mano per portare lo strumento sulla mano sinistra.<\/p><ol start=\"4\"><li><strong> Posso scegliere di non utilizzare l'irradiazione della cavit\u00e0 nasale?<\/strong><\/li><\/ol><p>Si consiglia vivamente di combinare questo trattamento con l'irradiazione della cavit\u00e0 nasale. In questo modo \u00e8 possibile ottenere la massima efficacia del trattamento. Prima di utilizzare la sonda per cavit\u00e0 nasali, utilizzare il piccolo cappuccio per proteggere la testa. Pulire la testa della cavit\u00e0 nasale con una soluzione salina normale 0,9% (disponibile in farmacia) o pulirla accuratamente con un fazzoletto. Inserire quindi la sonda per cavit\u00e0 nasali a 2-3 cm dal naso e bloccare il setto nasale.<\/p><ol start=\"5\"><li><strong> A cosa devo prestare attenzione durante il trattamento? <\/strong><\/li><\/ol><p>Non \u00e8 necessario modificare le altre abitudini di vita, mentre \u00e8 necessario sviluppare una determinata dieta o esercizio fisico. Se si soffre di malattie cardiovascolari e cerebrovascolari, ipertensione, diabete, ecc: Inoltre, non utilizzare l'etanolo per pulire le cavit\u00e0 nasali e la testa dello strumento per fototerapia, poich\u00e9 l'etanolo irrita le mucose e danneggia la guaina della sonda. Si consiglia di pulire con una soluzione salina normale 0,9% (disponibile in farmacia) o di strofinare delicatamente con un fazzoletto di carta umido.<\/p><p><strong style=\"color: #131315;font-size: 19px\">Principio di trattamento - tempo di ricarica della batteria<\/strong><\/p><\/div><\/div><p><strong>Importante:<\/strong> Prima della messa in funzione iniziale, l'AKKU <span style=\"text-decoration: underline\"><strong>4 ore di durata<\/strong><\/span> anche se prima il display visualizza \"tempo di carica completa\". In base alla frequenza di utilizzo del Laser Watch, la batteria viene nuovamente <span style=\"text-decoration: underline\"><strong>nuovo<\/strong><\/span> ricarica! <strong>Attenzione:<\/strong> Rimuovere le due pellicole protettive dalle lenti della luce laser sul retro dell'orologio laser!<\/p><p>Lo strumento di terapia laser a semiconduttore \u00e8 un aspetto importante della medicina quantistica. Il laser a bassa energia da 650 nm pu\u00f2 irradiare il sangue circolante nei vasi del punto di agopuntura della mano sinistra e il tessuto mucoso della cavit\u00e0 nasale per produrre l'effetto biologico fotoelettrico. Ci\u00f2 modifica la struttura molecolare delle proteine (enzimi e altre proteine funzionali) nel sangue, inducendo l'organismo a produrre una serie di effetti biologici in risposta alla terapia, tra cui<\/p><ul><li>La modifica delle propriet\u00e0 di scorrimento del sangue, la riduzione della viscosit\u00e0 del sangue intero e del plasma, la capacit\u00e0 di aggregazione delle piastrine e l'aumento della deformabilit\u00e0 dei globuli rossi determinano la riduzione della coagulazione del sangue, l'eliminazione dello sviluppo della trombosi e il miglioramento della circolazione sanguigna, in particolare per quanto riguarda la microcircolazione.<\/li><li>Adattamento dello stato immunitario dell'organismo (compresa l'immunit\u00e0 cellulare umorale), miglioramento della resistenza alle malattie dell'organismo e aiuto nel recupero da malattie infettive, allergiche e autoimmuni.<\/li><\/ul><h5><span style=\"color: #000000\">650 nm <span style=\"color: #ff0000\">Luce rossa<\/span>- e 450 nm <span style=\"color: #3366ff\">Luce blu<\/span> 590 nm <span style=\"color: #ffcc00\">Luce gialla<\/span> Terapia<\/span><\/h5><p>La sonda antidolorifica utilizza 650 nm <span style=\"color: #ff0000\">Luce rossa<\/span>-e il laser a 450 nm <span style=\"color: #3366ff\">Luce blu<\/span>-LED e 590 nm <span style=\"color: #ffcc00\">Luce gialla<\/span>-LED per raggiungere il punto di dolore con un'irradiazione non invasiva per penetrare nel meridiano. Per la guarigione delle malattie, l'edema infiammato deve essere prima assorbito per pulire il meridiano e il canale, in modo da produrre pi\u00f9 enzimi biologici.<\/p><h5><strong>Cosa fanno i laser con diversi <\/strong><strong>Colori?<\/strong><\/h5><p>1. <strong><span style=\"color: #ffcc00\">LED a luce gialla <\/span><\/strong>adotta una lunghezza d'onda di emissione luminosa altamente efficiente di 590 nm. Dopo l'applicazione della luce gialla specifica sulla pelle, essa accelera attivamente la circolazione sanguigna, attiva le cellule e le cellule di un corpo.<br \/>stimola l'eccitabilit\u00e0 delle cellule. Pu\u00f2 promuovere la sintesi del collagene e migliorare le fibre di collagene e le fibre elastiche della pelle. Allo stesso tempo, pu\u00f2 lenire e illuminare la pelle.<\/p><p>2. <strong><span style=\"color: #3366ff\">LED a luce blu<\/span><\/strong> possono svolgere un ruolo di sterilizzazione della pelle e avere un effetto antinfiammatorio per ridurre<br \/>migliorare la superficie della pelle. Ha un buon effetto sul trattamento dell'acne e della rosacea e pu\u00f2 trattare l'acne infiammatoria in modo rapido ed efficace. La radiografia blu \u00e8 un tipo di elevata purezza, molto penetrante, ma non dannosa per lo stato normale. Garantisce l'assenza di danni alla pelle e di effetti collaterali.<\/p><p>3. <strong><span style=\"color: #ff0000\">Laser a luce rossa<\/span><\/strong> attiva il metabolismo. Abbassa la pressione sanguigna e migliora la circolazione.<\/p><p><img decoding=\"async\" src=\"\/wp-content\/uploads\/laser-watch-light-therapy-neu1.jpg\" \/><\/p><div class=\"pro-main\"><div class=\"pro-left\"><p>L'avanzare dell'et\u00e0 e uno stile di vita poco sano aumentano la possibilit\u00e0 che il colesterolo e gli altri lipidi del sangue si accumulino sulle pareti dei vasi sanguigni, compromettendo l'apporto di ossigeno e sostanze nutritive ai nostri organi.<\/p><p>La vasocostrizione porta a disturbi metabolici e microcircolatori, che a loro volta portano a malattie cardiovascolari e cerebrovascolari come ipertensione, diabete, ictus, ecc.<\/p><p>4. <strong>Luce laser<\/strong> attiva vari enzimi e scompone i grassi in eccesso nel sangue. Aumenta la quantit\u00e0 di ossigeno nel sangue, stimola il metabolismo e migliora il processo di perossidazione dei lipidi per ridurre il livello di colesterolo nei vasi sanguigni.<\/p><p>5 Stimola la crescita del collagene nel derma della pelle. Anche l'elasticit\u00e0 e la resistenza della pelle sono notevolmente migliorate.<\/p><h3><strong>Scegliete voi stessi quali diodi devono essere attivi<\/strong><\/h3><p>Con il pulsante \"Mode\" \u00e8 possibile selezionare singolarmente i diodi luminosi e determinare cos\u00ec i colori da attivare.<\/p><p><strong>Agopuntura e terapia del dolore<\/strong><\/p><p>Il Laser Watch \u00e8 un innovativo dispositivo 3 in 1 che aiuta a combattere i problemi cardiovascolari e utilizza i pi\u00f9 recenti risultati della ricerca nel campo della terapia laser a bassa energia. Combina agopuntura, terapia del dolore localizzato e irradiazione esterna del sangue. Il Laser Watch sar\u00e0 il vostro compagno ideale, a casa, al lavoro o in viaggio.<\/p><\/div><div class=\"pro-right\"><p>L'orologio laser include un \"<strong>Cuscino\" per irradiazione superficiale<\/strong> (terapia del dolore), un <strong>Applicatore per orecchie<\/strong> (ad esempio, acufeni) e una <strong>Applicatore nasale<\/strong> (rinite, allergie, ecc.). I diodi da polso sono progettati per irradiare e stimolare direttamente i punti di agopuntura che calmano i nervi e il ritmo cardiaco e contribuiscono al rilassamento muscolare.<\/p><p>Il <strong>Luce laser<\/strong> provoca un aumento della produzione dell'ormone melatonina. La melatonina regola il nostro orologio interno e quindi controlla il ciclo del sonno del nostro corpo. Una maggiore quantit\u00e0 di melatonina aiuta a dormire meglio e a rilassarsi. Inoltre, previene il jet lag dopo lunghi voli.<\/p><h4><strong>Rischi di aumento della viscosit\u00e0 del sangue<\/strong><\/h4><p>Il sangue \u00e8 la fonte della vita umana. I componenti del sangue sono quattro: Plasma sanguigno, globuli rossi, globuli bianchi e piastrine.<\/p><p>I globuli rossi trasportano l'ossigeno del sangue e vari nutrienti ai nostri organi. Con l'avanzare dell'et\u00e0 e a causa del nostro stile di vita, vari tipi di grassi, colesterolo e altri prodotti di scarto intasano le cellule del sangue. Ci\u00f2 provoca una maggiore viscosit\u00e0 del sangue, con conseguente riduzione della sua capacit\u00e0 di fluire.<\/p><p>Di conseguenza, il sangue non pu\u00f2 scorrere a sufficienza attraverso la parete dei vasi sanguigni. Ci\u00f2 significa che il sangue pu\u00f2 trasportare meno ossigeno e nutrienti agli organi del nostro corpo.<\/p><p>Di conseguenza, il metabolismo diventa pi\u00f9 difficile e causa problemi di microcircolazione.<\/p><p>Il sangue contaminato e viscoso provoca una serie di problemi di microcircolazione, che <strong>Ipertensione, diabete, malattie cardiovascolari e cerebrovascolari, compreso l'ictus<\/strong> pu\u00f2 risultare.<\/p><p><img decoding=\"async\" src=\"\/wp-content\/uploads\/laser-watch-img1.jpg\" \/><\/p><\/div><p><a style=\"background-color: #ffffff\" href=\"https:\/\/innova-swiss.com\/wp-content\/uploads\/laserwatch_manual-1-16_web_d.pdf\" target=\"_blank\" rel=\"noopener\">Scarica le istruzioni per l'uso<\/a><\/p><p><a style=\"background-color: #ffffff\" href=\"https:\/\/innova-swiss.com\/wp-content\/uploads\/handbuch-laser-watch_2020.pdf\" target=\"_blank\" rel=\"noopener\">Scarica il manuale<\/a><\/p><p><span style=\"color: #131315;font-size: 19px\">PRESENTAZIONE DELL'APPARECCHIATURA PER L'EMOTERAPIA<\/span><\/p><div class=\"pro-right\"><div class=\"pro-bottom-info1\"><div class=\"leftpart1\"><p><strong>Punto di agopuntura TONGLI:<\/strong>Nella medicina tradizionale cinese, questo punto viene utilizzato come punto di agopuntura del meridiano del cuore nell'ambito della terapia complementare.<\/p><p><strong>Punto di agopuntura LINGDAO:<\/strong> Nella medicina tradizionale cinese, questo punto viene utilizzato principalmente per calmare il cuore e i nervi e per pulire o attivare i meridiani nell'ambito di una terapia complementare.<\/p><p><strong>Punto di agopuntura NEIGUAN:<\/strong> Provoca un adattamento reciproco del battito cardiaco. Aumenta il flusso sanguigno coronarico durante l'ischemia miocardica. Aumenta la contrattilit\u00e0 del miocardio, migliorando la funzione cardiaca. Il laser viene utilizzato per irradiare questo punto di agopuntura; gli esperti ritengono che questa sia una funzione eccezionale per il trattamento delle malattie cardiovascolari e cerebrovascolari.<\/p><p><strong>IRRADIAZIONE DELLA CAVIT\u00c0 NASALE:<\/strong><\/p><ul><li>La cavit\u00e0 nasale \u00e8 estremamente ricca di capillari.<\/li><li>Il laser debole con la giusta lunghezza d'onda e l'adeguata densit\u00e0 di potenza per l'irradiazione pu\u00f2 provocare una risposta dell'organismo, ovvero effetti biologici del laser. I parametri funzionali dello strumento per la terapia laser quantistica sono selezionati e determinati in base a quanto sopra per garantire gli effetti della terapia e della cura della salute.<\/li><\/ul><\/div><div class=\"rightpart1\"><p><strong>IRRADIAZIONE DI PARTI DEL CORPO DOLOROSE :<\/strong> Il laser da 650 nm penetra direttamente nel punto di agopuntura ASHI (punto di dolore). Gli enzimi biologici attivati rafforzano l'attivit\u00e0 delle cellule fagocitiche e del lisozima per assorbire l'essudazione infiammatoria e l'edema, promuovere la circolazione sanguigna del meridiano e del punto di dolore, alleviando efficacemente il dolore corporeo.<\/p><h4>Apparecchiature grafiche di irradiazione per l'orologio laser<\/h4><p><img decoding=\"async\" src=\"\/wp-content\/uploads\/laser-watch-img2.jpg\" \/><\/p><\/div><\/div><div class=\"testimg\"><h3>Funzioni di trattamento centrale<\/h3><div class=\"testimg1\"><img decoding=\"async\" src=\"\/wp-content\/uploads\/laser-watch-img3.jpg\" \/><\/div><div class=\"testimg2\"><img decoding=\"async\" src=\"\/wp-content\/uploads\/laser-watch-img4.jpg\" \/><\/div><div class=\"testimg3\"><img decoding=\"async\" src=\"\/wp-content\/uploads\/laser-watch-img5.jpg\" \/><\/div><\/div><h3>Accessori per orologi laser<br \/><a href=\"https:\/\/innova-swiss.com\/wp-content\/uploads\/Laser-Watch-Zubehoer.jpg\" target=\"_blank\" rel=\"noopener\"><img fetchpriority=\"high\" decoding=\"async\" class=\"alignnone wp-image-15991 size-full\" src=\"https:\/\/innova-swiss.com\/wp-content\/uploads\/Laser-Watch-Zubehoer.jpg\" alt=\"\" width=\"1776\" height=\"1356\" srcset=\"https:\/\/innova-swiss.com\/wp-content\/uploads\/Laser-Watch-Zubehoer.jpg 1776w, https:\/\/innova-swiss.com\/wp-content\/uploads\/Laser-Watch-Zubehoer-364x278.jpg 364w, https:\/\/innova-swiss.com\/wp-content\/uploads\/Laser-Watch-Zubehoer-150x115.jpg 150w, https:\/\/innova-swiss.com\/wp-content\/uploads\/Laser-Watch-Zubehoer-723x552.jpg 723w, https:\/\/innova-swiss.com\/wp-content\/uploads\/Laser-Watch-Zubehoer-300x229.jpg 300w, https:\/\/innova-swiss.com\/wp-content\/uploads\/Laser-Watch-Zubehoer-1024x782.jpg 1024w, https:\/\/innova-swiss.com\/wp-content\/uploads\/Laser-Watch-Zubehoer-768x586.jpg 768w, https:\/\/innova-swiss.com\/wp-content\/uploads\/Laser-Watch-Zubehoer-1536x1173.jpg 1536w\" sizes=\"(max-width: 1776px) 100vw, 1776px\" \/><\/a><\/h3><p><strong>Caratteristiche tecniche:<\/strong><\/p><p><strong>Potenza di uscita: 2-5mW\/diodo<br \/>Tensione: 3,0V<br \/>Tensione di collegamento: 110-240V \/USB per qualsiasi tensione<br \/>Alimentazione: batteria al litio da 1.600 mAh<br \/>Peso: 0,85 kg<br \/>Uscite: 22 diodi (compresi gli accessori)<br \/>Orologio: 6 diodi laser rossi, 2 LED blu, 2 LED gialli.<br \/>Pad di superficie: 4x LED rossi, 4x LED blu, 4x LED gialli.<br \/>Applicatore nasale: 1x LED rosso, 1x LED blu.<br \/>Applicatore auricolare: 2x LED rossi.<\/strong><\/p><p><strong>Garanzia:<\/strong>\u00a024 mesi dalla data di acquisto<\/p><p><strong>Acquisto supplementare:<\/strong><\/p><p><span style=\"color: #000000\"><a style=\"color: #000000\" href=\"https:\/\/gesundlebenshop.at\/produkt\/kapillar-mikroskop\" target=\"_blank\" rel=\"noopener\"><strong>Microscopio capillare<\/strong><\/a><\/span><\/p><p><span style=\"color: #000000\">Questo\u00a0<a style=\"color: #000000\" href=\"https:\/\/gesundlebenshop.at\/produkt\/kapillar-mikroskop\" target=\"_blank\" rel=\"noopener\"><strong>Microscopio capillare<\/strong><\/a>\u00a0non solo \u00e8 facile da usare, ma pu\u00f2 anche essere utilizzato immediatamente dopo il trattamento con il\u00a0<strong>Orologio laser<\/strong>\u00a0verificare come la circolazione sanguigna sia stata stimolata e i capillari siano in movimento.  Questo\u00a0<a style=\"color: #000000\" href=\"https:\/\/gesundlebenshop.at\/produkt\/kapillar-mikroskop\" target=\"_blank\" rel=\"noopener\"><strong>Microscopio capillare<\/strong><\/a>\u00a0\u00e8 semplicemente parte del sistema\u00a0<strong>Orologio laser<\/strong>\u00a0inoltre. Sarete entusiasti dell'efficienza di entrambi gli apparecchi. Qui potete ordinare il\u00a0<strong><a style=\"color: #000000\" href=\"https:\/\/gesundlebenshop.at\/produkt\/kapillar-mikroskop\" target=\"_blank\" rel=\"noopener\">Microscopio capillare<\/a>\u00a0ordine.<\/strong><\/span><\/p><p><strong>Garanzia:<\/strong>\u00a024 mesi di ricarica dalla data di acquisto<\/p><\/div><\/div>\t\t\t\t\t\t\t\t<\/div>\n\t\t\t\t<\/div>\n\t\t\t\t\t<\/div>\n\t\t<\/div>\n\t\t\t\t\t<\/div>\n\t\t<\/section>\n\t\t\t\t<\/div>","protected":false},"excerpt":{"rendered":"<div class=\"proshorttxt\">\n<div class=\"proshorttxt\">\n<p><strong><span id=\"page72R_mcid8\" class=\"markedContent\"><span dir=\"ltr\" role=\"presentation\">OROLOGIO LASER<\/span><\/span> + <span id=\"page72R_mcid13\" class=\"markedContent\"><span dir=\"ltr\" role=\"presentation\">MICROSCOPIO CAPILLARE<\/span><\/span> <span id=\"page72R_mcid18\" class=\"markedContent\"><span dir=\"ltr\" role=\"presentation\">entrambi i dispositivi con effetto immediato:<\/span><\/span><span id=\"page72R_mcid19\" class=\"markedContent\"> <span dir=\"ltr\" role=\"presentation\">\u20ac 1.455,00<\/span><\/span><\/strong>. <strong><span id=\"page72R_mcid21\" class=\"markedContent\"><span dir=\"ltr\" role=\"presentation\">Sie sparen \u20ac 581,00<br \/>\n<\/span><\/span><\/strong><a href=\"https:\/\/innova-swiss.com\/it\/product\/pacchetto-speciale-combi-microscopio-capillare-orologio-laser\/\"><strong><span id=\"page72R_mcid21\" class=\"markedContent\"><span dir=\"ltr\" role=\"presentation\"><span id=\"page72R_mcid30\" class=\"markedContent\">... questa offerta speciale \u00e8 unica: coglietela al volo!<\/span><\/span><\/span><\/strong><\/a><\/p>\n<p>&nbsp;<\/p>\n<p><strong>Lieferzeit: prompt<\/strong> <strong>lieferbar<\/strong> Gli ordini effettuati prima delle 10.00 saranno spediti il giorno stesso con DPD!<br \/>\nRipartizione dei costi di affrancatura dal 1\u00b0 febbraio 2025<\/p>\n<ul>\n<li>Consegna in Austria: spese di spedizione \u20ac 11,50<\/li>\n<li>Consegna in tutti i paesi dell'UE dal magazzino centrale\/Austria: spese di spedizione \u20ac 15,50<\/li>\n<li>Consegna in Svizzera: spedizione gratuita dal nuovo magazzino svizzero\/CH-8585 Langrickenbach: spese di spedizione \u20ac 11,50.<\/li>\n<\/ul>\n<\/div>\n<\/div>","protected":false},"featured_media":13946,"comment_status":"closed","ping_status":"closed","template":"","meta":[],"product_brand":[],"product_cat":[997,74],"product_tag":[],"class_list":{"0":"post-575","1":"product","2":"type-product","3":"status-publish","4":"has-post-thumbnail","6":"product_cat-durchblutungsstoerungen","7":"product_cat-medizinische-geraete","8":"product_shipping_class-laser-watch-und-smart-control","10":"first","11":"instock","12":"taxable","13":"shipping-taxable","14":"purchasable","15":"product-type-simple"},"_links":{"self":[{"href":"https:\/\/innova-swiss.com\/it\/wp-json\/wp\/v2\/product\/575","targetHints":{"allow":["GET"]}}],"collection":[{"href":"https:\/\/innova-swiss.com\/it\/wp-json\/wp\/v2\/product"}],"about":[{"href":"https:\/\/innova-swiss.com\/it\/wp-json\/wp\/v2\/types\/product"}],"replies":[{"embeddable":true,"href":"https:\/\/innova-swiss.com\/it\/wp-json\/wp\/v2\/comments?post=575"}],"version-history":[{"count":9,"href":"https:\/\/innova-swiss.com\/it\/wp-json\/wp\/v2\/product\/575\/revisions"}],"predecessor-version":[{"id":24693,"href":"https:\/\/innova-swiss.com\/it\/wp-json\/wp\/v2\/product\/575\/revisions\/24693"}],"wp:featuredmedia":[{"embeddable":true,"href":"https:\/\/innova-swiss.com\/it\/wp-json\/wp\/v2\/media\/13946"}],"wp:attachment":[{"href":"https:\/\/innova-swiss.com\/it\/wp-json\/wp\/v2\/media?parent=575"}],"wp:term":[{"taxonomy":"product_brand","embeddable":true,"href":"https:\/\/innova-swiss.com\/it\/wp-json\/wp\/v2\/product_brand?post=575"},{"taxonomy":"product_cat","embeddable":true,"href":"https:\/\/innova-swiss.com\/it\/wp-json\/wp\/v2\/product_cat?post=575"},{"taxonomy":"product_tag","embeddable":true,"href":"https:\/\/innova-swiss.com\/it\/wp-json\/wp\/v2\/product_tag?post=575"}],"curies":[{"name":"wp","href":"https:\/\/api.w.org\/{rel}","templated":true}]}}