{"id":7803,"date":"2020-10-04T11:19:33","date_gmt":"2020-10-04T09:19:33","guid":{"rendered":"https:\/\/www.innova-swiss.com\/?post_type=product&#038;p=7803"},"modified":"2025-11-27T15:32:51","modified_gmt":"2025-11-27T14:32:51","slug":"kapillar-mikroskop-gegen-herz-kreislauf-probleme","status":"publish","type":"product","link":"https:\/\/innova-swiss.com\/it\/product\/microscopio-capillare-contro-i-problemi-cardiovascolari\/","title":{"rendered":"KAPILLAR-MIKROSCOPE, il dispositivo di controllo dell'orologio laser, ora con una nitidezza dell'immagine di 12 Inces"},"content":{"rendered":"<div data-elementor-type=\"wp-post\" data-elementor-id=\"7803\" class=\"elementor elementor-7803\" data-elementor-post-type=\"product\">\n\t\t\t\t\t\t<section class=\"elementor-section elementor-top-section elementor-element elementor-element-6a0111cb elementor-section-boxed elementor-section-height-default elementor-section-height-default\" data-id=\"6a0111cb\" data-element_type=\"section\" data-e-type=\"section\">\n\t\t\t\t\t\t<div class=\"elementor-container elementor-column-gap-default\">\n\t\t\t\t\t<div class=\"elementor-column elementor-col-100 elementor-top-column elementor-element elementor-element-64d7749f\" data-id=\"64d7749f\" data-element_type=\"column\" data-e-type=\"column\">\n\t\t\t<div class=\"elementor-widget-wrap elementor-element-populated\">\n\t\t\t\t\t\t<div class=\"elementor-element elementor-element-6abc784 elementor-widget elementor-widget-text-editor\" data-id=\"6abc784\" data-element_type=\"widget\" data-e-type=\"widget\" data-widget_type=\"text-editor.default\">\n\t\t\t\t<div class=\"elementor-widget-container\">\n\t\t\t\t\t\t\t\t\t<p>Video: Attivare e disattivare le lingue<\/p>\t\t\t\t\t\t\t\t<\/div>\n\t\t\t\t<\/div>\n\t\t\t\t<div class=\"elementor-element elementor-element-4443cdf elementor-widget elementor-widget-text-editor\" data-id=\"4443cdf\" data-element_type=\"widget\" data-e-type=\"widget\" data-widget_type=\"text-editor.default\">\n\t\t\t\t<div class=\"elementor-widget-container\">\n\t\t\t\t\t\t\t\t\t<p>Installation Kapillar-Mikroskop<br \/>1. Kapillar-Mikroskope Netzanschluss + Monitor Netzanschluss an Strom anstecken<br \/>2. Gelbes Netzkabel mit Kapillar-Mikroskope und Monitor verbinden<br \/>3. Beide Ger\u00e4te einschalten &#8211; beim Monitor &#8211; Power Taste dr\u00fccken<br \/>4. Spracheinstellung siehe Video<br \/>5. Men\u00fctaste Dr\u00fccke &#8211; AV &#8211; einstellen<br \/>betriebsbereit!<\/p>\t\t\t\t\t\t\t\t<\/div>\n\t\t\t\t<\/div>\n\t\t\t\t<div class=\"elementor-element elementor-element-b9d9deb elementor-widget elementor-widget-video\" data-id=\"b9d9deb\" data-element_type=\"widget\" data-e-type=\"widget\" data-settings=\"{&quot;video_type&quot;:&quot;hosted&quot;,&quot;start&quot;:&quot;0&quot;,&quot;controls&quot;:&quot;yes&quot;}\" data-widget_type=\"video.default\">\n\t\t\t\t<div class=\"elementor-widget-container\">\n\t\t\t\t\t\t\t<div class=\"e-hosted-video elementor-wrapper elementor-open-inline\">\n\t\t\t\t\t<video class=\"elementor-video\" src=\"https:\/\/innova-swiss.com\/wp-content\/uploads\/Kapillar-Mikroskop_Video-Spracheinstellung.mp4\" controls=\"\" preload=\"metadata\" controlslist=\"nodownload\"><\/video>\n\t\t\t\t<\/div>\n\t\t\t\t\t\t<\/div>\n\t\t\t\t<\/div>\n\t\t\t\t<div class=\"elementor-element elementor-element-1f7ac5f elementor-widget elementor-widget-video\" data-id=\"1f7ac5f\" data-element_type=\"widget\" data-e-type=\"widget\" data-settings=\"{&quot;video_type&quot;:&quot;hosted&quot;,&quot;controls&quot;:&quot;yes&quot;}\" data-widget_type=\"video.default\">\n\t\t\t\t<div class=\"elementor-widget-container\">\n\t\t\t\t\t\t\t<div class=\"e-hosted-video elementor-wrapper elementor-open-inline\">\n\t\t\t\t\t<video class=\"elementor-video\" src=\"https:\/\/innova-swiss.com\/wp-content\/uploads\/capillary.mp4\" controls=\"\" preload=\"metadata\" controlslist=\"nodownload\"><\/video>\n\t\t\t\t<\/div>\n\t\t\t\t\t\t<\/div>\n\t\t\t\t<\/div>\n\t\t\t\t<div class=\"elementor-element elementor-element-30803454 elementor-widget elementor-widget-text-editor\" data-id=\"30803454\" data-element_type=\"widget\" data-e-type=\"widget\" data-widget_type=\"text-editor.default\">\n\t\t\t\t<div class=\"elementor-widget-container\">\n\t\t\t\t\t\t\t\t\t<div class=\"pro-main\"><div class=\"pro-left\"><p><span style=\"text-decoration: underline\">Il dispositivo di controllo dopo ogni terapia Laser-Watch<\/span><\/p><p><strong>Campo di applicazione:<\/strong> Il microscopio capillare viene utilizzato per controllare la terapia con orologi laser nei casi di vertigini, debolezza cardiovascolare e disturbi circolatori.<\/p><h3><span style=\"color: #ff0000\"><strong><span style=\"color: #339966\">Circa 5 milioni di persone in Germania sono affette da disturbi circolatori!<\/span><br \/><\/strong><\/span>Fonte: https:\/\/krank.de\/krankheiten\/durchblutungsstoerung\/<\/h3><h3>Kontrolle\u00a0 der Durchblutung mit dem Kapillar-Kontroll-Mikroskop m\u00f6glich.<\/h3><h3><span style=\"color: #339966\"><strong>Wie lebenswichtig sind gut durchblutende Kapillaren!<\/strong><\/span><\/h3><p><strong>Kapillaren<\/strong>, auch Blutkapillaren oder Haargef\u00e4\u00dfe genannt, sind die kleinsten Blutgef\u00e4\u00dfe des menschlichen K\u00f6rpers.<\/p><p><strong>Kapillaren<\/strong>, verbinden das arterielle mit dem ven\u00f6sen System.<\/p><p>Hauptfunktion der <strong>Kapillaren<\/strong>, ist der Austausch von N\u00e4hrstoffen, Sauerstoff, Kohlendioxid und anderen Stoffwechselprodukten zwischen dem Blut und dem umliegenden Gewebe. Dieses feine Netzwerk aus Kapillaren durchzieht fast alle Gewebe und ist entscheidend f\u00fcr die Versorgung der Zellen.<\/p><p><strong>Funktion und Aufbau:<\/strong><\/p><p>Die W\u00e4nde der <strong>Kapillaren<\/strong> sind sehr d\u00fcnn, oft nur eine einzige Zellschicht dick. Dadurch k\u00f6nnen Fl\u00fcssigkeiten und gel\u00f6ste Stoffe wie Sauerstoff, N\u00e4hrstoffe und Abfallprodukte leicht in das Gewebe \u00fcbertreten und umgekehrt.<\/p><p>Kapillaren bilden ein dichtes Netzwerk innerhalb der Gewebe und Organe, das als Kapillarnetz bezeichnet wird. Je h\u00f6her der Sauerstoffbedarf und der Stoffwechsel eines Gewebes ist, desto dichter ist das Kapillarnetz.<\/p><p><strong>Kapillaren<\/strong> sind die Verbindung zwischen den kleinsten Arterien (Arteriolen) und den kleinsten Venen (Venolen) und stellen den \u00dcbergang zwischen dem arteriellen und dem ven\u00f6sen System dar.<\/p><p><strong>Beispiele und Vorkommen:<\/strong><\/p><p>Bereiche wie Gehirn, Herz und Skelettmuskulatur sind reich an Kapillaren, da sie eine konstante Versorgung mit Sauerstoff und N\u00e4hrstoffen ben\u00f6tigen.<\/p><p>Um die Lungenbl\u00e4schen herum bilden Kapillaren ein dichtes Netz f\u00fcr den Gasaustausch, bei dem Sauerstoff ins Blut und Kohlendioxid aus dem Blut in die Lungenbl\u00e4schen \u00fcbergeht.<\/p><h3><span style=\"color: #339966\"><strong><u>Die Lasertherapie (Laser Watch) besitzt die F\u00e4higkeit den Blutfluss zu steigern. Folglich ist das eine wirksame, nicht invasive Behandlungsmethode zur Verbesserung des Blutflusses und kann im klinischen Umfeld die Gewebeheilung f\u00f6rdern.<\/u><\/strong><\/span><\/h3><\/div><div class=\"pro-right\"><div class=\"pro-main\"><div class=\"pro-right\"><h3><span style=\"color: #000000\"><strong>Il controllo pu\u00f2 essere vitale!<\/strong><\/span><\/h3><p>Se il <strong>Microscopio capillare<\/strong> \u00e8 acceso, \u00e8 necessario lubrificare il polpastrello con un po' di olio per bambini prima di tenerlo sotto la lente d'ingrandimento. Ruotare quindi la rotella di regolazione fino a quando l'immagine \u00e8 \"nitida\" e i capillari appaiono sullo schermo. Questo <strong>Microscopio capillare<\/strong> non \u00e8 solo facile da usare. Subito dopo il trattamento Laser-Watch, \u00e8 possibile verificare come la circolazione sanguigna sia stata stimolata e i capillari siano in movimento.<\/p><p>Questo <strong>Microscopio capillare<\/strong> (nuovo con 12 pollici - immagine pi\u00f9 nitida) \u00e8 semplicemente parte della <a href=\"https:\/\/innova-swiss.com\/it\/product\/orologio-laser\/\"><strong>Orologio laser<\/strong><\/a> inoltre. Sarete colpiti dall'efficienza di entrambi gli apparecchi.<\/p><\/div><\/div><div class=\"pro-bottom-info1\">\u00c8 opportuno controllare immediatamente i capillari (<strong>Uso: per controllare il flusso sanguigno nei capillari) <\/strong>con il microscopio capillare.<\/div><div>\u00a0<\/div><\/div><\/div><div><p><strong>Salvare le immagini:<\/strong> Questo microscopio capillare dispone anche di una connessione video. \u00c8 possibile collegarlo al laptop\/computer (con connessione USB) e salvare le immagini in formato digitale utilizzando il software integrato.<\/p><\/div><div class=\"pro-main\"><div class=\"pro-right\"><div class=\"pro-bottom-info1\"><p><a href=\"https:\/\/innova-swiss.com\/wp-content\/uploads\/sequence-1.jpg\"><img fetchpriority=\"high\" decoding=\"async\" class=\"alignnone size-full wp-image-18589\" src=\"https:\/\/innova-swiss.com\/wp-content\/uploads\/sequence-1.jpg\" alt=\"\" width=\"1600\" height=\"400\" srcset=\"https:\/\/innova-swiss.com\/wp-content\/uploads\/sequence-1.jpg 1600w, https:\/\/innova-swiss.com\/wp-content\/uploads\/sequence-1-364x91.jpg 364w, https:\/\/innova-swiss.com\/wp-content\/uploads\/sequence-1-150x38.jpg 150w, https:\/\/innova-swiss.com\/wp-content\/uploads\/sequence-1-723x181.jpg 723w, https:\/\/innova-swiss.com\/wp-content\/uploads\/sequence-1-300x75.jpg 300w, https:\/\/innova-swiss.com\/wp-content\/uploads\/sequence-1-1024x256.jpg 1024w, https:\/\/innova-swiss.com\/wp-content\/uploads\/sequence-1-768x192.jpg 768w, https:\/\/innova-swiss.com\/wp-content\/uploads\/sequence-1-1536x384.jpg 1536w\" sizes=\"(max-width: 1600px) 100vw, 1600px\" \/><\/a><\/p><\/div><div class=\"pro-bottom-info1\"><p><a href=\"https:\/\/innova-swiss.com\/wp-content\/uploads\/sequence-2.jpg\"><img decoding=\"async\" class=\"aligncenter wp-image-18590 size-full\" src=\"https:\/\/innova-swiss.com\/wp-content\/uploads\/sequence-2.jpg\" alt=\"\" width=\"600\" height=\"600\" srcset=\"https:\/\/innova-swiss.com\/wp-content\/uploads\/sequence-2.jpg 600w, https:\/\/innova-swiss.com\/wp-content\/uploads\/sequence-2-300x300.jpg 300w, https:\/\/innova-swiss.com\/wp-content\/uploads\/sequence-2-150x150.jpg 150w, https:\/\/innova-swiss.com\/wp-content\/uploads\/sequence-2-364x364.jpg 364w\" sizes=\"(max-width: 600px) 100vw, 600px\" \/><\/a>Il microscopio \u00e8 facile da usare. Una volta impostato e acceso, procedere come segue:<\/p><\/div><div class=\"pro-bottom-info1\"><div><div><ul><li>La microscopia capillare della pelle e delle pieghe ungueali viene eseguita sulle dita.<\/li><li>Lubrificare un'unghia con olio naturale per bambini utilizzando un cotton fioc. Assicuratevi di utilizzare la giusta quantit\u00e0 di olio. Un'eccessiva quantit\u00e0 di olio porta a una colorazione a specchio.<\/li><li>Posizionare il dito oliato sotto la lente del microscopio.<\/li><li>Regolare la nitidezza dell'immagine ruotando la manopola nera.<\/li><li>Ruotare la manopola per regolare l'altezza della lente d'ingrandimento e la nitidezza dell'immagine fino a quando si possono vedere i capillari.<\/li><li>L'illuminazione deve essere impostata in modo che non ci siano punti luce.<\/li><\/ul><\/div><\/div><\/div><div class=\"whatbqas\"><h4>Microscopia capillare del letto ungueale - semplice ed efficace<\/h4><p>Attualmente, la microscopia capillare del letto ungueale \u00e8 il metodo pi\u00f9 semplice ed efficiente per analizzare i disturbi del microcircolo e le alterazioni circolatorie.<\/p><p>Soprattutto nelle fasi iniziali della malattia, la microangiopatia periferica pu\u00f2 essere riconosciuta ed esaminata molto bene utilizzando la microscopia capillare.<\/p><p>Terapie associate alla <a href=\"https:\/\/innova-swiss.com\/it\/product\/orologio-laser\/\">Orologio laser<\/a> possono essere immediatamente controllati per verificarne l'efficienza con la misurazione al microscopio capillare.<\/p><p>La microscopia capillare \u00e8 l'unico metodo semplice e non invasivo che consente di esaminare e valutare direttamente il microcircolo, la pelle e l'aspetto dei capillari.<\/p><p>In questo modo \u00e8 possibile riconoscere tempestivamente i danni o le malattie organiche dei capillari. Questa procedura svolge un ruolo diagnostico importante, in particolare nella diagnosi delle malattie del tessuto connettivo (ad esempio la sclerodermia) o nella diagnosi delle malattie vascolari infiammatorie.<\/p><p>Dall'aspetto e dalla distribuzione spaziale di questi vasi pi\u00f9 piccoli, nonch\u00e9 dal flusso sanguigno riconoscibile, si possono trarre conclusioni sui disturbi microcircolatori (microangiopatia).<\/p><h4><span style=\"color: #339966\">Acquista ora LASER WATCH:<\/span> Il microscopio capillare \u00e8 il \"dispositivo di controllo\" per il monitoraggio del successo terapeutico con il <a href=\"https:\/\/innova-swiss.com\/it\/product\/orologio-laser\/\">OROLOGIO LASER<\/a> (per i problemi cardiovascolari. per favorire la circolazione sanguigna). L'orologio LASER WATCH \u00e8 il dispositivo terapeutico necessario a questo scopo.<\/h4><p>Il <a href=\"https:\/\/innova-swiss.com\/it\/product\/orologio-laser\/\">Orologio laser<\/a> \u00e8 un dispositivo innovativo 3 in 1 che aiuta a combattere i problemi cardiovascolari e utilizza i pi\u00f9 recenti risultati della ricerca nel campo della terapia laser a bassa energia. Combina agopuntura, terapia del dolore localizzato e irradiazione esterna del sangue. Il <a href=\"https:\/\/innova-swiss.com\/it\/product\/orologio-laser\/\">Orologio laser<\/a> sar\u00e0 il vostro compagno ideale, a casa, al lavoro o in viaggio.<\/p><\/div><\/div><\/div>\t\t\t\t\t\t\t\t<\/div>\n\t\t\t\t<\/div>\n\t\t\t\t\t<\/div>\n\t\t<\/div>\n\t\t\t\t\t<\/div>\n\t\t<\/section>\n\t\t<div class=\"elementor-element elementor-element-57297be e-flex e-con-boxed e-con e-parent\" data-id=\"57297be\" data-element_type=\"container\" data-e-type=\"container\">\n\t\t\t\t\t<div class=\"e-con-inner\">\n\t\t\t\t<div class=\"elementor-element elementor-element-22142ef elementor-widget elementor-widget-video\" data-id=\"22142ef\" data-element_type=\"widget\" data-e-type=\"widget\" data-settings=\"{&quot;video_type&quot;:&quot;hosted&quot;,&quot;controls&quot;:&quot;yes&quot;}\" data-widget_type=\"video.default\">\n\t\t\t\t<div class=\"elementor-widget-container\">\n\t\t\t\t\t\t\t<div class=\"e-hosted-video elementor-wrapper elementor-open-inline\">\n\t\t\t\t\t<video class=\"elementor-video\" src=\"https:\/\/innova-swiss.com\/wp-content\/uploads\/GNP_Verwendung_Oel.mp4\" controls=\"\" preload=\"metadata\" controlslist=\"nodownload\"><\/video>\n\t\t\t\t<\/div>\n\t\t\t\t\t\t<\/div>\n\t\t\t\t<\/div>\n\t\t\t\t<div class=\"elementor-element elementor-element-cc0428f elementor-widget elementor-widget-video\" data-id=\"cc0428f\" data-element_type=\"widget\" data-e-type=\"widget\" data-settings=\"{&quot;video_type&quot;:&quot;hosted&quot;,&quot;controls&quot;:&quot;yes&quot;}\" data-widget_type=\"video.default\">\n\t\t\t\t<div class=\"elementor-widget-container\">\n\t\t\t\t\t\t\t<div class=\"e-hosted-video elementor-wrapper elementor-open-inline\">\n\t\t\t\t\t<video class=\"elementor-video\" src=\"https:\/\/innova-swiss.com\/wp-content\/uploads\/GNP_Sprachen.mp4\" controls=\"\" preload=\"metadata\" controlslist=\"nodownload\"><\/video>\n\t\t\t\t<\/div>\n\t\t\t\t\t\t<\/div>\n\t\t\t\t<\/div>\n\t\t\t\t<div class=\"elementor-element elementor-element-d19ae8c elementor-widget elementor-widget-video\" data-id=\"d19ae8c\" data-element_type=\"widget\" data-e-type=\"widget\" data-settings=\"{&quot;video_type&quot;:&quot;hosted&quot;,&quot;controls&quot;:&quot;yes&quot;}\" data-widget_type=\"video.default\">\n\t\t\t\t<div class=\"elementor-widget-container\">\n\t\t\t\t\t\t\t<div class=\"e-hosted-video elementor-wrapper elementor-open-inline\">\n\t\t\t\t\t<video class=\"elementor-video\" src=\"https:\/\/innova-swiss.com\/wp-content\/uploads\/GNP_Anwendung-Mikroskop.mp4\" controls=\"\" preload=\"metadata\" controlslist=\"nodownload\"><\/video>\n\t\t\t\t<\/div>\n\t\t\t\t\t\t<\/div>\n\t\t\t\t<\/div>\n\t\t\t\t\t<\/div>\n\t\t\t\t<\/div>\n\t\t\t\t<\/div>","protected":false},"excerpt":{"rendered":"<div class=\"proshorttxt\">\n<div class=\"proshorttxt\">\n<p><strong><span id=\"page72R_mcid8\" class=\"markedContent\"><span dir=\"ltr\" role=\"presentation\">OROLOGIO LASER<\/span><\/span> + <span id=\"page72R_mcid13\" class=\"markedContent\"><span dir=\"ltr\" role=\"presentation\">MICROSCOPIO CAPILLARE<\/span><\/span> <span id=\"page72R_mcid18\" class=\"markedContent\"><span dir=\"ltr\" role=\"presentation\">entrambi i dispositivi con effetto immediato:<\/span><\/span><span id=\"page72R_mcid19\" class=\"markedContent\"> <span dir=\"ltr\" role=\"presentation\">\u20ac 1.455,00<\/span><\/span><\/strong>. <strong><span id=\"page72R_mcid21\" class=\"markedContent\"><span dir=\"ltr\" role=\"presentation\">Sie sparen \u20ac 581,00<br \/>\n<\/span><\/span><\/strong><a href=\"https:\/\/innova-swiss.com\/it\/product\/pacchetto-speciale-combi-microscopio-capillare-orologio-laser\/\"><strong><span id=\"page72R_mcid21\" class=\"markedContent\"><span dir=\"ltr\" role=\"presentation\"><span id=\"page72R_mcid30\" class=\"markedContent\">... questa offerta speciale \u00e8 unica: coglietela al volo!<\/span><\/span><\/span><\/strong><\/a><\/p>\n<p>&nbsp;<\/p>\n<p><strong>Opzione di controllo:<\/strong> \u00c8 possibile utilizzare il test del dito dopo ogni terapia Laser-Watch per verificare se e come il flusso sanguigno nei capillari \u00e8 migliorato.<b><\/b><\/p>\n<div class=\"fusion-layout-column fusion_builder_column fusion-builder-column-9 fusion-flex-column fusion-flex-align-self-center\">\n<div class=\"fusion-column-wrapper fusion-column-has-shadow fusion-flex-justify-content-flex-start fusion-content-layout-column\">\n<div class=\"fusion-text fusion-text-5\">\n<p><strong>Tempi di consegna: prontamente disponibili!<\/strong> Gli ordini effettuati prima delle 10.00 saranno spediti il giorno stesso con DPD!<br \/>\nRipartizione dei costi di affrancatura dal 1\u00b0 febbraio 2025<\/p>\n<ul>\n<li>Consegna in Austria: spese di spedizione \u20ac 15,50<\/li>\n<li>Consegna in tutti i paesi dell'UE dal magazzino centrale\/Austria: spese di spedizione \u20ac 19,50<\/li>\n<li>Consegna in Svizzera: spese di spedizione gratuite dal nuovo magazzino svizzero\/CH-8585 Langrickenbach: spese di spedizione \u20ac 15.50<\/li>\n<\/ul>\n<\/div>\n<\/div>\n<\/div>\n<\/div>\n<\/div>","protected":false},"featured_media":23820,"comment_status":"closed","ping_status":"closed","template":"","meta":[],"product_brand":[],"product_cat":[997,74],"product_tag":[],"class_list":{"0":"post-7803","1":"product","2":"type-product","3":"status-publish","4":"has-post-thumbnail","6":"product_cat-durchblutungsstoerungen","7":"product_cat-medizinische-geraete","8":"product_shipping_class-bqas-und-kap-mikro","10":"first","11":"instock","12":"taxable","13":"shipping-taxable","14":"purchasable","15":"product-type-simple"},"_links":{"self":[{"href":"https:\/\/innova-swiss.com\/it\/wp-json\/wp\/v2\/product\/7803","targetHints":{"allow":["GET"]}}],"collection":[{"href":"https:\/\/innova-swiss.com\/it\/wp-json\/wp\/v2\/product"}],"about":[{"href":"https:\/\/innova-swiss.com\/it\/wp-json\/wp\/v2\/types\/product"}],"replies":[{"embeddable":true,"href":"https:\/\/innova-swiss.com\/it\/wp-json\/wp\/v2\/comments?post=7803"}],"version-history":[{"count":15,"href":"https:\/\/innova-swiss.com\/it\/wp-json\/wp\/v2\/product\/7803\/revisions"}],"predecessor-version":[{"id":24692,"href":"https:\/\/innova-swiss.com\/it\/wp-json\/wp\/v2\/product\/7803\/revisions\/24692"}],"wp:featuredmedia":[{"embeddable":true,"href":"https:\/\/innova-swiss.com\/it\/wp-json\/wp\/v2\/media\/23820"}],"wp:attachment":[{"href":"https:\/\/innova-swiss.com\/it\/wp-json\/wp\/v2\/media?parent=7803"}],"wp:term":[{"taxonomy":"product_brand","embeddable":true,"href":"https:\/\/innova-swiss.com\/it\/wp-json\/wp\/v2\/product_brand?post=7803"},{"taxonomy":"product_cat","embeddable":true,"href":"https:\/\/innova-swiss.com\/it\/wp-json\/wp\/v2\/product_cat?post=7803"},{"taxonomy":"product_tag","embeddable":true,"href":"https:\/\/innova-swiss.com\/it\/wp-json\/wp\/v2\/product_tag?post=7803"}],"curies":[{"name":"wp","href":"https:\/\/api.w.org\/{rel}","templated":true}]}}